{"id":435,"date":"2020-05-22T17:34:54","date_gmt":"2020-05-22T15:34:54","guid":{"rendered":"https:\/\/interfast.rs\/?page_id=435"},"modified":"2020-07-28T11:46:51","modified_gmt":"2020-07-28T09:46:51","slug":"electrical-works-in-construction","status":"publish","type":"page","link":"https:\/\/interfast.rs\/en\/activities\/electrical-works-in-construction\/","title":{"rendered":"Electrical works in construction"},"content":{"rendered":"<p>[vc_row css=&#8221;.vc_custom_1586288924095{margin-top: 50px !important;}&#8221;][vc_column offset=&#8221;vc_col-lg-3\/5 vc_col-md-3\/5&#8243;][vc_column_text]<\/p>\n<blockquote>\n<p style=\"text-align: center;\">&#8220;Interfast&#8221; does procurement, supply, installation, connection and commissioning of the <strong>complete electrical equipment and installations of high and low voltage<\/strong>:<\/p>\n<\/blockquote>\n<p>[\/vc_column_text][vc_row_inner][vc_column_inner width=&#8221;1\/2&#8243;][vc_column_text]<\/p>\n<ul>\n<li style=\"list-style-type: none;\">\n<ul>\n<li>Power substation<\/li>\n<li>Distribution cabinets<\/li>\n<li>Power and Consumer Lines<\/li>\n<li>Aggregates<\/li>\n<li>Uninterruptible power supplies<\/li>\n<li>Lighting<\/li>\n<li>Hanging material and electrical accessories<\/li>\n<li>Structured cable network installations<\/li>\n<li>Radio and TV installations<\/li>\n<li>Phone installations<\/li>\n<li>Central monitoring and management systems<\/li>\n<\/ul>\n<\/li>\n<\/ul>\n<p>[\/vc_column_text][\/vc_column_inner][vc_column_inner width=&#8221;1\/2&#8243;][vc_column_text]<\/p>\n<ul>\n<li style=\"list-style-type: none;\">\n<ul>\n<li>Smart home systems<\/li>\n<li>Video surveillance systems<\/li>\n<li>Sound systems<\/li>\n<li>Anti-theft systems<\/li>\n<li>Access control systems<\/li>\n<li>Fire protection systems<\/li>\n<li>Alarm systems<\/li>\n<li>Classic and video intercoms<\/li>\n<li>Safety lighting<\/li>\n<li>Electric motor drive<\/li>\n<li>Lightning protection installations<\/li>\n<li>Other power components<\/li>\n<\/ul>\n<\/li>\n<\/ul>\n<p>[\/vc_column_text][\/vc_column_inner][\/vc_row_inner][\/vc_column][\/vc_row][vc_row][vc_column offset=&#8221;vc_col-lg-3\/5 vc_col-md-3\/5&#8243;][vc_column_text]<\/p>\n<blockquote>\n<p style=\"text-align: center;\">Our engineers are <strong>licensed contractors<\/strong> of low and medium voltage electrical power installations and telecommunications networks and systems, which among other things include the carrying out of:<\/p>\n<\/blockquote>\n<p>[\/vc_column_text][vc_row_inner][vc_column_inner width=&#8221;1\/2&#8243;][vc_column_text]<\/p>\n<ul>\n<li style=\"list-style-type: none;\">\n<ul>\n<li>Electrical installations of alternating voltage up to 1000 V and direct voltage up to 1500 V in buildings and civil engineering<\/li>\n<li>Indoor and outdoor lighting<\/li>\n<li>Lightning and surge installations at all facilities<\/li>\n<li>Gas detection and fire alarm system<\/li>\n<li>Electrical control installations and electric motor drive<\/li>\n<li>Telecommunication networks and systems<\/li>\n<\/ul>\n<\/li>\n<\/ul>\n<p>[\/vc_column_text][\/vc_column_inner][vc_column_inner width=&#8221;1\/2&#8243;][vc_column_text]<\/p>\n<ul>\n<li style=\"list-style-type: none;\">\n<ul>\n<li>Installation for distribution of radio and TV programs<\/li>\n<li>Telephone and computer installations and networks<\/li>\n<li>Structured cabling for residential and commercial buildings<\/li>\n<li>Intercom and video intercom systems and video surveillance<\/li>\n<li>Systems for technical security of the facilities, records and access control for residential and commercial buildings<\/li>\n<\/ul>\n<\/li>\n<\/ul>\n<p>[\/vc_column_text][\/vc_column_inner][\/vc_row_inner][\/vc_column][\/vc_row]<\/p>\n","protected":false},"excerpt":{"rendered":"<p>[vc_row css=&#8221;.vc_custom_1586288924095{margin-top: 50px !important;}&#8221;][vc_column offset=&#8221;vc_col-lg-3\/5 vc_col-md-3\/5&#8243;][vc_column_text] &#8220;Interfast&#8221; does procurement, supply, installation, connection and commissioning of the complete electrical equipment and installations of high and low voltage: [\/vc_column_text][vc_row_inner][vc_column_inner width=&#8221;1\/2&#8243;][vc_column_text] Power substation Distribution cabinets Power and Consumer Lines Aggregates Uninterruptible power supplies Lighting Hanging material and electrical accessories Structured cable network installations Radio and TV installations Phone [&hellip;]<\/p>\n","protected":false},"author":1,"featured_media":0,"parent":863,"menu_order":10,"comment_status":"closed","ping_status":"closed","template":"","meta":{"footnotes":""},"class_list":["post-435","page","type-page","status-publish","hentry"],"yoast_head":"<!-- This site is optimized with the Yoast SEO plugin v27.2 - https:\/\/yoast.com\/product\/yoast-seo-wordpress\/ -->\n<title>Electrical works in construction - Interfast d.o.o.<\/title>\n<meta name=\"robots\" content=\"index, follow, max-snippet:-1, max-image-preview:large, max-video-preview:-1\" \/>\n<link rel=\"canonical\" href=\"https:\/\/interfast.rs\/en\/activities\/electrical-works-in-construction\/\" \/>\n<meta property=\"og:locale\" content=\"en_US\" \/>\n<meta property=\"og:type\" content=\"article\" \/>\n<meta property=\"og:title\" content=\"Electrical works in construction - Interfast d.o.o.\" \/>\n<meta property=\"og:description\" content=\"[vc_row css=&#8221;.vc_custom_1586288924095{margin-top: 50px !important;}&#8221;][vc_column offset=&#8221;vc_col-lg-3\/5 vc_col-md-3\/5&#8243;][vc_column_text] &#8220;Interfast&#8221; does procurement, supply, installation, connection and commissioning of the complete electrical equipment and installations of high and low voltage: [\/vc_column_text][vc_row_inner][vc_column_inner width=&#8221;1\/2&#8243;][vc_column_text] Power substation Distribution cabinets Power and Consumer Lines Aggregates Uninterruptible power supplies Lighting Hanging material and electrical accessories Structured cable network installations Radio and TV installations Phone [&hellip;]\" \/>\n<meta property=\"og:url\" content=\"https:\/\/interfast.rs\/en\/activities\/electrical-works-in-construction\/\" \/>\n<meta property=\"og:site_name\" content=\"Interfast d.o.o.\" \/>\n<meta property=\"article:modified_time\" content=\"2020-07-28T09:46:51+00:00\" \/>\n<meta name=\"twitter:card\" content=\"summary_large_image\" \/>\n<meta name=\"twitter:label1\" content=\"Est. reading time\" \/>\n\t<meta name=\"twitter:data1\" content=\"2 minutes\" \/>\n<script type=\"application\/ld+json\" class=\"yoast-schema-graph\">{\"@context\":\"https:\/\/schema.org\",\"@graph\":[{\"@type\":\"WebPage\",\"@id\":\"https:\/\/interfast.rs\/en\/activities\/electrical-works-in-construction\/\",\"url\":\"https:\/\/interfast.rs\/en\/activities\/electrical-works-in-construction\/\",\"name\":\"Electrical works in construction - Interfast d.o.o.\",\"isPartOf\":{\"@id\":\"https:\/\/interfast.rs\/#website\"},\"datePublished\":\"2020-05-22T15:34:54+00:00\",\"dateModified\":\"2020-07-28T09:46:51+00:00\",\"breadcrumb\":{\"@id\":\"https:\/\/interfast.rs\/en\/activities\/electrical-works-in-construction\/#breadcrumb\"},\"inLanguage\":\"en-US\",\"potentialAction\":[{\"@type\":\"ReadAction\",\"target\":[\"https:\/\/interfast.rs\/en\/activities\/electrical-works-in-construction\/\"]}]},{\"@type\":\"BreadcrumbList\",\"@id\":\"https:\/\/interfast.rs\/en\/activities\/electrical-works-in-construction\/#breadcrumb\",\"itemListElement\":[{\"@type\":\"ListItem\",\"position\":1,\"name\":\"Home\",\"item\":\"https:\/\/interfast.rs\/en\/home\/\"},{\"@type\":\"ListItem\",\"position\":2,\"name\":\"Activities\",\"item\":\"https:\/\/interfast.rs\/en\/activities\/\"},{\"@type\":\"ListItem\",\"position\":3,\"name\":\"Electrical works in construction\"}]},{\"@type\":\"WebSite\",\"@id\":\"https:\/\/interfast.rs\/#website\",\"url\":\"https:\/\/interfast.rs\/\",\"name\":\"Interfast d.o.o.\",\"description\":\"Projektovanje i izvo\u0111enje elektroradova u gra\u0111evinarstvu i gra\u0111evinskim radovima\",\"potentialAction\":[{\"@type\":\"SearchAction\",\"target\":{\"@type\":\"EntryPoint\",\"urlTemplate\":\"https:\/\/interfast.rs\/?s={search_term_string}\"},\"query-input\":{\"@type\":\"PropertyValueSpecification\",\"valueRequired\":true,\"valueName\":\"search_term_string\"}}],\"inLanguage\":\"en-US\"}]}<\/script>\n<!-- \/ Yoast SEO plugin. -->","yoast_head_json":{"title":"Electrical works in construction - Interfast d.o.o.","robots":{"index":"index","follow":"follow","max-snippet":"max-snippet:-1","max-image-preview":"max-image-preview:large","max-video-preview":"max-video-preview:-1"},"canonical":"https:\/\/interfast.rs\/en\/activities\/electrical-works-in-construction\/","og_locale":"en_US","og_type":"article","og_title":"Electrical works in construction - Interfast d.o.o.","og_description":"[vc_row css=&#8221;.vc_custom_1586288924095{margin-top: 50px !important;}&#8221;][vc_column offset=&#8221;vc_col-lg-3\/5 vc_col-md-3\/5&#8243;][vc_column_text] &#8220;Interfast&#8221; does procurement, supply, installation, connection and commissioning of the complete electrical equipment and installations of high and low voltage: [\/vc_column_text][vc_row_inner][vc_column_inner width=&#8221;1\/2&#8243;][vc_column_text] Power substation Distribution cabinets Power and Consumer Lines Aggregates Uninterruptible power supplies Lighting Hanging material and electrical accessories Structured cable network installations Radio and TV installations Phone [&hellip;]","og_url":"https:\/\/interfast.rs\/en\/activities\/electrical-works-in-construction\/","og_site_name":"Interfast d.o.o.","article_modified_time":"2020-07-28T09:46:51+00:00","twitter_card":"summary_large_image","twitter_misc":{"Est. reading time":"2 minutes"},"schema":{"@context":"https:\/\/schema.org","@graph":[{"@type":"WebPage","@id":"https:\/\/interfast.rs\/en\/activities\/electrical-works-in-construction\/","url":"https:\/\/interfast.rs\/en\/activities\/electrical-works-in-construction\/","name":"Electrical works in construction - Interfast d.o.o.","isPartOf":{"@id":"https:\/\/interfast.rs\/#website"},"datePublished":"2020-05-22T15:34:54+00:00","dateModified":"2020-07-28T09:46:51+00:00","breadcrumb":{"@id":"https:\/\/interfast.rs\/en\/activities\/electrical-works-in-construction\/#breadcrumb"},"inLanguage":"en-US","potentialAction":[{"@type":"ReadAction","target":["https:\/\/interfast.rs\/en\/activities\/electrical-works-in-construction\/"]}]},{"@type":"BreadcrumbList","@id":"https:\/\/interfast.rs\/en\/activities\/electrical-works-in-construction\/#breadcrumb","itemListElement":[{"@type":"ListItem","position":1,"name":"Home","item":"https:\/\/interfast.rs\/en\/home\/"},{"@type":"ListItem","position":2,"name":"Activities","item":"https:\/\/interfast.rs\/en\/activities\/"},{"@type":"ListItem","position":3,"name":"Electrical works in construction"}]},{"@type":"WebSite","@id":"https:\/\/interfast.rs\/#website","url":"https:\/\/interfast.rs\/","name":"Interfast d.o.o.","description":"Projektovanje i izvo\u0111enje elektroradova u gra\u0111evinarstvu i gra\u0111evinskim radovima","potentialAction":[{"@type":"SearchAction","target":{"@type":"EntryPoint","urlTemplate":"https:\/\/interfast.rs\/?s={search_term_string}"},"query-input":{"@type":"PropertyValueSpecification","valueRequired":true,"valueName":"search_term_string"}}],"inLanguage":"en-US"}]}},"_links":{"self":[{"href":"https:\/\/interfast.rs\/en\/wp-json\/wp\/v2\/pages\/435","targetHints":{"allow":["GET"]}}],"collection":[{"href":"https:\/\/interfast.rs\/en\/wp-json\/wp\/v2\/pages"}],"about":[{"href":"https:\/\/interfast.rs\/en\/wp-json\/wp\/v2\/types\/page"}],"author":[{"embeddable":true,"href":"https:\/\/interfast.rs\/en\/wp-json\/wp\/v2\/users\/1"}],"replies":[{"embeddable":true,"href":"https:\/\/interfast.rs\/en\/wp-json\/wp\/v2\/comments?post=435"}],"version-history":[{"count":1,"href":"https:\/\/interfast.rs\/en\/wp-json\/wp\/v2\/pages\/435\/revisions"}],"predecessor-version":[{"id":1569,"href":"https:\/\/interfast.rs\/en\/wp-json\/wp\/v2\/pages\/435\/revisions\/1569"}],"up":[{"embeddable":true,"href":"https:\/\/interfast.rs\/en\/wp-json\/wp\/v2\/pages\/863"}],"wp:attachment":[{"href":"https:\/\/interfast.rs\/en\/wp-json\/wp\/v2\/media?parent=435"}],"curies":[{"name":"wp","href":"https:\/\/api.w.org\/{rel}","templated":true}]}}