{"id":439,"date":"2020-05-22T21:39:45","date_gmt":"2020-05-22T19:39:45","guid":{"rendered":"https:\/\/interfast.rs\/?page_id=439"},"modified":"2020-05-22T21:39:45","modified_gmt":"2020-05-22T19:39:45","slug":"engineering","status":"publish","type":"page","link":"https:\/\/interfast.rs\/en\/activities\/engineering\/","title":{"rendered":"Engineering"},"content":{"rendered":"<p>[vc_row][vc_column offset=&#8221;vc_col-lg-3\/5 vc_col-md-3\/5&#8243;][vc_column_text]<\/p>\n<blockquote>\n<p style=\"text-align: center;\">&#8220;Interfast&#8221;\u2019s team of licensed engineers provides <strong>engineering and consulting services for projects<\/strong> in the field of electrical works in construction, at all business stages &#8211; from the initial projects sketches to technical reception of the facilities.<\/p>\n<\/blockquote>\n<p>[\/vc_column_text][vc_column_text]Construction engineering and consulting services include:<\/p>\n<ul>\n<li>Preparation of tender documents and feasibility study for auctions<\/li>\n<li>Assessment and cost planning and the dynamics of electrical works in construction<\/li>\n<li>Designing of high and low voltage electrical installations for residential, commercial and industrial buildings<\/li>\n<li>Supervision of electrical works execution<\/li>\n<li>Consulting services for investors at all stages of project implementation<\/li>\n<li>Technical control of project documentation and control changes in the project<\/li>\n<li>Customization of foreign design and technical documentation to local regulations<\/li>\n<li>Collection of legal and technical documentation<\/li>\n<li>Consulting in the field of legal and technical regulations<\/li>\n<\/ul>\n<p>[\/vc_column_text][\/vc_column][\/vc_row]<\/p>\n","protected":false},"excerpt":{"rendered":"<p>[vc_row][vc_column offset=&#8221;vc_col-lg-3\/5 vc_col-md-3\/5&#8243;][vc_column_text] &#8220;Interfast&#8221;\u2019s team of licensed engineers provides engineering and consulting services for projects in the field of electrical works in construction, at all business stages &#8211; from the initial projects sketches to technical reception of the facilities. [\/vc_column_text][vc_column_text]Construction engineering and consulting services include: Preparation of tender documents and feasibility study for auctions Assessment [&hellip;]<\/p>\n","protected":false},"author":1,"featured_media":0,"parent":863,"menu_order":10,"comment_status":"closed","ping_status":"closed","template":"","meta":{"footnotes":""},"class_list":["post-439","page","type-page","status-publish","hentry"],"yoast_head":"<!-- This site is optimized with the Yoast SEO plugin v27.2 - https:\/\/yoast.com\/product\/yoast-seo-wordpress\/ -->\n<title>Engineering - Interfast d.o.o.<\/title>\n<meta name=\"robots\" content=\"index, follow, max-snippet:-1, max-image-preview:large, max-video-preview:-1\" \/>\n<link rel=\"canonical\" href=\"https:\/\/interfast.rs\/en\/activities\/engineering\/\" \/>\n<meta property=\"og:locale\" content=\"en_US\" \/>\n<meta property=\"og:type\" content=\"article\" \/>\n<meta property=\"og:title\" content=\"Engineering - Interfast d.o.o.\" \/>\n<meta property=\"og:description\" content=\"[vc_row][vc_column offset=&#8221;vc_col-lg-3\/5 vc_col-md-3\/5&#8243;][vc_column_text] &#8220;Interfast&#8221;\u2019s team of licensed engineers provides engineering and consulting services for projects in the field of electrical works in construction, at all business stages &#8211; from the initial projects sketches to technical reception of the facilities. [\/vc_column_text][vc_column_text]Construction engineering and consulting services include: Preparation of tender documents and feasibility study for auctions Assessment [&hellip;]\" \/>\n<meta property=\"og:url\" content=\"https:\/\/interfast.rs\/en\/activities\/engineering\/\" \/>\n<meta property=\"og:site_name\" content=\"Interfast d.o.o.\" \/>\n<meta name=\"twitter:card\" content=\"summary_large_image\" \/>\n<meta name=\"twitter:label1\" content=\"Est. reading time\" \/>\n\t<meta name=\"twitter:data1\" content=\"1 minute\" \/>\n<script type=\"application\/ld+json\" class=\"yoast-schema-graph\">{\"@context\":\"https:\/\/schema.org\",\"@graph\":[{\"@type\":\"WebPage\",\"@id\":\"https:\/\/interfast.rs\/en\/activities\/engineering\/\",\"url\":\"https:\/\/interfast.rs\/en\/activities\/engineering\/\",\"name\":\"Engineering - Interfast d.o.o.\",\"isPartOf\":{\"@id\":\"https:\/\/interfast.rs\/#website\"},\"datePublished\":\"2020-05-22T19:39:45+00:00\",\"breadcrumb\":{\"@id\":\"https:\/\/interfast.rs\/en\/activities\/engineering\/#breadcrumb\"},\"inLanguage\":\"en-US\",\"potentialAction\":[{\"@type\":\"ReadAction\",\"target\":[\"https:\/\/interfast.rs\/en\/activities\/engineering\/\"]}]},{\"@type\":\"BreadcrumbList\",\"@id\":\"https:\/\/interfast.rs\/en\/activities\/engineering\/#breadcrumb\",\"itemListElement\":[{\"@type\":\"ListItem\",\"position\":1,\"name\":\"Home\",\"item\":\"https:\/\/interfast.rs\/en\/home\/\"},{\"@type\":\"ListItem\",\"position\":2,\"name\":\"Activities\",\"item\":\"https:\/\/interfast.rs\/en\/activities\/\"},{\"@type\":\"ListItem\",\"position\":3,\"name\":\"Engineering\"}]},{\"@type\":\"WebSite\",\"@id\":\"https:\/\/interfast.rs\/#website\",\"url\":\"https:\/\/interfast.rs\/\",\"name\":\"Interfast d.o.o.\",\"description\":\"Projektovanje i izvo\u0111enje elektroradova u gra\u0111evinarstvu i gra\u0111evinskim radovima\",\"potentialAction\":[{\"@type\":\"SearchAction\",\"target\":{\"@type\":\"EntryPoint\",\"urlTemplate\":\"https:\/\/interfast.rs\/?s={search_term_string}\"},\"query-input\":{\"@type\":\"PropertyValueSpecification\",\"valueRequired\":true,\"valueName\":\"search_term_string\"}}],\"inLanguage\":\"en-US\"}]}<\/script>\n<!-- \/ Yoast SEO plugin. -->","yoast_head_json":{"title":"Engineering - Interfast d.o.o.","robots":{"index":"index","follow":"follow","max-snippet":"max-snippet:-1","max-image-preview":"max-image-preview:large","max-video-preview":"max-video-preview:-1"},"canonical":"https:\/\/interfast.rs\/en\/activities\/engineering\/","og_locale":"en_US","og_type":"article","og_title":"Engineering - Interfast d.o.o.","og_description":"[vc_row][vc_column offset=&#8221;vc_col-lg-3\/5 vc_col-md-3\/5&#8243;][vc_column_text] &#8220;Interfast&#8221;\u2019s team of licensed engineers provides engineering and consulting services for projects in the field of electrical works in construction, at all business stages &#8211; from the initial projects sketches to technical reception of the facilities. [\/vc_column_text][vc_column_text]Construction engineering and consulting services include: Preparation of tender documents and feasibility study for auctions Assessment [&hellip;]","og_url":"https:\/\/interfast.rs\/en\/activities\/engineering\/","og_site_name":"Interfast d.o.o.","twitter_card":"summary_large_image","twitter_misc":{"Est. reading time":"1 minute"},"schema":{"@context":"https:\/\/schema.org","@graph":[{"@type":"WebPage","@id":"https:\/\/interfast.rs\/en\/activities\/engineering\/","url":"https:\/\/interfast.rs\/en\/activities\/engineering\/","name":"Engineering - Interfast d.o.o.","isPartOf":{"@id":"https:\/\/interfast.rs\/#website"},"datePublished":"2020-05-22T19:39:45+00:00","breadcrumb":{"@id":"https:\/\/interfast.rs\/en\/activities\/engineering\/#breadcrumb"},"inLanguage":"en-US","potentialAction":[{"@type":"ReadAction","target":["https:\/\/interfast.rs\/en\/activities\/engineering\/"]}]},{"@type":"BreadcrumbList","@id":"https:\/\/interfast.rs\/en\/activities\/engineering\/#breadcrumb","itemListElement":[{"@type":"ListItem","position":1,"name":"Home","item":"https:\/\/interfast.rs\/en\/home\/"},{"@type":"ListItem","position":2,"name":"Activities","item":"https:\/\/interfast.rs\/en\/activities\/"},{"@type":"ListItem","position":3,"name":"Engineering"}]},{"@type":"WebSite","@id":"https:\/\/interfast.rs\/#website","url":"https:\/\/interfast.rs\/","name":"Interfast d.o.o.","description":"Projektovanje i izvo\u0111enje elektroradova u gra\u0111evinarstvu i gra\u0111evinskim radovima","potentialAction":[{"@type":"SearchAction","target":{"@type":"EntryPoint","urlTemplate":"https:\/\/interfast.rs\/?s={search_term_string}"},"query-input":{"@type":"PropertyValueSpecification","valueRequired":true,"valueName":"search_term_string"}}],"inLanguage":"en-US"}]}},"_links":{"self":[{"href":"https:\/\/interfast.rs\/en\/wp-json\/wp\/v2\/pages\/439","targetHints":{"allow":["GET"]}}],"collection":[{"href":"https:\/\/interfast.rs\/en\/wp-json\/wp\/v2\/pages"}],"about":[{"href":"https:\/\/interfast.rs\/en\/wp-json\/wp\/v2\/types\/page"}],"author":[{"embeddable":true,"href":"https:\/\/interfast.rs\/en\/wp-json\/wp\/v2\/users\/1"}],"replies":[{"embeddable":true,"href":"https:\/\/interfast.rs\/en\/wp-json\/wp\/v2\/comments?post=439"}],"version-history":[{"count":0,"href":"https:\/\/interfast.rs\/en\/wp-json\/wp\/v2\/pages\/439\/revisions"}],"up":[{"embeddable":true,"href":"https:\/\/interfast.rs\/en\/wp-json\/wp\/v2\/pages\/863"}],"wp:attachment":[{"href":"https:\/\/interfast.rs\/en\/wp-json\/wp\/v2\/media?parent=439"}],"curies":[{"name":"wp","href":"https:\/\/api.w.org\/{rel}","templated":true}]}}