{"id":442,"date":"2020-05-22T17:38:02","date_gmt":"2020-05-22T15:38:02","guid":{"rendered":"https:\/\/interfast.rs\/?page_id=442"},"modified":"2020-07-28T12:46:29","modified_gmt":"2020-07-28T10:46:29","slug":"design-of-electrical-installations","status":"publish","type":"page","link":"https:\/\/interfast.rs\/en\/activities\/design-of-electrical-installations\/","title":{"rendered":"Design of electrical installations"},"content":{"rendered":"<p>[vc_row][vc_column offset=&#8221;vc_col-lg-3\/5 vc_col-md-3\/5&#8243;][vc_column_text]<\/p>\n<blockquote>\n<p style=\"text-align: center;\"><strong>Preparation of project and technical documentation<\/strong> for high and low voltage electrical installations includes:<\/p>\n<\/blockquote>\n<p>[\/vc_column_text][vc_column_text]<\/p>\n<ul>\n<li>Development of the main electrical installation project<\/li>\n<li>Technical control and review of project documentation<\/li>\n<li>Project supervision over the performance of buildings<\/li>\n<li>Creation of the built facility project<\/li>\n<\/ul>\n<p>[\/vc_column_text][vc_column_text]<\/p>\n<blockquote>\n<p style=\"text-align: center;\">Our engineers are <strong>licensed designers<\/strong> of low and medium voltage electrical power installations and telecommunication networks and systems, which among other things include the project development of:<\/p>\n<\/blockquote>\n<p>[\/vc_column_text][vc_row_inner][vc_column_inner width=&#8221;1\/2&#8243;][vc_column_text]<\/p>\n<ul>\n<li>Electrical distribution and low voltage equipment in objects of all types of high-rise buildings and civil engineering<\/li>\n<li>Electrical installation of indoor and outdoor spaces lighting<\/li>\n<li>Installations for atmospheric discharge protection<\/li>\n<li>Electrical installations in industrial facilities<\/li>\n<li>Electrical installations of supervision and control of electric drive<\/li>\n<li>Telecommunication networks and systems<\/li>\n<\/ul>\n<p>[\/vc_column_text][\/vc_column_inner][vc_column_inner width=&#8221;1\/2&#8243;][vc_column_text]<\/p>\n<ul>\n<li>Low voltage overhead and cable networks, systems and parts of transformer stations<\/li>\n<li>Primary and secondary cable network<\/li>\n<li>Telephone and computer installations and networks<\/li>\n<li>Structured cabling for homes and businesses<\/li>\n<li>Intercom and video-intercom systems and video surveillance<\/li>\n<li>Systems for gas detection and fire alarm systems, technical security of the facilities, track and control access<\/li>\n<li>Electric drive management<\/li>\n<\/ul>\n<p>[\/vc_column_text][\/vc_column_inner][\/vc_row_inner][\/vc_column][\/vc_row]<\/p>\n","protected":false},"excerpt":{"rendered":"<p>[vc_row][vc_column offset=&#8221;vc_col-lg-3\/5 vc_col-md-3\/5&#8243;][vc_column_text] Preparation of project and technical documentation for high and low voltage electrical installations includes: [\/vc_column_text][vc_column_text] Development of the main electrical installation project Technical control and review of project documentation Project supervision over the performance of buildings Creation of the built facility project [\/vc_column_text][vc_column_text] Our engineers are licensed designers of low and medium [&hellip;]<\/p>\n","protected":false},"author":1,"featured_media":0,"parent":863,"menu_order":20,"comment_status":"closed","ping_status":"closed","template":"","meta":{"footnotes":""},"class_list":["post-442","page","type-page","status-publish","hentry"],"yoast_head":"<!-- This site is optimized with the Yoast SEO plugin v27.2 - https:\/\/yoast.com\/product\/yoast-seo-wordpress\/ -->\n<title>Design of electrical installations - Interfast d.o.o.<\/title>\n<meta name=\"robots\" content=\"index, follow, max-snippet:-1, max-image-preview:large, max-video-preview:-1\" \/>\n<link rel=\"canonical\" href=\"https:\/\/interfast.rs\/en\/activities\/design-of-electrical-installations\/\" \/>\n<meta property=\"og:locale\" content=\"en_US\" \/>\n<meta property=\"og:type\" content=\"article\" \/>\n<meta property=\"og:title\" content=\"Design of electrical installations - Interfast d.o.o.\" \/>\n<meta property=\"og:description\" content=\"[vc_row][vc_column offset=&#8221;vc_col-lg-3\/5 vc_col-md-3\/5&#8243;][vc_column_text] Preparation of project and technical documentation for high and low voltage electrical installations includes: [\/vc_column_text][vc_column_text] Development of the main electrical installation project Technical control and review of project documentation Project supervision over the performance of buildings Creation of the built facility project [\/vc_column_text][vc_column_text] Our engineers are licensed designers of low and medium [&hellip;]\" \/>\n<meta property=\"og:url\" content=\"https:\/\/interfast.rs\/en\/activities\/design-of-electrical-installations\/\" \/>\n<meta property=\"og:site_name\" content=\"Interfast d.o.o.\" \/>\n<meta property=\"article:modified_time\" content=\"2020-07-28T10:46:29+00:00\" \/>\n<meta name=\"twitter:card\" content=\"summary_large_image\" \/>\n<meta name=\"twitter:label1\" content=\"Est. reading time\" \/>\n\t<meta name=\"twitter:data1\" content=\"1 minute\" \/>\n<script type=\"application\/ld+json\" class=\"yoast-schema-graph\">{\"@context\":\"https:\/\/schema.org\",\"@graph\":[{\"@type\":\"WebPage\",\"@id\":\"https:\/\/interfast.rs\/en\/activities\/design-of-electrical-installations\/\",\"url\":\"https:\/\/interfast.rs\/en\/activities\/design-of-electrical-installations\/\",\"name\":\"Design of electrical installations - Interfast d.o.o.\",\"isPartOf\":{\"@id\":\"https:\/\/interfast.rs\/#website\"},\"datePublished\":\"2020-05-22T15:38:02+00:00\",\"dateModified\":\"2020-07-28T10:46:29+00:00\",\"breadcrumb\":{\"@id\":\"https:\/\/interfast.rs\/en\/activities\/design-of-electrical-installations\/#breadcrumb\"},\"inLanguage\":\"en-US\",\"potentialAction\":[{\"@type\":\"ReadAction\",\"target\":[\"https:\/\/interfast.rs\/en\/activities\/design-of-electrical-installations\/\"]}]},{\"@type\":\"BreadcrumbList\",\"@id\":\"https:\/\/interfast.rs\/en\/activities\/design-of-electrical-installations\/#breadcrumb\",\"itemListElement\":[{\"@type\":\"ListItem\",\"position\":1,\"name\":\"Home\",\"item\":\"https:\/\/interfast.rs\/en\/home\/\"},{\"@type\":\"ListItem\",\"position\":2,\"name\":\"Activities\",\"item\":\"https:\/\/interfast.rs\/en\/activities\/\"},{\"@type\":\"ListItem\",\"position\":3,\"name\":\"Design of electrical installations\"}]},{\"@type\":\"WebSite\",\"@id\":\"https:\/\/interfast.rs\/#website\",\"url\":\"https:\/\/interfast.rs\/\",\"name\":\"Interfast d.o.o.\",\"description\":\"Projektovanje i izvo\u0111enje elektroradova u gra\u0111evinarstvu i gra\u0111evinskim radovima\",\"potentialAction\":[{\"@type\":\"SearchAction\",\"target\":{\"@type\":\"EntryPoint\",\"urlTemplate\":\"https:\/\/interfast.rs\/?s={search_term_string}\"},\"query-input\":{\"@type\":\"PropertyValueSpecification\",\"valueRequired\":true,\"valueName\":\"search_term_string\"}}],\"inLanguage\":\"en-US\"}]}<\/script>\n<!-- \/ Yoast SEO plugin. -->","yoast_head_json":{"title":"Design of electrical installations - Interfast d.o.o.","robots":{"index":"index","follow":"follow","max-snippet":"max-snippet:-1","max-image-preview":"max-image-preview:large","max-video-preview":"max-video-preview:-1"},"canonical":"https:\/\/interfast.rs\/en\/activities\/design-of-electrical-installations\/","og_locale":"en_US","og_type":"article","og_title":"Design of electrical installations - Interfast d.o.o.","og_description":"[vc_row][vc_column offset=&#8221;vc_col-lg-3\/5 vc_col-md-3\/5&#8243;][vc_column_text] Preparation of project and technical documentation for high and low voltage electrical installations includes: [\/vc_column_text][vc_column_text] Development of the main electrical installation project Technical control and review of project documentation Project supervision over the performance of buildings Creation of the built facility project [\/vc_column_text][vc_column_text] Our engineers are licensed designers of low and medium [&hellip;]","og_url":"https:\/\/interfast.rs\/en\/activities\/design-of-electrical-installations\/","og_site_name":"Interfast d.o.o.","article_modified_time":"2020-07-28T10:46:29+00:00","twitter_card":"summary_large_image","twitter_misc":{"Est. reading time":"1 minute"},"schema":{"@context":"https:\/\/schema.org","@graph":[{"@type":"WebPage","@id":"https:\/\/interfast.rs\/en\/activities\/design-of-electrical-installations\/","url":"https:\/\/interfast.rs\/en\/activities\/design-of-electrical-installations\/","name":"Design of electrical installations - Interfast d.o.o.","isPartOf":{"@id":"https:\/\/interfast.rs\/#website"},"datePublished":"2020-05-22T15:38:02+00:00","dateModified":"2020-07-28T10:46:29+00:00","breadcrumb":{"@id":"https:\/\/interfast.rs\/en\/activities\/design-of-electrical-installations\/#breadcrumb"},"inLanguage":"en-US","potentialAction":[{"@type":"ReadAction","target":["https:\/\/interfast.rs\/en\/activities\/design-of-electrical-installations\/"]}]},{"@type":"BreadcrumbList","@id":"https:\/\/interfast.rs\/en\/activities\/design-of-electrical-installations\/#breadcrumb","itemListElement":[{"@type":"ListItem","position":1,"name":"Home","item":"https:\/\/interfast.rs\/en\/home\/"},{"@type":"ListItem","position":2,"name":"Activities","item":"https:\/\/interfast.rs\/en\/activities\/"},{"@type":"ListItem","position":3,"name":"Design of electrical installations"}]},{"@type":"WebSite","@id":"https:\/\/interfast.rs\/#website","url":"https:\/\/interfast.rs\/","name":"Interfast d.o.o.","description":"Projektovanje i izvo\u0111enje elektroradova u gra\u0111evinarstvu i gra\u0111evinskim radovima","potentialAction":[{"@type":"SearchAction","target":{"@type":"EntryPoint","urlTemplate":"https:\/\/interfast.rs\/?s={search_term_string}"},"query-input":{"@type":"PropertyValueSpecification","valueRequired":true,"valueName":"search_term_string"}}],"inLanguage":"en-US"}]}},"_links":{"self":[{"href":"https:\/\/interfast.rs\/en\/wp-json\/wp\/v2\/pages\/442","targetHints":{"allow":["GET"]}}],"collection":[{"href":"https:\/\/interfast.rs\/en\/wp-json\/wp\/v2\/pages"}],"about":[{"href":"https:\/\/interfast.rs\/en\/wp-json\/wp\/v2\/types\/page"}],"author":[{"embeddable":true,"href":"https:\/\/interfast.rs\/en\/wp-json\/wp\/v2\/users\/1"}],"replies":[{"embeddable":true,"href":"https:\/\/interfast.rs\/en\/wp-json\/wp\/v2\/comments?post=442"}],"version-history":[{"count":1,"href":"https:\/\/interfast.rs\/en\/wp-json\/wp\/v2\/pages\/442\/revisions"}],"predecessor-version":[{"id":1589,"href":"https:\/\/interfast.rs\/en\/wp-json\/wp\/v2\/pages\/442\/revisions\/1589"}],"up":[{"embeddable":true,"href":"https:\/\/interfast.rs\/en\/wp-json\/wp\/v2\/pages\/863"}],"wp:attachment":[{"href":"https:\/\/interfast.rs\/en\/wp-json\/wp\/v2\/media?parent=442"}],"curies":[{"name":"wp","href":"https:\/\/api.w.org\/{rel}","templated":true}]}}