{"id":447,"date":"2020-04-07T20:13:37","date_gmt":"2020-04-07T20:13:37","guid":{"rendered":"https:\/\/interfast.rs\/servis-elektroinstalacija-i-opreme\/"},"modified":"2020-07-28T12:10:03","modified_gmt":"2020-07-28T10:10:03","slug":"repair-of-electrical-installations-and-equipment","status":"publish","type":"page","link":"https:\/\/interfast.rs\/en\/activities\/repair-of-electrical-installations-and-equipment\/","title":{"rendered":"Repair of electrical installations and equipment"},"content":{"rendered":"<p>[vc_row][vc_column offset=&#8221;vc_col-lg-3\/5 vc_col-md-3\/5&#8243;][vc_column_text]<\/p>\n<blockquote>\n<p style=\"text-align: center;\">After the completion of electrical works &#8220;Interfast&#8221; also provides <strong>maintenance services and repair<\/strong> of electrical installations and equipment services in built facilities.<\/p>\n<\/blockquote>\n<p style=\"text-align: left;\">The service of electrical installations and equipment are performed in both warranties and after the warranty period.<\/p>\n<p style=\"text-align: left;\">Along with the signing of maintenance contracts, we are able to offer a high level of customer service in terms of safety and control of electrical wiring. Problems with electrical wiring and equipment are solved through the <strong>fast response of field service<\/strong> teams and with <strong>24\/7 support<\/strong>.<\/p>\n<p style=\"text-align: left;\">We have <strong>electric generators for rent<\/strong>, which can immediately solve all the problems with facility power supply at any location.<\/p>\n<p>[\/vc_column_text][\/vc_column][\/vc_row]<\/p>\n","protected":false},"excerpt":{"rendered":"<p>[vc_row][vc_column offset=&#8221;vc_col-lg-3\/5 vc_col-md-3\/5&#8243;][vc_column_text] After the completion of electrical works &#8220;Interfast&#8221; also provides maintenance services and repair of electrical installations and equipment services in built facilities. The service of electrical installations and equipment are performed in both warranties and after the warranty period. Along with the signing of maintenance contracts, we are able to offer a [&hellip;]<\/p>\n","protected":false},"author":1,"featured_media":0,"parent":863,"menu_order":30,"comment_status":"closed","ping_status":"closed","template":"","meta":{"footnotes":""},"class_list":["post-447","page","type-page","status-publish","hentry"],"yoast_head":"<!-- This site is optimized with the Yoast SEO plugin v27.2 - https:\/\/yoast.com\/product\/yoast-seo-wordpress\/ -->\n<title>Repair of electrical installations and equipment - Interfast d.o.o.<\/title>\n<meta name=\"robots\" content=\"index, follow, max-snippet:-1, max-image-preview:large, max-video-preview:-1\" \/>\n<link rel=\"canonical\" href=\"https:\/\/interfast.rs\/en\/activities\/repair-of-electrical-installations-and-equipment\/\" \/>\n<meta property=\"og:locale\" content=\"en_US\" \/>\n<meta property=\"og:type\" content=\"article\" \/>\n<meta property=\"og:title\" content=\"Repair of electrical installations and equipment - Interfast d.o.o.\" \/>\n<meta property=\"og:description\" content=\"[vc_row][vc_column offset=&#8221;vc_col-lg-3\/5 vc_col-md-3\/5&#8243;][vc_column_text] After the completion of electrical works &#8220;Interfast&#8221; also provides maintenance services and repair of electrical installations and equipment services in built facilities. The service of electrical installations and equipment are performed in both warranties and after the warranty period. Along with the signing of maintenance contracts, we are able to offer a [&hellip;]\" \/>\n<meta property=\"og:url\" content=\"https:\/\/interfast.rs\/en\/activities\/repair-of-electrical-installations-and-equipment\/\" \/>\n<meta property=\"og:site_name\" content=\"Interfast d.o.o.\" \/>\n<meta property=\"article:modified_time\" content=\"2020-07-28T10:10:03+00:00\" \/>\n<meta name=\"twitter:card\" content=\"summary_large_image\" \/>\n<meta name=\"twitter:label1\" content=\"Est. reading time\" \/>\n\t<meta name=\"twitter:data1\" content=\"1 minute\" \/>\n<script type=\"application\/ld+json\" class=\"yoast-schema-graph\">{\"@context\":\"https:\/\/schema.org\",\"@graph\":[{\"@type\":\"WebPage\",\"@id\":\"https:\/\/interfast.rs\/en\/activities\/repair-of-electrical-installations-and-equipment\/\",\"url\":\"https:\/\/interfast.rs\/en\/activities\/repair-of-electrical-installations-and-equipment\/\",\"name\":\"Repair of electrical installations and equipment - Interfast d.o.o.\",\"isPartOf\":{\"@id\":\"https:\/\/interfast.rs\/#website\"},\"datePublished\":\"2020-04-07T20:13:37+00:00\",\"dateModified\":\"2020-07-28T10:10:03+00:00\",\"breadcrumb\":{\"@id\":\"https:\/\/interfast.rs\/en\/activities\/repair-of-electrical-installations-and-equipment\/#breadcrumb\"},\"inLanguage\":\"en-US\",\"potentialAction\":[{\"@type\":\"ReadAction\",\"target\":[\"https:\/\/interfast.rs\/en\/activities\/repair-of-electrical-installations-and-equipment\/\"]}]},{\"@type\":\"BreadcrumbList\",\"@id\":\"https:\/\/interfast.rs\/en\/activities\/repair-of-electrical-installations-and-equipment\/#breadcrumb\",\"itemListElement\":[{\"@type\":\"ListItem\",\"position\":1,\"name\":\"Home\",\"item\":\"https:\/\/interfast.rs\/en\/home\/\"},{\"@type\":\"ListItem\",\"position\":2,\"name\":\"Activities\",\"item\":\"https:\/\/interfast.rs\/en\/activities\/\"},{\"@type\":\"ListItem\",\"position\":3,\"name\":\"Repair of electrical installations and equipment\"}]},{\"@type\":\"WebSite\",\"@id\":\"https:\/\/interfast.rs\/#website\",\"url\":\"https:\/\/interfast.rs\/\",\"name\":\"Interfast d.o.o.\",\"description\":\"Projektovanje i izvo\u0111enje elektroradova u gra\u0111evinarstvu i gra\u0111evinskim radovima\",\"potentialAction\":[{\"@type\":\"SearchAction\",\"target\":{\"@type\":\"EntryPoint\",\"urlTemplate\":\"https:\/\/interfast.rs\/?s={search_term_string}\"},\"query-input\":{\"@type\":\"PropertyValueSpecification\",\"valueRequired\":true,\"valueName\":\"search_term_string\"}}],\"inLanguage\":\"en-US\"}]}<\/script>\n<!-- \/ Yoast SEO plugin. -->","yoast_head_json":{"title":"Repair of electrical installations and equipment - Interfast d.o.o.","robots":{"index":"index","follow":"follow","max-snippet":"max-snippet:-1","max-image-preview":"max-image-preview:large","max-video-preview":"max-video-preview:-1"},"canonical":"https:\/\/interfast.rs\/en\/activities\/repair-of-electrical-installations-and-equipment\/","og_locale":"en_US","og_type":"article","og_title":"Repair of electrical installations and equipment - Interfast d.o.o.","og_description":"[vc_row][vc_column offset=&#8221;vc_col-lg-3\/5 vc_col-md-3\/5&#8243;][vc_column_text] After the completion of electrical works &#8220;Interfast&#8221; also provides maintenance services and repair of electrical installations and equipment services in built facilities. The service of electrical installations and equipment are performed in both warranties and after the warranty period. Along with the signing of maintenance contracts, we are able to offer a [&hellip;]","og_url":"https:\/\/interfast.rs\/en\/activities\/repair-of-electrical-installations-and-equipment\/","og_site_name":"Interfast d.o.o.","article_modified_time":"2020-07-28T10:10:03+00:00","twitter_card":"summary_large_image","twitter_misc":{"Est. reading time":"1 minute"},"schema":{"@context":"https:\/\/schema.org","@graph":[{"@type":"WebPage","@id":"https:\/\/interfast.rs\/en\/activities\/repair-of-electrical-installations-and-equipment\/","url":"https:\/\/interfast.rs\/en\/activities\/repair-of-electrical-installations-and-equipment\/","name":"Repair of electrical installations and equipment - Interfast d.o.o.","isPartOf":{"@id":"https:\/\/interfast.rs\/#website"},"datePublished":"2020-04-07T20:13:37+00:00","dateModified":"2020-07-28T10:10:03+00:00","breadcrumb":{"@id":"https:\/\/interfast.rs\/en\/activities\/repair-of-electrical-installations-and-equipment\/#breadcrumb"},"inLanguage":"en-US","potentialAction":[{"@type":"ReadAction","target":["https:\/\/interfast.rs\/en\/activities\/repair-of-electrical-installations-and-equipment\/"]}]},{"@type":"BreadcrumbList","@id":"https:\/\/interfast.rs\/en\/activities\/repair-of-electrical-installations-and-equipment\/#breadcrumb","itemListElement":[{"@type":"ListItem","position":1,"name":"Home","item":"https:\/\/interfast.rs\/en\/home\/"},{"@type":"ListItem","position":2,"name":"Activities","item":"https:\/\/interfast.rs\/en\/activities\/"},{"@type":"ListItem","position":3,"name":"Repair of electrical installations and equipment"}]},{"@type":"WebSite","@id":"https:\/\/interfast.rs\/#website","url":"https:\/\/interfast.rs\/","name":"Interfast d.o.o.","description":"Projektovanje i izvo\u0111enje elektroradova u gra\u0111evinarstvu i gra\u0111evinskim radovima","potentialAction":[{"@type":"SearchAction","target":{"@type":"EntryPoint","urlTemplate":"https:\/\/interfast.rs\/?s={search_term_string}"},"query-input":{"@type":"PropertyValueSpecification","valueRequired":true,"valueName":"search_term_string"}}],"inLanguage":"en-US"}]}},"_links":{"self":[{"href":"https:\/\/interfast.rs\/en\/wp-json\/wp\/v2\/pages\/447","targetHints":{"allow":["GET"]}}],"collection":[{"href":"https:\/\/interfast.rs\/en\/wp-json\/wp\/v2\/pages"}],"about":[{"href":"https:\/\/interfast.rs\/en\/wp-json\/wp\/v2\/types\/page"}],"author":[{"embeddable":true,"href":"https:\/\/interfast.rs\/en\/wp-json\/wp\/v2\/users\/1"}],"replies":[{"embeddable":true,"href":"https:\/\/interfast.rs\/en\/wp-json\/wp\/v2\/comments?post=447"}],"version-history":[{"count":1,"href":"https:\/\/interfast.rs\/en\/wp-json\/wp\/v2\/pages\/447\/revisions"}],"predecessor-version":[{"id":1576,"href":"https:\/\/interfast.rs\/en\/wp-json\/wp\/v2\/pages\/447\/revisions\/1576"}],"up":[{"embeddable":true,"href":"https:\/\/interfast.rs\/en\/wp-json\/wp\/v2\/pages\/863"}],"wp:attachment":[{"href":"https:\/\/interfast.rs\/en\/wp-json\/wp\/v2\/media?parent=447"}],"curies":[{"name":"wp","href":"https:\/\/api.w.org\/{rel}","templated":true}]}}