{"id":453,"date":"2020-04-07T20:54:14","date_gmt":"2020-04-07T18:54:14","guid":{"rendered":"https:\/\/interfast.rs\/nasi-klijenti\/"},"modified":"2020-07-31T01:30:35","modified_gmt":"2020-07-30T23:30:35","slug":"partners","status":"publish","type":"page","link":"https:\/\/interfast.rs\/en\/partners\/","title":{"rendered":"Partners"},"content":{"rendered":"<p>[vc_row][vc_column offset=&#8221;vc_col-lg-3\/5 vc_col-md-3\/5&#8243;][vc_column_text]<\/p>\n<blockquote>\n<p style=\"text-align: center;\"><strong>Facility investors:<\/strong><\/p>\n<\/blockquote>\n<p>[\/vc_column_text][vc_row_inner][vc_column_inner width=&#8221;1\/2&#8243;][vc_column_text]<\/p>\n<ul>\n<li>Ball Packaging Evropa Belgrade doo Belgrade<\/li>\n<li>Cultural Center &#8220;Sveti Stefan, despot srpski&#8221;<\/li>\n<li>Flight control of Serbia and Montenegro SMATSA DOO Belgrade<\/li>\n<li>Municipality of Despotovac Municipal Administration of the Municipality of Despotovac<\/li>\n<li>Municipal Administration of the Municipality of Veliko Grdi\u0161te<\/li>\n<li>Municipal Administration of the Municipality of Ljubovija<\/li>\n<li>Delta holding<\/li>\n<li>Delta Real Estate<\/li>\n<li>Delta Park Properties<\/li>\n<li>Delhaize Serbia<\/li>\n<li>Delhaize Montenegro<\/li>\n<li>C market<\/li>\n<li>Eko<\/li>\n<li>Ela<\/li>\n<li>Forma Ideale<\/li>\n<\/ul>\n<p>[\/vc_column_text][\/vc_column_inner][vc_column_inner width=&#8221;1\/2&#8243;][vc_column_text]<\/p>\n<ul>\n<li>Komercijalna Bank<\/li>\n<li>Idea<\/li>\n<li>Elektrovojvodina<\/li>\n<li>Electric Power Industry of Serbia<\/li>\n<li>Nikola Tesla Airport &#8211; Belgrade<\/li>\n<li>Institution of student standard STUDENTSKI CENTAR NOVI SAD<\/li>\n<li>Archives of Yugoslavia<\/li>\n<li>Faculty of Economics, University of Belgrade<\/li>\n<li>General Hospital Subotica<\/li>\n<li>Air Serbia<\/li>\n<li>PC ADA CIGANLIJA<\/li>\n<li>Institute for Mother and Child &#8220;Dr Vukan \u010cupi\u0107&#8221; Radoja Daki\u0107a 6-8, Belgrade<\/li>\n<li>City Municipality Palilula<\/li>\n<li>Patriarchate of the Serbian Orthodox Church \u2013 Sveti arhijerejski sinod<\/li>\n<\/ul>\n<p>[\/vc_column_text][\/vc_column_inner][\/vc_row_inner][\/vc_column][\/vc_row][vc_row][vc_column offset=&#8221;vc_col-lg-3\/5 vc_col-md-3\/5&#8243;][vc_column_text]<\/p>\n<blockquote>\n<p style=\"text-align: center;\"><strong>Construction companies to which &#8220;Interfast&#8221; is subcontractor, co operant or constructor:<\/strong><\/p>\n<\/blockquote>\n<p>[\/vc_column_text][vc_row_inner][vc_column_inner width=&#8221;1\/2&#8243;][vc_column_text]<\/p>\n<ul>\n<li>DEKA Engineering doo Belgrade<\/li>\n<li>Bosch GmBh<\/li>\n<li>Exing b&amp;p<\/li>\n<li>GIA<\/li>\n<li>W.D. Concord West<\/li>\n<li>Arxikon gradnja<\/li>\n<li>Interteam<\/li>\n<li>Gradina<\/li>\n<li>Flux Group<\/li>\n<\/ul>\n<p>[\/vc_column_text][\/vc_column_inner][vc_column_inner width=&#8221;1\/2&#8243;][vc_column_text]<\/p>\n<ul>\n<li>Deneza M engineering<\/li>\n<li>Eurolux<\/li>\n<li>Blok 67 Associates<\/li>\n<li>GP Napred Ad<\/li>\n<li>AD Kozara<\/li>\n<li>Strabag d.o.o. Belgrade<\/li>\n<li>Energoprojekt Industrija AD<\/li>\n<li>Tehnomanija d.o.o. Belgrade<\/li>\n<li>Pet Prom d.o.o.<\/li>\n<\/ul>\n<p>[\/vc_column_text][\/vc_column_inner][\/vc_row_inner][\/vc_column][\/vc_row]<\/p>\n","protected":false},"excerpt":{"rendered":"<p>[vc_row][vc_column offset=&#8221;vc_col-lg-3\/5 vc_col-md-3\/5&#8243;][vc_column_text] Facility investors: [\/vc_column_text][vc_row_inner][vc_column_inner width=&#8221;1\/2&#8243;][vc_column_text] Ball Packaging Evropa Belgrade doo Belgrade Cultural Center &#8220;Sveti Stefan, despot srpski&#8221; Flight control of Serbia and Montenegro SMATSA DOO Belgrade Municipality of Despotovac Municipal Administration of the Municipality of Despotovac Municipal Administration of the Municipality of Veliko Grdi\u0161te Municipal Administration of the Municipality of Ljubovija Delta holding [&hellip;]<\/p>\n","protected":false},"author":1,"featured_media":0,"parent":0,"menu_order":60,"comment_status":"closed","ping_status":"closed","template":"","meta":{"footnotes":""},"class_list":["post-453","page","type-page","status-publish","hentry"],"yoast_head":"<!-- This site is optimized with the Yoast SEO plugin v27.2 - https:\/\/yoast.com\/product\/yoast-seo-wordpress\/ -->\n<title>Partners - Interfast d.o.o.<\/title>\n<meta name=\"robots\" content=\"index, follow, max-snippet:-1, max-image-preview:large, max-video-preview:-1\" \/>\n<link rel=\"canonical\" href=\"https:\/\/interfast.rs\/en\/partners\/\" \/>\n<meta property=\"og:locale\" content=\"en_US\" \/>\n<meta property=\"og:type\" content=\"article\" \/>\n<meta property=\"og:title\" content=\"Partners - Interfast d.o.o.\" \/>\n<meta property=\"og:description\" content=\"[vc_row][vc_column offset=&#8221;vc_col-lg-3\/5 vc_col-md-3\/5&#8243;][vc_column_text] Facility investors: [\/vc_column_text][vc_row_inner][vc_column_inner width=&#8221;1\/2&#8243;][vc_column_text] Ball Packaging Evropa Belgrade doo Belgrade Cultural Center &#8220;Sveti Stefan, despot srpski&#8221; Flight control of Serbia and Montenegro SMATSA DOO Belgrade Municipality of Despotovac Municipal Administration of the Municipality of Despotovac Municipal Administration of the Municipality of Veliko Grdi\u0161te Municipal Administration of the Municipality of Ljubovija Delta holding [&hellip;]\" \/>\n<meta property=\"og:url\" content=\"https:\/\/interfast.rs\/en\/partners\/\" \/>\n<meta property=\"og:site_name\" content=\"Interfast d.o.o.\" \/>\n<meta property=\"article:modified_time\" content=\"2020-07-30T23:30:35+00:00\" \/>\n<meta name=\"twitter:card\" content=\"summary_large_image\" \/>\n<meta name=\"twitter:label1\" content=\"Est. reading time\" \/>\n\t<meta name=\"twitter:data1\" content=\"1 minute\" \/>\n<script type=\"application\/ld+json\" class=\"yoast-schema-graph\">{\"@context\":\"https:\/\/schema.org\",\"@graph\":[{\"@type\":\"WebPage\",\"@id\":\"https:\/\/interfast.rs\/en\/partners\/\",\"url\":\"https:\/\/interfast.rs\/en\/partners\/\",\"name\":\"Partners - Interfast d.o.o.\",\"isPartOf\":{\"@id\":\"https:\/\/interfast.rs\/#website\"},\"datePublished\":\"2020-04-07T18:54:14+00:00\",\"dateModified\":\"2020-07-30T23:30:35+00:00\",\"breadcrumb\":{\"@id\":\"https:\/\/interfast.rs\/en\/partners\/#breadcrumb\"},\"inLanguage\":\"en-US\",\"potentialAction\":[{\"@type\":\"ReadAction\",\"target\":[\"https:\/\/interfast.rs\/en\/partners\/\"]}]},{\"@type\":\"BreadcrumbList\",\"@id\":\"https:\/\/interfast.rs\/en\/partners\/#breadcrumb\",\"itemListElement\":[{\"@type\":\"ListItem\",\"position\":1,\"name\":\"Home\",\"item\":\"https:\/\/interfast.rs\/en\/home\/\"},{\"@type\":\"ListItem\",\"position\":2,\"name\":\"Partners\"}]},{\"@type\":\"WebSite\",\"@id\":\"https:\/\/interfast.rs\/#website\",\"url\":\"https:\/\/interfast.rs\/\",\"name\":\"Interfast d.o.o.\",\"description\":\"Projektovanje i izvo\u0111enje elektroradova u gra\u0111evinarstvu i gra\u0111evinskim radovima\",\"potentialAction\":[{\"@type\":\"SearchAction\",\"target\":{\"@type\":\"EntryPoint\",\"urlTemplate\":\"https:\/\/interfast.rs\/?s={search_term_string}\"},\"query-input\":{\"@type\":\"PropertyValueSpecification\",\"valueRequired\":true,\"valueName\":\"search_term_string\"}}],\"inLanguage\":\"en-US\"}]}<\/script>\n<!-- \/ Yoast SEO plugin. -->","yoast_head_json":{"title":"Partners - Interfast d.o.o.","robots":{"index":"index","follow":"follow","max-snippet":"max-snippet:-1","max-image-preview":"max-image-preview:large","max-video-preview":"max-video-preview:-1"},"canonical":"https:\/\/interfast.rs\/en\/partners\/","og_locale":"en_US","og_type":"article","og_title":"Partners - Interfast d.o.o.","og_description":"[vc_row][vc_column offset=&#8221;vc_col-lg-3\/5 vc_col-md-3\/5&#8243;][vc_column_text] Facility investors: [\/vc_column_text][vc_row_inner][vc_column_inner width=&#8221;1\/2&#8243;][vc_column_text] Ball Packaging Evropa Belgrade doo Belgrade Cultural Center &#8220;Sveti Stefan, despot srpski&#8221; Flight control of Serbia and Montenegro SMATSA DOO Belgrade Municipality of Despotovac Municipal Administration of the Municipality of Despotovac Municipal Administration of the Municipality of Veliko Grdi\u0161te Municipal Administration of the Municipality of Ljubovija Delta holding [&hellip;]","og_url":"https:\/\/interfast.rs\/en\/partners\/","og_site_name":"Interfast d.o.o.","article_modified_time":"2020-07-30T23:30:35+00:00","twitter_card":"summary_large_image","twitter_misc":{"Est. reading time":"1 minute"},"schema":{"@context":"https:\/\/schema.org","@graph":[{"@type":"WebPage","@id":"https:\/\/interfast.rs\/en\/partners\/","url":"https:\/\/interfast.rs\/en\/partners\/","name":"Partners - Interfast d.o.o.","isPartOf":{"@id":"https:\/\/interfast.rs\/#website"},"datePublished":"2020-04-07T18:54:14+00:00","dateModified":"2020-07-30T23:30:35+00:00","breadcrumb":{"@id":"https:\/\/interfast.rs\/en\/partners\/#breadcrumb"},"inLanguage":"en-US","potentialAction":[{"@type":"ReadAction","target":["https:\/\/interfast.rs\/en\/partners\/"]}]},{"@type":"BreadcrumbList","@id":"https:\/\/interfast.rs\/en\/partners\/#breadcrumb","itemListElement":[{"@type":"ListItem","position":1,"name":"Home","item":"https:\/\/interfast.rs\/en\/home\/"},{"@type":"ListItem","position":2,"name":"Partners"}]},{"@type":"WebSite","@id":"https:\/\/interfast.rs\/#website","url":"https:\/\/interfast.rs\/","name":"Interfast d.o.o.","description":"Projektovanje i izvo\u0111enje elektroradova u gra\u0111evinarstvu i gra\u0111evinskim radovima","potentialAction":[{"@type":"SearchAction","target":{"@type":"EntryPoint","urlTemplate":"https:\/\/interfast.rs\/?s={search_term_string}"},"query-input":{"@type":"PropertyValueSpecification","valueRequired":true,"valueName":"search_term_string"}}],"inLanguage":"en-US"}]}},"_links":{"self":[{"href":"https:\/\/interfast.rs\/en\/wp-json\/wp\/v2\/pages\/453","targetHints":{"allow":["GET"]}}],"collection":[{"href":"https:\/\/interfast.rs\/en\/wp-json\/wp\/v2\/pages"}],"about":[{"href":"https:\/\/interfast.rs\/en\/wp-json\/wp\/v2\/types\/page"}],"author":[{"embeddable":true,"href":"https:\/\/interfast.rs\/en\/wp-json\/wp\/v2\/users\/1"}],"replies":[{"embeddable":true,"href":"https:\/\/interfast.rs\/en\/wp-json\/wp\/v2\/comments?post=453"}],"version-history":[{"count":2,"href":"https:\/\/interfast.rs\/en\/wp-json\/wp\/v2\/pages\/453\/revisions"}],"predecessor-version":[{"id":1663,"href":"https:\/\/interfast.rs\/en\/wp-json\/wp\/v2\/pages\/453\/revisions\/1663"}],"wp:attachment":[{"href":"https:\/\/interfast.rs\/en\/wp-json\/wp\/v2\/media?parent=453"}],"curies":[{"name":"wp","href":"https:\/\/api.w.org\/{rel}","templated":true}]}}