{"id":459,"date":"2020-04-08T00:28:04","date_gmt":"2020-04-07T22:28:04","guid":{"rendered":"https:\/\/interfast.rs\/o-nama\/"},"modified":"2020-06-30T17:17:31","modified_gmt":"2020-06-30T15:17:31","slug":"about-us","status":"publish","type":"page","link":"https:\/\/interfast.rs\/en\/about-us\/","title":{"rendered":"About us"},"content":{"rendered":"<p>[vc_row][vc_column offset=&#8221;vc_col-lg-3\/5 vc_col-md-3\/5&#8243;][vc_column_text]<\/p>\n<blockquote>\n<p style=\"text-align: center;\">Company <strong>&#8220;Interfast&#8221; d.o.o.<\/strong> was founded in 1993 with the main activity of designing and performing electrical work in construction. During its development, the company has expanded its activities to the design and execution of construction works as well as the production of terminals with its own patent and license.<\/p>\n<\/blockquote>\n<p>[\/vc_column_text][vc_column_text]<\/p>\n<h2 style=\"text-align: center;\">WHO WE ARE<\/h2>\n<p>Interfast d.o.o. is a domestic company, recognized in the country as one of the leaders in its field, which, based on its experience and achievements, has been building trust with partners and clients for years. The construction sector of the company, although young, builds its success on that very experience.<\/p>\n<p>Thanks to that, we managed to implement the specification of the quality management system according to the requirements of <strong> ISO 9001: 2015 <\/strong>, occupational health and safety management system <strong> ISO 14001: 2015 <\/strong> with our efforts, organization and consistency. &gt;, environmental management system <strong> OHASA 18001: 2007 <\/strong>, information security management system <strong> ISO 27001: 2013 <\/strong>, energy management system <strong> ISO 50001: 2011 <\/strong>, and we are in the process of obtaining the certificate <strong> ISO 22301 <\/strong> &#8211; business continuity management system, as well as <strong> ISO 37001 <\/strong> &#8211; anti-corruption management system, at the certification house Alcumus ISOQAR Ltd, Manchester UK.[\/vc_column_text][vc_column_text]<\/p>\n<h2 style=\"text-align: center;\">WHAT WE HAVE<\/h2>\n<h4><strong> Financial capacity: <\/strong><\/h4>\n<ul>\n<li>2017, 2018 and 2019 &#8211; realized business income higher than 3,100,000,000.00 dinars<\/li>\n<\/ul>\n<h4><strong> Business Capacity: <\/strong><\/h4>\n<ul>\n<li>2012 &#8211; 2013 &#8211; 2014 &#8211; 2015 &#8211; 2016 &#8211; 2017 &#8211; 2018 &#8211; 2019 &#8211; construction and electrical installation works on construction, adaptation, rehabilitation or reconstruction of buildings<\/li>\n<li>Company account has not been blocked for any days<\/li>\n<\/ul>\n<h4><strong>Objects:<\/strong><\/h4>\n<ul>\n<li>Interfast administrative building &#8211; 2,000 m2<\/li>\n<li>Interfast production plant with warehouse space &#8211; 1,600 m2<\/li>\n<li>Interfast warehouse space &#8211; 1,600 m2<\/li>\n<\/ul>\n<h4><strong> Staff capacity: <\/strong><\/h4>\n<ul>\n<li>Total number of employees: 210<\/li>\n<li>50 highly qualified electrical engineers (licensed <strong> 350 <\/strong>, <strong> 352 <\/strong>, <strong> 353 <\/strong>, <strong> 450 <\/strong>, <strong> 451 <\/strong> and <strong> 453 <\/strong>, as well as licenses for technical protection systems <strong> LT1 <\/strong>, <strong> LT2 <\/strong> and <strong> LT3 <\/strong>), civil engineers (licensed <strong> 410 <\/strong> and <strong> 310 <\/strong>) and architectural engineers (licensed <strong> 300 <\/strong>, <strong> 400 <\/strong> and <strong> 381 <\/strong>)<\/li>\n<\/ul>\n<h4><strong> Technical capacity: <\/strong><\/h4>\n<ul>\n<li>hydraulic platform for work at heights up to 16 m &#8211; 3 pieces<\/li>\n<li>hydraulic platform for work at heights up to 12 m &#8211; 2 pieces<\/li>\n<li>containers for accommodation \/ warehouse \/ office &#8211; 12 pcs + 1 double<\/li>\n<li>Pramac 120 kW diesel generators &#8211; 2 pcs<\/li>\n<li>Pramac 220 kW diesel generator &#8211; 1 piece<\/li>\n<li>diesel forklift NISSAN 4,5 t load capacity &#8211; 1 piece<\/li>\n<li>YALE forklift 1,5 t &#8211; 1 pcs<\/li>\n<li>Combined machine CATERPILLAR 428 E &#8211; 1 pcs<\/li>\n<li>Swelt Scaffolding &#8211; 9 pieces<\/li>\n<li>Electric warehouse forklift &#8211; range 10 meters<\/li>\n<li>Trucks of all categories &#8211; 18 pcs<\/li>\n<li>Passenger vehicles &#8211; 14 pcs<\/li>\n<\/ul>\n<p>[\/vc_column_text][\/vc_column][\/vc_row]<\/p>\n","protected":false},"excerpt":{"rendered":"<p>[vc_row][vc_column offset=&#8221;vc_col-lg-3\/5 vc_col-md-3\/5&#8243;][vc_column_text] Company &#8220;Interfast&#8221; d.o.o. was founded in 1993 with the main activity of designing and performing electrical work in construction. During its development, the company has expanded its activities to the design and execution of construction works as well as the production of terminals with its own patent and license. [\/vc_column_text][vc_column_text] WHO WE [&hellip;]<\/p>\n","protected":false},"author":1,"featured_media":0,"parent":0,"menu_order":10,"comment_status":"closed","ping_status":"closed","template":"","meta":{"footnotes":""},"class_list":["post-459","page","type-page","status-publish","hentry"],"yoast_head":"<!-- This site is optimized with the Yoast SEO plugin v27.4 - https:\/\/yoast.com\/product\/yoast-seo-wordpress\/ -->\n<title>About us - Interfast d.o.o.<\/title>\n<meta name=\"robots\" content=\"index, follow, max-snippet:-1, max-image-preview:large, max-video-preview:-1\" \/>\n<link rel=\"canonical\" href=\"https:\/\/interfast.rs\/en\/\" \/>\n<meta property=\"og:locale\" content=\"en_US\" \/>\n<meta property=\"og:type\" content=\"article\" \/>\n<meta property=\"og:title\" content=\"About us - Interfast d.o.o.\" \/>\n<meta property=\"og:description\" content=\"[vc_row][vc_column offset=&#8221;vc_col-lg-3\/5 vc_col-md-3\/5&#8243;][vc_column_text] Company &#8220;Interfast&#8221; d.o.o. was founded in 1993 with the main activity of designing and performing electrical work in construction. During its development, the company has expanded its activities to the design and execution of construction works as well as the production of terminals with its own patent and license. [\/vc_column_text][vc_column_text] WHO WE [&hellip;]\" \/>\n<meta property=\"og:url\" content=\"https:\/\/interfast.rs\/en\/\" \/>\n<meta property=\"og:site_name\" content=\"Interfast d.o.o.\" \/>\n<meta property=\"article:modified_time\" content=\"2020-06-30T15:17:31+00:00\" \/>\n<meta name=\"twitter:card\" content=\"summary_large_image\" \/>\n<meta name=\"twitter:label1\" content=\"Est. reading time\" \/>\n\t<meta name=\"twitter:data1\" content=\"2 minutes\" \/>\n<script type=\"application\/ld+json\" class=\"yoast-schema-graph\">{\"@context\":\"https:\\\/\\\/schema.org\",\"@graph\":[{\"@type\":\"WebPage\",\"@id\":\"https:\\\/\\\/interfast.rs\\\/en\\\/\",\"url\":\"https:\\\/\\\/interfast.rs\\\/en\\\/\",\"name\":\"About us - Interfast d.o.o.\",\"isPartOf\":{\"@id\":\"https:\\\/\\\/interfast.rs\\\/#website\"},\"datePublished\":\"2020-04-07T22:28:04+00:00\",\"dateModified\":\"2020-06-30T15:17:31+00:00\",\"breadcrumb\":{\"@id\":\"https:\\\/\\\/interfast.rs\\\/en\\\/#breadcrumb\"},\"inLanguage\":\"en-US\",\"potentialAction\":[{\"@type\":\"ReadAction\",\"target\":[\"https:\\\/\\\/interfast.rs\\\/en\\\/\"]}]},{\"@type\":\"BreadcrumbList\",\"@id\":\"https:\\\/\\\/interfast.rs\\\/en\\\/#breadcrumb\",\"itemListElement\":[{\"@type\":\"ListItem\",\"position\":1,\"name\":\"Home\",\"item\":\"https:\\\/\\\/interfast.rs\\\/en\\\/home\\\/\"},{\"@type\":\"ListItem\",\"position\":2,\"name\":\"About us\"}]},{\"@type\":\"WebSite\",\"@id\":\"https:\\\/\\\/interfast.rs\\\/#website\",\"url\":\"https:\\\/\\\/interfast.rs\\\/\",\"name\":\"Interfast d.o.o.\",\"description\":\"Projektovanje i izvo\u0111enje elektroradova u gra\u0111evinarstvu i gra\u0111evinskim radovima\",\"potentialAction\":[{\"@type\":\"SearchAction\",\"target\":{\"@type\":\"EntryPoint\",\"urlTemplate\":\"https:\\\/\\\/interfast.rs\\\/?s={search_term_string}\"},\"query-input\":{\"@type\":\"PropertyValueSpecification\",\"valueRequired\":true,\"valueName\":\"search_term_string\"}}],\"inLanguage\":\"en-US\"}]}<\/script>\n<!-- \/ Yoast SEO plugin. -->","yoast_head_json":{"title":"About us - Interfast d.o.o.","robots":{"index":"index","follow":"follow","max-snippet":"max-snippet:-1","max-image-preview":"max-image-preview:large","max-video-preview":"max-video-preview:-1"},"canonical":"https:\/\/interfast.rs\/en\/","og_locale":"en_US","og_type":"article","og_title":"About us - Interfast d.o.o.","og_description":"[vc_row][vc_column offset=&#8221;vc_col-lg-3\/5 vc_col-md-3\/5&#8243;][vc_column_text] Company &#8220;Interfast&#8221; d.o.o. was founded in 1993 with the main activity of designing and performing electrical work in construction. During its development, the company has expanded its activities to the design and execution of construction works as well as the production of terminals with its own patent and license. [\/vc_column_text][vc_column_text] WHO WE [&hellip;]","og_url":"https:\/\/interfast.rs\/en\/","og_site_name":"Interfast d.o.o.","article_modified_time":"2020-06-30T15:17:31+00:00","twitter_card":"summary_large_image","twitter_misc":{"Est. reading time":"2 minutes"},"schema":{"@context":"https:\/\/schema.org","@graph":[{"@type":"WebPage","@id":"https:\/\/interfast.rs\/en\/","url":"https:\/\/interfast.rs\/en\/","name":"About us - Interfast d.o.o.","isPartOf":{"@id":"https:\/\/interfast.rs\/#website"},"datePublished":"2020-04-07T22:28:04+00:00","dateModified":"2020-06-30T15:17:31+00:00","breadcrumb":{"@id":"https:\/\/interfast.rs\/en\/#breadcrumb"},"inLanguage":"en-US","potentialAction":[{"@type":"ReadAction","target":["https:\/\/interfast.rs\/en\/"]}]},{"@type":"BreadcrumbList","@id":"https:\/\/interfast.rs\/en\/#breadcrumb","itemListElement":[{"@type":"ListItem","position":1,"name":"Home","item":"https:\/\/interfast.rs\/en\/home\/"},{"@type":"ListItem","position":2,"name":"About us"}]},{"@type":"WebSite","@id":"https:\/\/interfast.rs\/#website","url":"https:\/\/interfast.rs\/","name":"Interfast d.o.o.","description":"Projektovanje i izvo\u0111enje elektroradova u gra\u0111evinarstvu i gra\u0111evinskim radovima","potentialAction":[{"@type":"SearchAction","target":{"@type":"EntryPoint","urlTemplate":"https:\/\/interfast.rs\/?s={search_term_string}"},"query-input":{"@type":"PropertyValueSpecification","valueRequired":true,"valueName":"search_term_string"}}],"inLanguage":"en-US"}]}},"_links":{"self":[{"href":"https:\/\/interfast.rs\/en\/wp-json\/wp\/v2\/pages\/459","targetHints":{"allow":["GET"]}}],"collection":[{"href":"https:\/\/interfast.rs\/en\/wp-json\/wp\/v2\/pages"}],"about":[{"href":"https:\/\/interfast.rs\/en\/wp-json\/wp\/v2\/types\/page"}],"author":[{"embeddable":true,"href":"https:\/\/interfast.rs\/en\/wp-json\/wp\/v2\/users\/1"}],"replies":[{"embeddable":true,"href":"https:\/\/interfast.rs\/en\/wp-json\/wp\/v2\/comments?post=459"}],"version-history":[{"count":1,"href":"https:\/\/interfast.rs\/en\/wp-json\/wp\/v2\/pages\/459\/revisions"}],"predecessor-version":[{"id":1278,"href":"https:\/\/interfast.rs\/en\/wp-json\/wp\/v2\/pages\/459\/revisions\/1278"}],"wp:attachment":[{"href":"https:\/\/interfast.rs\/en\/wp-json\/wp\/v2\/media?parent=459"}],"curies":[{"name":"wp","href":"https:\/\/api.w.org\/{rel}","templated":true}]}}