{"id":465,"date":"2020-04-08T00:37:49","date_gmt":"2020-04-07T22:37:49","guid":{"rendered":"https:\/\/interfast.rs\/about-us\/organizaciona-sema\/"},"modified":"2020-06-19T17:32:40","modified_gmt":"2020-06-19T15:32:40","slug":"organizational-chart","status":"publish","type":"page","link":"https:\/\/interfast.rs\/en\/about-us\/organizational-chart\/","title":{"rendered":"Organizational Chart"},"content":{"rendered":"<p>[vc_row][vc_column offset=&#8221;vc_col-lg-3\/5 vc_col-md-3\/5&#8243;][vc_single_image image=&#8221;1131&#8243; img_size=&#8221;large&#8221; alignment=&#8221;center&#8221; onclick=&#8221;custom_link&#8221; img_link_target=&#8221;_blank&#8221; link=&#8221;https:\/\/interfast.rs\/wp-content\/uploads\/2020\/06\/organizaciona-sema-2020.jpg&#8221;][vc_column_text]<\/p>\n<blockquote>\n<p style=\"text-align: center;\"><strong>Staff Structure:<\/strong><\/p>\n<\/blockquote>\n<ul>\n<li>dipl. eng. of Electrical Engineering with License of Responsible Designer of Low and Medium Voltage Power Installations (350)<\/li>\n<li>dipl. eng. of Electrical Engineering with the License of the responsible contractor of high and medium voltage electrical installations &#8211; distribution plants and transmission of electricity (451)<\/li>\n<li>dipl. eng. of Architecture with the License of the responsible designer of architectural projects, arrangement of free spaces and internal installations of water supply and sewerage (300)<\/li>\n<li>dipl. eng. of Architecture with License of responsible contractor of buildings and internal installations of water supply and sewerage (400)<\/li>\n<li>dipl. eng. of Architecture with License of responsible designer responsible engineer for energy efficiency of buildings (381)<\/li>\n<li>dipl. eng. of Construction with the License of the responsible contractor of works of building constructions and construction-craft works on objects of building construction, civil engineering and hydro construction (410)<\/li>\n<li>dipl. eng. of Electrical Engineering with the License of the responsible contractor of the designer of low and medium voltage electrical installations (450)<\/li>\n<li>dipl. eng. of Electrical Engineering with License of Responsible Designer of Telecommunication Networks and Systems (353)<\/li>\n<li>dipl. eng. of Electrical Engineering with License of responsible contractor of telecommunication networks and systems (453)<\/li>\n<li>dipl. eng. of Electrical Engineering with License of Responsible Designer of Control of Electric Motor Drives &#8211; Automation, Measurement and Regulation (352)<\/li>\n<li>dipl. eng. of Electrical Engineering with the License of the Ministry of the Interior for the design and construction of special systems and fire protection measures<\/li>\n<li>graduated electrical engineers<\/li>\n<li>electrical engineer<\/li>\n<li>150 electricians<\/li>\n<li>auxiliary workers (construction, mechanical engineering)<\/li>\n<li>Drivers<\/li>\n<li>Human resources department<\/li>\n<li>Financial service department<\/li>\n<li>Commercial department<\/li>\n<\/ul>\n<h4>According to the required schedule of works, we hire additional staff for work in three shifts.<\/h4>\n<p>[\/vc_column_text][\/vc_column][\/vc_row]<\/p>\n","protected":false},"excerpt":{"rendered":"<p>[vc_row][vc_column offset=&#8221;vc_col-lg-3\/5 vc_col-md-3\/5&#8243;][vc_single_image image=&#8221;1131&#8243; img_size=&#8221;large&#8221; alignment=&#8221;center&#8221; onclick=&#8221;custom_link&#8221; img_link_target=&#8221;_blank&#8221; link=&#8221;https:\/\/interfast.rs\/wp-content\/uploads\/2020\/06\/organizaciona-sema-2020.jpg&#8221;][vc_column_text] Staff Structure: dipl. eng. of Electrical Engineering with License of Responsible Designer of Low and Medium Voltage Power Installations (350) dipl. eng. of Electrical Engineering with the License of the responsible contractor of high and medium voltage electrical installations &#8211; distribution plants and transmission of electricity [&hellip;]<\/p>\n","protected":false},"author":1,"featured_media":0,"parent":459,"menu_order":10,"comment_status":"closed","ping_status":"closed","template":"","meta":{"footnotes":""},"class_list":["post-465","page","type-page","status-publish","hentry"],"yoast_head":"<!-- This site is optimized with the Yoast SEO plugin v27.2 - https:\/\/yoast.com\/product\/yoast-seo-wordpress\/ -->\n<title>Organizational Chart - Interfast d.o.o.<\/title>\n<meta name=\"robots\" content=\"index, follow, max-snippet:-1, max-image-preview:large, max-video-preview:-1\" \/>\n<link rel=\"canonical\" href=\"https:\/\/interfast.rs\/en\/about-us\/organizational-chart\/\" \/>\n<meta property=\"og:locale\" content=\"en_US\" \/>\n<meta property=\"og:type\" content=\"article\" \/>\n<meta property=\"og:title\" content=\"Organizational Chart - Interfast d.o.o.\" \/>\n<meta property=\"og:description\" content=\"[vc_row][vc_column offset=&#8221;vc_col-lg-3\/5 vc_col-md-3\/5&#8243;][vc_single_image image=&#8221;1131&#8243; img_size=&#8221;large&#8221; alignment=&#8221;center&#8221; onclick=&#8221;custom_link&#8221; img_link_target=&#8221;_blank&#8221; link=&#8221;https:\/\/interfast.rs\/wp-content\/uploads\/2020\/06\/organizaciona-sema-2020.jpg&#8221;][vc_column_text] Staff Structure: dipl. eng. of Electrical Engineering with License of Responsible Designer of Low and Medium Voltage Power Installations (350) dipl. eng. of Electrical Engineering with the License of the responsible contractor of high and medium voltage electrical installations &#8211; distribution plants and transmission of electricity [&hellip;]\" \/>\n<meta property=\"og:url\" content=\"https:\/\/interfast.rs\/en\/about-us\/organizational-chart\/\" \/>\n<meta property=\"og:site_name\" content=\"Interfast d.o.o.\" \/>\n<meta property=\"article:modified_time\" content=\"2020-06-19T15:32:40+00:00\" \/>\n<meta name=\"twitter:card\" content=\"summary_large_image\" \/>\n<meta name=\"twitter:label1\" content=\"Est. reading time\" \/>\n\t<meta name=\"twitter:data1\" content=\"2 minutes\" \/>\n<script type=\"application\/ld+json\" class=\"yoast-schema-graph\">{\"@context\":\"https:\/\/schema.org\",\"@graph\":[{\"@type\":\"WebPage\",\"@id\":\"https:\/\/interfast.rs\/en\/about-us\/organizational-chart\/\",\"url\":\"https:\/\/interfast.rs\/en\/about-us\/organizational-chart\/\",\"name\":\"Organizational Chart - Interfast d.o.o.\",\"isPartOf\":{\"@id\":\"https:\/\/interfast.rs\/#website\"},\"datePublished\":\"2020-04-07T22:37:49+00:00\",\"dateModified\":\"2020-06-19T15:32:40+00:00\",\"breadcrumb\":{\"@id\":\"https:\/\/interfast.rs\/en\/about-us\/organizational-chart\/#breadcrumb\"},\"inLanguage\":\"en-US\",\"potentialAction\":[{\"@type\":\"ReadAction\",\"target\":[\"https:\/\/interfast.rs\/en\/about-us\/organizational-chart\/\"]}]},{\"@type\":\"BreadcrumbList\",\"@id\":\"https:\/\/interfast.rs\/en\/about-us\/organizational-chart\/#breadcrumb\",\"itemListElement\":[{\"@type\":\"ListItem\",\"position\":1,\"name\":\"Home\",\"item\":\"https:\/\/interfast.rs\/en\/home\/\"},{\"@type\":\"ListItem\",\"position\":2,\"name\":\"About us\",\"item\":\"https:\/\/interfast.rs\/en\/\"},{\"@type\":\"ListItem\",\"position\":3,\"name\":\"Organizational Chart\"}]},{\"@type\":\"WebSite\",\"@id\":\"https:\/\/interfast.rs\/#website\",\"url\":\"https:\/\/interfast.rs\/\",\"name\":\"Interfast d.o.o.\",\"description\":\"Projektovanje i izvo\u0111enje elektroradova u gra\u0111evinarstvu i gra\u0111evinskim radovima\",\"potentialAction\":[{\"@type\":\"SearchAction\",\"target\":{\"@type\":\"EntryPoint\",\"urlTemplate\":\"https:\/\/interfast.rs\/?s={search_term_string}\"},\"query-input\":{\"@type\":\"PropertyValueSpecification\",\"valueRequired\":true,\"valueName\":\"search_term_string\"}}],\"inLanguage\":\"en-US\"}]}<\/script>\n<!-- \/ Yoast SEO plugin. -->","yoast_head_json":{"title":"Organizational Chart - Interfast d.o.o.","robots":{"index":"index","follow":"follow","max-snippet":"max-snippet:-1","max-image-preview":"max-image-preview:large","max-video-preview":"max-video-preview:-1"},"canonical":"https:\/\/interfast.rs\/en\/about-us\/organizational-chart\/","og_locale":"en_US","og_type":"article","og_title":"Organizational Chart - Interfast d.o.o.","og_description":"[vc_row][vc_column offset=&#8221;vc_col-lg-3\/5 vc_col-md-3\/5&#8243;][vc_single_image image=&#8221;1131&#8243; img_size=&#8221;large&#8221; alignment=&#8221;center&#8221; onclick=&#8221;custom_link&#8221; img_link_target=&#8221;_blank&#8221; link=&#8221;https:\/\/interfast.rs\/wp-content\/uploads\/2020\/06\/organizaciona-sema-2020.jpg&#8221;][vc_column_text] Staff Structure: dipl. eng. of Electrical Engineering with License of Responsible Designer of Low and Medium Voltage Power Installations (350) dipl. eng. of Electrical Engineering with the License of the responsible contractor of high and medium voltage electrical installations &#8211; distribution plants and transmission of electricity [&hellip;]","og_url":"https:\/\/interfast.rs\/en\/about-us\/organizational-chart\/","og_site_name":"Interfast d.o.o.","article_modified_time":"2020-06-19T15:32:40+00:00","twitter_card":"summary_large_image","twitter_misc":{"Est. reading time":"2 minutes"},"schema":{"@context":"https:\/\/schema.org","@graph":[{"@type":"WebPage","@id":"https:\/\/interfast.rs\/en\/about-us\/organizational-chart\/","url":"https:\/\/interfast.rs\/en\/about-us\/organizational-chart\/","name":"Organizational Chart - Interfast d.o.o.","isPartOf":{"@id":"https:\/\/interfast.rs\/#website"},"datePublished":"2020-04-07T22:37:49+00:00","dateModified":"2020-06-19T15:32:40+00:00","breadcrumb":{"@id":"https:\/\/interfast.rs\/en\/about-us\/organizational-chart\/#breadcrumb"},"inLanguage":"en-US","potentialAction":[{"@type":"ReadAction","target":["https:\/\/interfast.rs\/en\/about-us\/organizational-chart\/"]}]},{"@type":"BreadcrumbList","@id":"https:\/\/interfast.rs\/en\/about-us\/organizational-chart\/#breadcrumb","itemListElement":[{"@type":"ListItem","position":1,"name":"Home","item":"https:\/\/interfast.rs\/en\/home\/"},{"@type":"ListItem","position":2,"name":"About us","item":"https:\/\/interfast.rs\/en\/"},{"@type":"ListItem","position":3,"name":"Organizational Chart"}]},{"@type":"WebSite","@id":"https:\/\/interfast.rs\/#website","url":"https:\/\/interfast.rs\/","name":"Interfast d.o.o.","description":"Projektovanje i izvo\u0111enje elektroradova u gra\u0111evinarstvu i gra\u0111evinskim radovima","potentialAction":[{"@type":"SearchAction","target":{"@type":"EntryPoint","urlTemplate":"https:\/\/interfast.rs\/?s={search_term_string}"},"query-input":{"@type":"PropertyValueSpecification","valueRequired":true,"valueName":"search_term_string"}}],"inLanguage":"en-US"}]}},"_links":{"self":[{"href":"https:\/\/interfast.rs\/en\/wp-json\/wp\/v2\/pages\/465","targetHints":{"allow":["GET"]}}],"collection":[{"href":"https:\/\/interfast.rs\/en\/wp-json\/wp\/v2\/pages"}],"about":[{"href":"https:\/\/interfast.rs\/en\/wp-json\/wp\/v2\/types\/page"}],"author":[{"embeddable":true,"href":"https:\/\/interfast.rs\/en\/wp-json\/wp\/v2\/users\/1"}],"replies":[{"embeddable":true,"href":"https:\/\/interfast.rs\/en\/wp-json\/wp\/v2\/comments?post=465"}],"version-history":[{"count":3,"href":"https:\/\/interfast.rs\/en\/wp-json\/wp\/v2\/pages\/465\/revisions"}],"predecessor-version":[{"id":1164,"href":"https:\/\/interfast.rs\/en\/wp-json\/wp\/v2\/pages\/465\/revisions\/1164"}],"up":[{"embeddable":true,"href":"https:\/\/interfast.rs\/en\/wp-json\/wp\/v2\/pages\/459"}],"wp:attachment":[{"href":"https:\/\/interfast.rs\/en\/wp-json\/wp\/v2\/media?parent=465"}],"curies":[{"name":"wp","href":"https:\/\/api.w.org\/{rel}","templated":true}]}}