{"id":468,"date":"2020-04-08T00:44:22","date_gmt":"2020-04-07T22:44:22","guid":{"rendered":"https:\/\/interfast.rs\/about-us\/standardi-kvaliteta\/"},"modified":"2020-06-29T15:34:30","modified_gmt":"2020-06-29T13:34:30","slug":"quality-standards","status":"publish","type":"page","link":"https:\/\/interfast.rs\/en\/about-us\/quality-standards\/","title":{"rendered":"Quality Standards"},"content":{"rendered":"<p>[vc_row][vc_column offset=&#8221;vc_col-lg-3\/5 vc_col-md-3\/5&#8243;][vc_column_text]In addition to the experience of our management team and employees with the necessary licenses, and recognitions for the works carried out so far, and having modern machinery and tools, we guarantee our business partners the quality of our services also with <strong>certificates on meeting the required standards in the field of engineering, electrical installation, and electrical equipment and services<\/strong>.<\/p>\n<p>The relevant certification bodies issued to the company &#8220;Interfast&#8221; the following certificates:[\/vc_column_text][vc_row_inner][vc_column_inner][vc_column_text]<\/p>\n<h3 style=\"text-align: center;\"><strong>Quality Management System (QMS)<\/strong><\/h3>\n<p>[\/vc_column_text][\/vc_column_inner][\/vc_row_inner][vc_row_inner equal_height=&#8221;yes&#8221; content_placement=&#8221;middle&#8221;][vc_column_inner width=&#8221;1\/2&#8243;][vc_single_image image=&#8221;1168&#8243; img_size=&#8221;medium&#8221; alignment=&#8221;center&#8221; onclick=&#8221;custom_link&#8221; img_link_target=&#8221;_blank&#8221; link=&#8221;https:\/\/interfast.rs\/wp-content\/uploads\/2020\/06\/interfast-iso-90001-2008.jpg&#8221;][\/vc_column_inner][vc_column_inner width=&#8221;1\/2&#8243;][vc_column_text]<\/p>\n<blockquote>\n<p style=\"text-align: center;\"><strong><a href=\"https:\/\/interfast.rs\/wp-content\/uploads\/2020\/06\/interfast-iso-90001-2008.jpg\" target=\"_blank\" rel=\"noopener noreferrer\">ISO 9001:2015<\/a> &#8211; introduced in 2010.<\/strong><\/p>\n<\/blockquote>\n<p>[\/vc_column_text][\/vc_column_inner][\/vc_row_inner][vc_row_inner equal_height=&#8221;yes&#8221; content_placement=&#8221;middle&#8221;][vc_column_inner width=&#8221;1\/2&#8243;][vc_single_image image=&#8221;1170&#8243; img_size=&#8221;medium&#8221; alignment=&#8221;center&#8221; onclick=&#8221;custom_link&#8221; img_link_target=&#8221;_blank&#8221; link=&#8221;https:\/\/interfast.rs\/wp-content\/uploads\/2020\/06\/interfast-srps-iso-9001.jpg&#8221;][\/vc_column_inner][vc_column_inner width=&#8221;1\/2&#8243;][vc_column_text]<\/p>\n<blockquote>\n<p style=\"text-align: center;\"><strong><a href=\"https:\/\/interfast.rs\/wp-content\/uploads\/2020\/06\/interfast-srps-iso-9001.jpg\" target=\"_blank\" rel=\"noopener noreferrer\">ISO 9001:2015<\/a> &#8211; introduced in 2015.<\/strong><\/p>\n<\/blockquote>\n<p>[\/vc_column_text][\/vc_column_inner][\/vc_row_inner][vc_row_inner][vc_column_inner][vc_column_text]<\/p>\n<h3 style=\"text-align: center;\"><strong>Environmental Management System (EMS)<\/strong><\/h3>\n<p>[\/vc_column_text][\/vc_column_inner][\/vc_row_inner][vc_row_inner equal_height=&#8221;yes&#8221; content_placement=&#8221;middle&#8221;][vc_column_inner width=&#8221;1\/2&#8243;][vc_single_image image=&#8221;1172&#8243; img_size=&#8221;medium&#8221; alignment=&#8221;center&#8221; onclick=&#8221;custom_link&#8221; img_link_target=&#8221;_blank&#8221; link=&#8221;https:\/\/interfast.rs\/wp-content\/uploads\/2020\/06\/interfast-iso-14001-2008.jpg&#8221;][\/vc_column_inner][vc_column_inner width=&#8221;1\/2&#8243;][vc_column_text]<\/p>\n<blockquote>\n<p style=\"text-align: center;\"><strong><a href=\"https:\/\/interfast.rs\/wp-content\/uploads\/2020\/06\/interfast-iso-14001-2008.jpg\" target=\"_blank\" rel=\"noopener noreferrer\">SRPS ISO 14001:2015<\/a> &#8211; introduced in 2011.<\/strong><\/p>\n<\/blockquote>\n<p>[\/vc_column_text][\/vc_column_inner][\/vc_row_inner][vc_row_inner equal_height=&#8221;yes&#8221; content_placement=&#8221;middle&#8221;][vc_column_inner width=&#8221;1\/2&#8243;][vc_single_image image=&#8221;1174&#8243; img_size=&#8221;medium&#8221; alignment=&#8221;center&#8221; onclick=&#8221;custom_link&#8221; img_link_target=&#8221;_blank&#8221; link=&#8221;https:\/\/interfast.rs\/wp-content\/uploads\/2020\/06\/interfast-ohsas-18001-2007.jpg&#8221;][\/vc_column_inner][vc_column_inner width=&#8221;1\/2&#8243;][vc_column_text]<\/p>\n<blockquote>\n<p style=\"text-align: center;\"><strong><a href=\"https:\/\/interfast.rs\/wp-content\/uploads\/2020\/06\/interfast-ohsas-18001-2007.jpg\" target=\"_blank\" rel=\"noopener noreferrer\">ISO 14001:2015<\/a> &#8211; introduced in 2013. <\/strong><\/p>\n<\/blockquote>\n<p>[\/vc_column_text][vc_column_text][\/vc_column_text][\/vc_column_inner][\/vc_row_inner][vc_row_inner equal_height=&#8221;yes&#8221; content_placement=&#8221;middle&#8221;][vc_column_inner width=&#8221;1\/2&#8243;][vc_single_image image=&#8221;1176&#8243; img_size=&#8221;medium&#8221; alignment=&#8221;center&#8221; onclick=&#8221;custom_link&#8221; img_link_target=&#8221;_blank&#8221; link=&#8221;https:\/\/interfast.rs\/wp-content\/uploads\/2020\/06\/interfast-srps-iso-14001-2015.jpg&#8221;][\/vc_column_inner][vc_column_inner width=&#8221;1\/2&#8243;][vc_column_text]<\/p>\n<blockquote>\n<p style=\"text-align: center;\"><strong><a href=\"https:\/\/interfast.rs\/wp-content\/uploads\/2020\/06\/interfast-srps-iso-14001-2015.jpg\" target=\"_blank\" rel=\"noopener noreferrer\">ISO 14001:2015<\/a> &#8211; introduced in 2015. <\/strong><\/p>\n<\/blockquote>\n<p>[\/vc_column_text][vc_column_text][\/vc_column_text][\/vc_column_inner][\/vc_row_inner][vc_row_inner][vc_column_inner][vc_column_text]<\/p>\n<h3 style=\"text-align: center;\"><strong>Occupational Health and Safety (OHSAS)<\/strong><\/h3>\n<p>[\/vc_column_text][\/vc_column_inner][\/vc_row_inner][vc_row_inner equal_height=&#8221;yes&#8221; content_placement=&#8221;middle&#8221;][vc_column_inner width=&#8221;1\/2&#8243;][vc_single_image image=&#8221;1178&#8243; img_size=&#8221;medium&#8221; alignment=&#8221;center&#8221; onclick=&#8221;custom_link&#8221; img_link_target=&#8221;_blank&#8221; link=&#8221;https:\/\/interfast.rs\/wp-content\/uploads\/2020\/06\/interfast-ohsas-18001-2007-1.jpg&#8221;][\/vc_column_inner][vc_column_inner width=&#8221;1\/2&#8243;][vc_column_text]<\/p>\n<blockquote>\n<p style=\"text-align: center;\"><strong><a href=\"https:\/\/interfast.rs\/wp-content\/uploads\/2020\/06\/interfast-ohsas-18001-2007-1.jpg\" target=\"_blank\" rel=\"noopener noreferrer\">SRPS OHSAS 18001:2008<\/a> &#8211; introduced in 2011.<\/strong><\/p>\n<\/blockquote>\n<p>[\/vc_column_text][\/vc_column_inner][\/vc_row_inner][vc_row_inner equal_height=&#8221;yes&#8221; content_placement=&#8221;middle&#8221;][vc_column_inner width=&#8221;1\/2&#8243;][vc_single_image image=&#8221;1180&#8243; img_size=&#8221;medium&#8221; alignment=&#8221;center&#8221; onclick=&#8221;custom_link&#8221; img_link_target=&#8221;_blank&#8221; link=&#8221;https:\/\/interfast.rs\/wp-content\/uploads\/2020\/06\/interfast-ohsas-18001-2007-2.jpg&#8221;][\/vc_column_inner][vc_column_inner width=&#8221;1\/2&#8243;][vc_column_text]<\/p>\n<blockquote>\n<p style=\"text-align: center;\"><strong><a href=\"https:\/\/interfast.rs\/wp-content\/uploads\/2020\/06\/interfast-ohsas-18001-2007-2.jpg\" target=\"_blank\" rel=\"noopener noreferrer\">OHSAS 18001:2007<\/a> &#8211; introduced in 2013.<\/strong><\/p>\n<\/blockquote>\n<p>[\/vc_column_text][\/vc_column_inner][\/vc_row_inner][vc_row_inner equal_height=&#8221;yes&#8221; content_placement=&#8221;middle&#8221;][vc_column_inner width=&#8221;1\/2&#8243;][vc_single_image image=&#8221;1182&#8243; img_size=&#8221;medium&#8221; alignment=&#8221;center&#8221; onclick=&#8221;custom_link&#8221; img_link_target=&#8221;_blank&#8221; link=&#8221;https:\/\/interfast.rs\/wp-content\/uploads\/2020\/06\/interfast-srps-ohsas-18001-2008.jpg&#8221;][\/vc_column_inner][vc_column_inner width=&#8221;1\/2&#8243;][vc_column_text]<\/p>\n<blockquote>\n<p style=\"text-align: center;\"><strong><a href=\"https:\/\/interfast.rs\/wp-content\/uploads\/2020\/06\/interfast-srps-ohsas-18001-2008.jpg\" target=\"_blank\" rel=\"noopener noreferrer\">SRPS OHSAS 18001:2008<\/a> &#8211; introduced in 2013.<\/strong><\/p>\n<\/blockquote>\n<p>[\/vc_column_text][\/vc_column_inner][\/vc_row_inner][vc_row_inner][vc_column_inner][vc_column_text]<\/p>\n<h3 style=\"text-align: center;\"><strong>Energy management system<\/strong><\/h3>\n<p>[\/vc_column_text][\/vc_column_inner][\/vc_row_inner][vc_row_inner equal_height=&#8221;yes&#8221; content_placement=&#8221;middle&#8221;][vc_column_inner width=&#8221;1\/2&#8243;][vc_single_image image=&#8221;1184&#8243; img_size=&#8221;medium&#8221; alignment=&#8221;center&#8221; onclick=&#8221;custom_link&#8221; img_link_target=&#8221;_blank&#8221; link=&#8221;https:\/\/interfast.rs\/wp-content\/uploads\/2020\/06\/interfast-iso-50001-2012.jpg&#8221;][\/vc_column_inner][vc_column_inner width=&#8221;1\/2&#8243;][vc_column_text]<\/p>\n<blockquote>\n<p style=\"text-align: center;\"><strong><a href=\"https:\/\/interfast.rs\/wp-content\/uploads\/2020\/06\/interfast-iso-50001-2012.jpg\" target=\"_blank\" rel=\"noopener noreferrer\">ISO 50001:2012<\/a> &#8211; introduced in 2015.<\/strong><\/p>\n<\/blockquote>\n<p>[\/vc_column_text][\/vc_column_inner][\/vc_row_inner][vc_row_inner equal_height=&#8221;yes&#8221; content_placement=&#8221;middle&#8221;][vc_column_inner width=&#8221;1\/2&#8243;][vc_single_image image=&#8221;1186&#8243; img_size=&#8221;medium&#8221; alignment=&#8221;center&#8221; onclick=&#8221;custom_link&#8221; img_link_target=&#8221;_blank&#8221; link=&#8221;https:\/\/interfast.rs\/wp-content\/uploads\/2020\/06\/interfast-srps-iso-50001-2012.jpg&#8221;][\/vc_column_inner][vc_column_inner width=&#8221;1\/2&#8243;][vc_column_text]<\/p>\n<blockquote>\n<p style=\"text-align: center;\"><strong><a href=\"https:\/\/interfast.rs\/wp-content\/uploads\/2020\/06\/interfast-srps-iso-50001-2012.jpg\" target=\"_blank\" rel=\"noopener noreferrer\">ISO 50001:2012<\/a> &#8211; introduced in 2015.<\/strong><\/p>\n<\/blockquote>\n<p>[\/vc_column_text][\/vc_column_inner][\/vc_row_inner][vc_row_inner][vc_column_inner][vc_column_text]<\/p>\n<h3 style=\"text-align: center;\"><strong>Certificate of management system certification<\/strong><\/h3>\n<p>[\/vc_column_text][\/vc_column_inner][\/vc_row_inner][vc_row_inner equal_height=&#8221;yes&#8221; content_placement=&#8221;middle&#8221;][vc_column_inner width=&#8221;1\/2&#8243;][vc_single_image image=&#8221;1188&#8243; img_size=&#8221;medium&#8221; alignment=&#8221;center&#8221; onclick=&#8221;custom_link&#8221; img_link_target=&#8221;_blank&#8221; link=&#8221;https:\/\/interfast.rs\/wp-content\/uploads\/2020\/06\/interfast-potvrda-isoqar.jpg&#8221;][\/vc_column_inner][vc_column_inner width=&#8221;1\/2&#8243;][vc_column_text]<\/p>\n<blockquote>\n<p style=\"text-align: center;\"><strong><a href=\"https:\/\/interfast.rs\/wp-content\/uploads\/2020\/06\/interfast-potvrda-isoqar.jpg\" target=\"_blank\" rel=\"noopener noreferrer\">Certificate of management system certification<\/a> &#8211; from 2019.<\/strong><\/p>\n<\/blockquote>\n<p>[\/vc_column_text][\/vc_column_inner][\/vc_row_inner][vc_row_inner equal_height=&#8221;yes&#8221; content_placement=&#8221;middle&#8221;][vc_column_inner width=&#8221;1\/2&#8243;][vc_single_image image=&#8221;1261&#8243; img_size=&#8221;medium&#8221; alignment=&#8221;center&#8221; onclick=&#8221;custom_link&#8221; img_link_target=&#8221;_blank&#8221; link=&#8221;https:\/\/interfast.rs\/wp-content\/uploads\/2020\/06\/srps-iso-27001-2014.jpg&#8221;][\/vc_column_inner][vc_column_inner width=&#8221;1\/2&#8243;][vc_column_text]<\/p>\n<blockquote>\n<p style=\"text-align: center;\"><strong><a href=\"https:\/\/interfast.rs\/wp-content\/uploads\/2020\/06\/srps-iso-27001-2014.jpg\" target=\"_blank\" rel=\"noopener noreferrer\">SRPS ISO 27001:2014<\/a> &#8211; from 2014.<\/strong><\/p>\n<\/blockquote>\n<p>[\/vc_column_text][\/vc_column_inner][\/vc_row_inner][vc_row_inner equal_height=&#8221;yes&#8221; content_placement=&#8221;middle&#8221;][vc_column_inner width=&#8221;1\/2&#8243;][vc_single_image image=&#8221;1263&#8243; img_size=&#8221;medium&#8221; alignment=&#8221;center&#8221; onclick=&#8221;custom_link&#8221; img_link_target=&#8221;_blank&#8221; link=&#8221;https:\/\/interfast.rs\/wp-content\/uploads\/2020\/06\/srps-iso-37001-2017.jpg&#8221;][\/vc_column_inner][vc_column_inner width=&#8221;1\/2&#8243;][vc_column_text]<\/p>\n<blockquote>\n<p style=\"text-align: center;\"><strong><a href=\"https:\/\/interfast.rs\/wp-content\/uploads\/2020\/06\/srps-iso-37001-2017.jpg\" target=\"_blank\" rel=\"noopener noreferrer\">SRSP ISO 37001:2017<\/a> &#8211; from 2017.<\/strong><\/p>\n<\/blockquote>\n<p>[\/vc_column_text][\/vc_column_inner][\/vc_row_inner][vc_row_inner equal_height=&#8221;yes&#8221; content_placement=&#8221;middle&#8221;][vc_column_inner width=&#8221;1\/2&#8243;][vc_single_image image=&#8221;1259&#8243; img_size=&#8221;medium&#8221; alignment=&#8221;center&#8221; onclick=&#8221;custom_link&#8221; img_link_target=&#8221;_blank&#8221; link=&#8221;https:\/\/interfast.rs\/wp-content\/uploads\/2020\/06\/srps-iso-22301-2020.jpg&#8221;][\/vc_column_inner][vc_column_inner width=&#8221;1\/2&#8243;][vc_column_text]<\/p>\n<blockquote>\n<p style=\"text-align: center;\"><strong><a href=\"https:\/\/interfast.rs\/wp-content\/uploads\/2020\/06\/srps-iso-22301-2020.jpg\" target=\"_blank\" rel=\"noopener noreferrer\">SRSP ISO 22301:2020<\/a> &#8211; from 2019.<\/strong><\/p>\n<\/blockquote>\n<p>[\/vc_column_text][\/vc_column_inner][\/vc_row_inner][vc_column_text]<\/p>\n<blockquote>\n<p style=\"text-align: center;\"><strong>Excellent SME<\/strong><\/p>\n<\/blockquote>\n<p>Care about the quality of the works is our business policy foundation, and it certainly would not be complete without the application of standards for environmental protection, as well as the standards on the health and safety protection of our employees.<\/p>\n<p>Certificates of compliance with modern standards of business are just another guarantee for the high quality of services we provide in the field of electric power engineering.[\/vc_column_text][\/vc_column][\/vc_row]<\/p>\n","protected":false},"excerpt":{"rendered":"<p>[vc_row][vc_column offset=&#8221;vc_col-lg-3\/5 vc_col-md-3\/5&#8243;][vc_column_text]In addition to the experience of our management team and employees with the necessary licenses, and recognitions for the works carried out so far, and having modern machinery and tools, we guarantee our business partners the quality of our services also with certificates on meeting the required standards in the field of engineering, [&hellip;]<\/p>\n","protected":false},"author":1,"featured_media":0,"parent":459,"menu_order":20,"comment_status":"closed","ping_status":"closed","template":"","meta":{"footnotes":""},"class_list":["post-468","page","type-page","status-publish","hentry"],"yoast_head":"<!-- This site is optimized with the Yoast SEO plugin v27.2 - https:\/\/yoast.com\/product\/yoast-seo-wordpress\/ -->\n<title>Quality Standards - Interfast d.o.o.<\/title>\n<meta name=\"robots\" content=\"index, follow, max-snippet:-1, max-image-preview:large, max-video-preview:-1\" \/>\n<link rel=\"canonical\" href=\"https:\/\/interfast.rs\/en\/about-us\/quality-standards\/\" \/>\n<meta property=\"og:locale\" content=\"en_US\" \/>\n<meta property=\"og:type\" content=\"article\" \/>\n<meta property=\"og:title\" content=\"Quality Standards - Interfast d.o.o.\" \/>\n<meta property=\"og:description\" content=\"[vc_row][vc_column offset=&#8221;vc_col-lg-3\/5 vc_col-md-3\/5&#8243;][vc_column_text]In addition to the experience of our management team and employees with the necessary licenses, and recognitions for the works carried out so far, and having modern machinery and tools, we guarantee our business partners the quality of our services also with certificates on meeting the required standards in the field of engineering, [&hellip;]\" \/>\n<meta property=\"og:url\" content=\"https:\/\/interfast.rs\/en\/about-us\/quality-standards\/\" \/>\n<meta property=\"og:site_name\" content=\"Interfast d.o.o.\" \/>\n<meta property=\"article:modified_time\" content=\"2020-06-29T13:34:30+00:00\" \/>\n<meta name=\"twitter:card\" content=\"summary_large_image\" \/>\n<meta name=\"twitter:label1\" content=\"Est. reading time\" \/>\n\t<meta name=\"twitter:data1\" content=\"6 minutes\" \/>\n<script type=\"application\/ld+json\" class=\"yoast-schema-graph\">{\"@context\":\"https:\/\/schema.org\",\"@graph\":[{\"@type\":\"WebPage\",\"@id\":\"https:\/\/interfast.rs\/en\/about-us\/quality-standards\/\",\"url\":\"https:\/\/interfast.rs\/en\/about-us\/quality-standards\/\",\"name\":\"Quality Standards - Interfast d.o.o.\",\"isPartOf\":{\"@id\":\"https:\/\/interfast.rs\/#website\"},\"datePublished\":\"2020-04-07T22:44:22+00:00\",\"dateModified\":\"2020-06-29T13:34:30+00:00\",\"breadcrumb\":{\"@id\":\"https:\/\/interfast.rs\/en\/about-us\/quality-standards\/#breadcrumb\"},\"inLanguage\":\"en-US\",\"potentialAction\":[{\"@type\":\"ReadAction\",\"target\":[\"https:\/\/interfast.rs\/en\/about-us\/quality-standards\/\"]}]},{\"@type\":\"BreadcrumbList\",\"@id\":\"https:\/\/interfast.rs\/en\/about-us\/quality-standards\/#breadcrumb\",\"itemListElement\":[{\"@type\":\"ListItem\",\"position\":1,\"name\":\"Home\",\"item\":\"https:\/\/interfast.rs\/en\/home\/\"},{\"@type\":\"ListItem\",\"position\":2,\"name\":\"About us\",\"item\":\"https:\/\/interfast.rs\/en\/\"},{\"@type\":\"ListItem\",\"position\":3,\"name\":\"Quality Standards\"}]},{\"@type\":\"WebSite\",\"@id\":\"https:\/\/interfast.rs\/#website\",\"url\":\"https:\/\/interfast.rs\/\",\"name\":\"Interfast d.o.o.\",\"description\":\"Projektovanje i izvo\u0111enje elektroradova u gra\u0111evinarstvu i gra\u0111evinskim radovima\",\"potentialAction\":[{\"@type\":\"SearchAction\",\"target\":{\"@type\":\"EntryPoint\",\"urlTemplate\":\"https:\/\/interfast.rs\/?s={search_term_string}\"},\"query-input\":{\"@type\":\"PropertyValueSpecification\",\"valueRequired\":true,\"valueName\":\"search_term_string\"}}],\"inLanguage\":\"en-US\"}]}<\/script>\n<!-- \/ Yoast SEO plugin. -->","yoast_head_json":{"title":"Quality Standards - Interfast d.o.o.","robots":{"index":"index","follow":"follow","max-snippet":"max-snippet:-1","max-image-preview":"max-image-preview:large","max-video-preview":"max-video-preview:-1"},"canonical":"https:\/\/interfast.rs\/en\/about-us\/quality-standards\/","og_locale":"en_US","og_type":"article","og_title":"Quality Standards - Interfast d.o.o.","og_description":"[vc_row][vc_column offset=&#8221;vc_col-lg-3\/5 vc_col-md-3\/5&#8243;][vc_column_text]In addition to the experience of our management team and employees with the necessary licenses, and recognitions for the works carried out so far, and having modern machinery and tools, we guarantee our business partners the quality of our services also with certificates on meeting the required standards in the field of engineering, [&hellip;]","og_url":"https:\/\/interfast.rs\/en\/about-us\/quality-standards\/","og_site_name":"Interfast d.o.o.","article_modified_time":"2020-06-29T13:34:30+00:00","twitter_card":"summary_large_image","twitter_misc":{"Est. reading time":"6 minutes"},"schema":{"@context":"https:\/\/schema.org","@graph":[{"@type":"WebPage","@id":"https:\/\/interfast.rs\/en\/about-us\/quality-standards\/","url":"https:\/\/interfast.rs\/en\/about-us\/quality-standards\/","name":"Quality Standards - Interfast d.o.o.","isPartOf":{"@id":"https:\/\/interfast.rs\/#website"},"datePublished":"2020-04-07T22:44:22+00:00","dateModified":"2020-06-29T13:34:30+00:00","breadcrumb":{"@id":"https:\/\/interfast.rs\/en\/about-us\/quality-standards\/#breadcrumb"},"inLanguage":"en-US","potentialAction":[{"@type":"ReadAction","target":["https:\/\/interfast.rs\/en\/about-us\/quality-standards\/"]}]},{"@type":"BreadcrumbList","@id":"https:\/\/interfast.rs\/en\/about-us\/quality-standards\/#breadcrumb","itemListElement":[{"@type":"ListItem","position":1,"name":"Home","item":"https:\/\/interfast.rs\/en\/home\/"},{"@type":"ListItem","position":2,"name":"About us","item":"https:\/\/interfast.rs\/en\/"},{"@type":"ListItem","position":3,"name":"Quality Standards"}]},{"@type":"WebSite","@id":"https:\/\/interfast.rs\/#website","url":"https:\/\/interfast.rs\/","name":"Interfast d.o.o.","description":"Projektovanje i izvo\u0111enje elektroradova u gra\u0111evinarstvu i gra\u0111evinskim radovima","potentialAction":[{"@type":"SearchAction","target":{"@type":"EntryPoint","urlTemplate":"https:\/\/interfast.rs\/?s={search_term_string}"},"query-input":{"@type":"PropertyValueSpecification","valueRequired":true,"valueName":"search_term_string"}}],"inLanguage":"en-US"}]}},"_links":{"self":[{"href":"https:\/\/interfast.rs\/en\/wp-json\/wp\/v2\/pages\/468","targetHints":{"allow":["GET"]}}],"collection":[{"href":"https:\/\/interfast.rs\/en\/wp-json\/wp\/v2\/pages"}],"about":[{"href":"https:\/\/interfast.rs\/en\/wp-json\/wp\/v2\/types\/page"}],"author":[{"embeddable":true,"href":"https:\/\/interfast.rs\/en\/wp-json\/wp\/v2\/users\/1"}],"replies":[{"embeddable":true,"href":"https:\/\/interfast.rs\/en\/wp-json\/wp\/v2\/comments?post=468"}],"version-history":[{"count":4,"href":"https:\/\/interfast.rs\/en\/wp-json\/wp\/v2\/pages\/468\/revisions"}],"predecessor-version":[{"id":1190,"href":"https:\/\/interfast.rs\/en\/wp-json\/wp\/v2\/pages\/468\/revisions\/1190"}],"up":[{"embeddable":true,"href":"https:\/\/interfast.rs\/en\/wp-json\/wp\/v2\/pages\/459"}],"wp:attachment":[{"href":"https:\/\/interfast.rs\/en\/wp-json\/wp\/v2\/media?parent=468"}],"curies":[{"name":"wp","href":"https:\/\/api.w.org\/{rel}","templated":true}]}}