{"id":471,"date":"2020-04-08T01:25:01","date_gmt":"2020-04-07T23:25:01","guid":{"rendered":"https:\/\/interfast.rs\/about-us\/korporativna-drustvena-odgovornost\/"},"modified":"2020-07-28T12:18:21","modified_gmt":"2020-07-28T10:18:21","slug":"corporate-social-responsibility","status":"publish","type":"page","link":"https:\/\/interfast.rs\/en\/about-us\/corporate-social-responsibility\/","title":{"rendered":"Corporate social responsibility"},"content":{"rendered":"<p>[vc_row][vc_column offset=&#8221;vc_col-lg-3\/5 vc_col-md-3\/5&#8243;][vc_column_text]&#8221;Interfast&#8221; understands the importance of corporate social responsibility (CSR), and in accordance with its capabilities supports <strong>humanitarian activities and sporting events<\/strong>.[\/vc_column_text][vc_row_inner][vc_column_inner][vc_column_text]<\/p>\n<h3 style=\"text-align: center;\"><strong>Overview of part of the projects and organizations that we have helped:<\/strong><\/h3>\n<p>[\/vc_column_text][\/vc_column_inner][\/vc_row_inner][vc_row_inner equal_height=&#8221;yes&#8221; content_placement=&#8221;middle&#8221;][vc_column_inner][vc_column_text]<\/p>\n<blockquote>\n<p style=\"text-align: center;\">Project &#8220;House from the Heart&#8221; organized by B92 in Ov\u010da, Jakovo and Kikinda<\/p>\n<\/blockquote>\n<p>[\/vc_column_text][vc_column_text]<\/p>\n<blockquote>\n<p style=\"text-align: center;\">Humanitarian sporting event &#8220;Continue the Tradition&#8221;, 2013.<\/p>\n<\/blockquote>\n<p>[\/vc_column_text][\/vc_column_inner][\/vc_row_inner][vc_row_inner equal_height=&#8221;yes&#8221; content_placement=&#8221;middle&#8221;][vc_column_inner width=&#8221;1\/2&#8243;][vc_single_image image=&#8221;1111&#8243; img_size=&#8221;medium&#8221; alignment=&#8221;center&#8221; onclick=&#8221;custom_link&#8221; img_link_target=&#8221;_blank&#8221; link=&#8221;https:\/\/interfast.rs\/wp-content\/uploads\/2020\/06\/interfast-sff-evo-ruke.jpg&#8221;][\/vc_column_inner][vc_column_inner width=&#8221;1\/2&#8243;][vc_column_text]<\/p>\n<blockquote>\n<p style=\"text-align: center;\"><a href=\"https:\/\/interfast.rs\/wp-content\/uploads\/2020\/06\/interfast-sff-evo-ruke.jpg\" target=\"_blank\" rel=\"noopener noreferrer\">Serbian Philanthropy Forum and the Association &#8220;Here&#8217;s my hand&#8221;, 2013.<\/a><\/p>\n<\/blockquote>\n<p>[\/vc_column_text][\/vc_column_inner][\/vc_row_inner][vc_row_inner][vc_column_inner][vc_column_text]<\/p>\n<blockquote>\n<p style=\"text-align: center;\">Organization &#8220;Little Big Men&#8221;, Belgrade<\/p>\n<\/blockquote>\n<p>[\/vc_column_text][\/vc_column_inner][\/vc_row_inner][vc_row_inner equal_height=&#8221;yes&#8221; content_placement=&#8221;middle&#8221;][vc_column_inner width=&#8221;1\/2&#8243;][vc_single_image image=&#8221;1114&#8243; img_size=&#8221;medium&#8221; alignment=&#8221;center&#8221; onclick=&#8221;custom_link&#8221; img_link_target=&#8221;_blank&#8221; link=&#8221;https:\/\/interfast.rs\/wp-content\/uploads\/2020\/06\/interfast-fk-duskovci.jpg&#8221;][\/vc_column_inner][vc_column_inner width=&#8221;1\/2&#8243;][vc_column_text]<\/p>\n<blockquote>\n<p style=\"text-align: center;\"><a href=\"https:\/\/interfast.rs\/wp-content\/uploads\/2020\/06\/interfast-fk-duskovci.jpg\" target=\"_blank\" rel=\"noopener noreferrer\">Football club &#8220;Du\u0161kovci&#8221;, 2011.<\/a><\/p>\n<\/blockquote>\n<p>[\/vc_column_text][\/vc_column_inner][\/vc_row_inner][vc_row_inner equal_height=&#8221;yes&#8221; content_placement=&#8221;middle&#8221;][vc_column_inner width=&#8221;1\/2&#8243;][vc_single_image image=&#8221;1118&#8243; img_size=&#8221;medium&#8221; alignment=&#8221;center&#8221; onclick=&#8221;custom_link&#8221; img_link_target=&#8221;_blank&#8221; link=&#8221;https:\/\/interfast.rs\/wp-content\/uploads\/2020\/06\/interfast-centar-zastitu-odojcadi-dece-omladine.jpg&#8221;][\/vc_column_inner][vc_column_inner width=&#8221;1\/2&#8243;][vc_column_text]<\/p>\n<blockquote>\n<p style=\"text-align: center;\"><a href=\"https:\/\/interfast.rs\/wp-content\/uploads\/2020\/06\/interfast-centar-zastitu-odojcadi-dece-omladine.jpg\" target=\"_blank\" rel=\"noopener noreferrer\">Center for the Protection of Infants, Children and Youth, Belgrade<\/a><\/p>\n<\/blockquote>\n<p>[\/vc_column_text][\/vc_column_inner][\/vc_row_inner][vc_row_inner equal_height=&#8221;yes&#8221; content_placement=&#8221;middle&#8221;][vc_column_inner width=&#8221;1\/2&#8243;][vc_single_image image=&#8221;1120&#8243; img_size=&#8221;medium&#8221; alignment=&#8221;center&#8221; onclick=&#8221;custom_link&#8221; img_link_target=&#8221;_blank&#8221; link=&#8221;https:\/\/interfast.rs\/wp-content\/uploads\/2020\/06\/interfast-decije-srce.jpg&#8221;][\/vc_column_inner][vc_column_inner width=&#8221;1\/2&#8243;][vc_column_text]<\/p>\n<blockquote>\n<p style=\"text-align: center;\"><a href=\"https:\/\/interfast.rs\/wp-content\/uploads\/2020\/06\/interfast-decije-srce.jpg\" target=\"_blank\" rel=\"noopener noreferrer\">Humanitarian organization for help to the persons with disabilities &#8220;Child&#8217;s Heart&#8221;<\/a><\/p>\n<\/blockquote>\n<p>[\/vc_column_text][\/vc_column_inner][\/vc_row_inner][vc_row_inner][vc_column_inner][vc_column_text]<\/p>\n<h3 style=\"text-align: center;\"><strong>We have received the following awards:<\/strong><\/h3>\n<p>[\/vc_column_text][\/vc_column_inner][\/vc_row_inner][vc_row_inner equal_height=&#8221;yes&#8221; content_placement=&#8221;middle&#8221;][vc_column_inner width=&#8221;1\/2&#8243;][vc_single_image image=&#8221;1122&#8243; img_size=&#8221;medium&#8221; alignment=&#8221;center&#8221; onclick=&#8221;custom_link&#8221; img_link_target=&#8221;_blank&#8221; link=&#8221;https:\/\/interfast.rs\/wp-content\/uploads\/2020\/06\/interfast-delta-real-estate.jpg&#8221;][\/vc_column_inner][vc_column_inner width=&#8221;1\/2&#8243;][vc_column_text]<\/p>\n<blockquote>\n<p style=\"text-align: center;\"><a href=\"https:\/\/interfast.rs\/wp-content\/uploads\/2020\/06\/interfast-delta-real-estate.jpg\" target=\"_blank\" rel=\"noopener noreferrer\">Award &#8220;Delta Real Estate&#8221;, Belgrade, 2013.<\/a><\/p>\n<\/blockquote>\n<p>[\/vc_column_text][\/vc_column_inner][\/vc_row_inner][vc_row_inner equal_height=&#8221;yes&#8221; content_placement=&#8221;middle&#8221;][vc_column_inner width=&#8221;1\/2&#8243;][vc_single_image image=&#8221;1124&#8243; img_size=&#8221;medium&#8221; alignment=&#8221;center&#8221; onclick=&#8221;custom_link&#8221; img_link_target=&#8221;_blank&#8221; link=&#8221;https:\/\/interfast.rs\/wp-content\/uploads\/2020\/06\/interfast-gramata-nikanor.jpg&#8221;][\/vc_column_inner][vc_column_inner width=&#8221;1\/2&#8243;][vc_column_text]<\/p>\n<blockquote>\n<p style=\"text-align: center;\"><a href=\"https:\/\/interfast.rs\/wp-content\/uploads\/2020\/06\/interfast-gramata-nikanor.jpg\" target=\"_blank\" rel=\"noopener noreferrer\">Gramata of Banat\u2019s Bishop Nikanor, 2012.<\/a><\/p>\n<\/blockquote>\n<p>[\/vc_column_text][\/vc_column_inner][\/vc_row_inner][vc_row_inner equal_height=&#8221;yes&#8221; content_placement=&#8221;middle&#8221;][vc_column_inner width=&#8221;1\/2&#8243;][vc_single_image image=&#8221;1126&#8243; img_size=&#8221;medium&#8221; alignment=&#8221;center&#8221; onclick=&#8221;custom_link&#8221; img_link_target=&#8221;_blank&#8221; link=&#8221;https:\/\/interfast.rs\/wp-content\/uploads\/2020\/06\/interfast-karate-klub-buducnost-2009.jpg&#8221;][\/vc_column_inner][vc_column_inner width=&#8221;1\/2&#8243;][vc_column_text]<\/p>\n<blockquote>\n<p style=\"text-align: center;\"><a href=\"https:\/\/interfast.rs\/wp-content\/uploads\/2020\/06\/interfast-karate-klub-buducnost-2009.jpg\" target=\"_blank\" rel=\"noopener noreferrer\">Recognition of Carate Club &#8220;Budu\u0107nost&#8221;, Belgrade, 2009.<\/a><\/p>\n<\/blockquote>\n<p>[\/vc_column_text][\/vc_column_inner][\/vc_row_inner][vc_row_inner equal_height=&#8221;yes&#8221; content_placement=&#8221;middle&#8221;][vc_column_inner width=&#8221;1\/2&#8243;][vc_single_image image=&#8221;1128&#8243; img_size=&#8221;medium&#8221; alignment=&#8221;center&#8221; onclick=&#8221;custom_link&#8221; img_link_target=&#8221;_blank&#8221; link=&#8221;https:\/\/interfast.rs\/wp-content\/uploads\/2020\/06\/interfast-karate-klub-buducnost-2010.jpg&#8221;][\/vc_column_inner][vc_column_inner width=&#8221;1\/2&#8243;][vc_column_text]<\/p>\n<blockquote>\n<p style=\"text-align: center;\"><a href=\"https:\/\/interfast.rs\/wp-content\/uploads\/2020\/06\/interfast-karate-klub-buducnost-2010.jpg\" target=\"_blank\" rel=\"noopener noreferrer\">Recognition of Carate Club &#8220;Budu\u0107nost&#8221;, Belgrade, 2010.<\/a><\/p>\n<\/blockquote>\n<p>[\/vc_column_text][\/vc_column_inner][\/vc_row_inner][\/vc_column][\/vc_row]<\/p>\n","protected":false},"excerpt":{"rendered":"<p>[vc_row][vc_column offset=&#8221;vc_col-lg-3\/5 vc_col-md-3\/5&#8243;][vc_column_text]&#8221;Interfast&#8221; understands the importance of corporate social responsibility (CSR), and in accordance with its capabilities supports humanitarian activities and sporting events.[\/vc_column_text][vc_row_inner][vc_column_inner][vc_column_text] Overview of part of the projects and organizations that we have helped: [\/vc_column_text][\/vc_column_inner][\/vc_row_inner][vc_row_inner equal_height=&#8221;yes&#8221; content_placement=&#8221;middle&#8221;][vc_column_inner][vc_column_text] Project &#8220;House from the Heart&#8221; organized by B92 in Ov\u010da, Jakovo and Kikinda [\/vc_column_text][vc_column_text] Humanitarian sporting event [&hellip;]<\/p>\n","protected":false},"author":1,"featured_media":0,"parent":459,"menu_order":30,"comment_status":"closed","ping_status":"closed","template":"","meta":{"footnotes":""},"class_list":["post-471","page","type-page","status-publish","hentry"],"yoast_head":"<!-- This site is optimized with the Yoast SEO plugin v27.4 - https:\/\/yoast.com\/product\/yoast-seo-wordpress\/ -->\n<title>Corporate social responsibility - Interfast d.o.o.<\/title>\n<meta name=\"robots\" content=\"index, follow, max-snippet:-1, max-image-preview:large, max-video-preview:-1\" \/>\n<link rel=\"canonical\" href=\"https:\/\/interfast.rs\/en\/about-us\/corporate-social-responsibility\/\" \/>\n<meta property=\"og:locale\" content=\"en_US\" \/>\n<meta property=\"og:type\" content=\"article\" \/>\n<meta property=\"og:title\" content=\"Corporate social responsibility - Interfast d.o.o.\" \/>\n<meta property=\"og:description\" content=\"[vc_row][vc_column offset=&#8221;vc_col-lg-3\/5 vc_col-md-3\/5&#8243;][vc_column_text]&#8221;Interfast&#8221; understands the importance of corporate social responsibility (CSR), and in accordance with its capabilities supports humanitarian activities and sporting events.[\/vc_column_text][vc_row_inner][vc_column_inner][vc_column_text] Overview of part of the projects and organizations that we have helped: [\/vc_column_text][\/vc_column_inner][\/vc_row_inner][vc_row_inner equal_height=&#8221;yes&#8221; content_placement=&#8221;middle&#8221;][vc_column_inner][vc_column_text] Project &#8220;House from the Heart&#8221; organized by B92 in Ov\u010da, Jakovo and Kikinda [\/vc_column_text][vc_column_text] Humanitarian sporting event [&hellip;]\" \/>\n<meta property=\"og:url\" content=\"https:\/\/interfast.rs\/en\/about-us\/corporate-social-responsibility\/\" \/>\n<meta property=\"og:site_name\" content=\"Interfast d.o.o.\" \/>\n<meta property=\"article:modified_time\" content=\"2020-07-28T10:18:21+00:00\" \/>\n<meta name=\"twitter:card\" content=\"summary_large_image\" \/>\n<meta name=\"twitter:label1\" content=\"Est. reading time\" \/>\n\t<meta name=\"twitter:data1\" content=\"3 minutes\" \/>\n<script type=\"application\/ld+json\" class=\"yoast-schema-graph\">{\"@context\":\"https:\\\/\\\/schema.org\",\"@graph\":[{\"@type\":\"WebPage\",\"@id\":\"https:\\\/\\\/interfast.rs\\\/en\\\/about-us\\\/corporate-social-responsibility\\\/\",\"url\":\"https:\\\/\\\/interfast.rs\\\/en\\\/about-us\\\/corporate-social-responsibility\\\/\",\"name\":\"Corporate social responsibility - Interfast d.o.o.\",\"isPartOf\":{\"@id\":\"https:\\\/\\\/interfast.rs\\\/#website\"},\"datePublished\":\"2020-04-07T23:25:01+00:00\",\"dateModified\":\"2020-07-28T10:18:21+00:00\",\"breadcrumb\":{\"@id\":\"https:\\\/\\\/interfast.rs\\\/en\\\/about-us\\\/corporate-social-responsibility\\\/#breadcrumb\"},\"inLanguage\":\"en-US\",\"potentialAction\":[{\"@type\":\"ReadAction\",\"target\":[\"https:\\\/\\\/interfast.rs\\\/en\\\/about-us\\\/corporate-social-responsibility\\\/\"]}]},{\"@type\":\"BreadcrumbList\",\"@id\":\"https:\\\/\\\/interfast.rs\\\/en\\\/about-us\\\/corporate-social-responsibility\\\/#breadcrumb\",\"itemListElement\":[{\"@type\":\"ListItem\",\"position\":1,\"name\":\"Home\",\"item\":\"https:\\\/\\\/interfast.rs\\\/en\\\/home\\\/\"},{\"@type\":\"ListItem\",\"position\":2,\"name\":\"About us\",\"item\":\"https:\\\/\\\/interfast.rs\\\/en\\\/\"},{\"@type\":\"ListItem\",\"position\":3,\"name\":\"Corporate social responsibility\"}]},{\"@type\":\"WebSite\",\"@id\":\"https:\\\/\\\/interfast.rs\\\/#website\",\"url\":\"https:\\\/\\\/interfast.rs\\\/\",\"name\":\"Interfast d.o.o.\",\"description\":\"Projektovanje i izvo\u0111enje elektroradova u gra\u0111evinarstvu i gra\u0111evinskim radovima\",\"potentialAction\":[{\"@type\":\"SearchAction\",\"target\":{\"@type\":\"EntryPoint\",\"urlTemplate\":\"https:\\\/\\\/interfast.rs\\\/?s={search_term_string}\"},\"query-input\":{\"@type\":\"PropertyValueSpecification\",\"valueRequired\":true,\"valueName\":\"search_term_string\"}}],\"inLanguage\":\"en-US\"}]}<\/script>\n<!-- \/ Yoast SEO plugin. -->","yoast_head_json":{"title":"Corporate social responsibility - Interfast d.o.o.","robots":{"index":"index","follow":"follow","max-snippet":"max-snippet:-1","max-image-preview":"max-image-preview:large","max-video-preview":"max-video-preview:-1"},"canonical":"https:\/\/interfast.rs\/en\/about-us\/corporate-social-responsibility\/","og_locale":"en_US","og_type":"article","og_title":"Corporate social responsibility - Interfast d.o.o.","og_description":"[vc_row][vc_column offset=&#8221;vc_col-lg-3\/5 vc_col-md-3\/5&#8243;][vc_column_text]&#8221;Interfast&#8221; understands the importance of corporate social responsibility (CSR), and in accordance with its capabilities supports humanitarian activities and sporting events.[\/vc_column_text][vc_row_inner][vc_column_inner][vc_column_text] Overview of part of the projects and organizations that we have helped: [\/vc_column_text][\/vc_column_inner][\/vc_row_inner][vc_row_inner equal_height=&#8221;yes&#8221; content_placement=&#8221;middle&#8221;][vc_column_inner][vc_column_text] Project &#8220;House from the Heart&#8221; organized by B92 in Ov\u010da, Jakovo and Kikinda [\/vc_column_text][vc_column_text] Humanitarian sporting event [&hellip;]","og_url":"https:\/\/interfast.rs\/en\/about-us\/corporate-social-responsibility\/","og_site_name":"Interfast d.o.o.","article_modified_time":"2020-07-28T10:18:21+00:00","twitter_card":"summary_large_image","twitter_misc":{"Est. reading time":"3 minutes"},"schema":{"@context":"https:\/\/schema.org","@graph":[{"@type":"WebPage","@id":"https:\/\/interfast.rs\/en\/about-us\/corporate-social-responsibility\/","url":"https:\/\/interfast.rs\/en\/about-us\/corporate-social-responsibility\/","name":"Corporate social responsibility - Interfast d.o.o.","isPartOf":{"@id":"https:\/\/interfast.rs\/#website"},"datePublished":"2020-04-07T23:25:01+00:00","dateModified":"2020-07-28T10:18:21+00:00","breadcrumb":{"@id":"https:\/\/interfast.rs\/en\/about-us\/corporate-social-responsibility\/#breadcrumb"},"inLanguage":"en-US","potentialAction":[{"@type":"ReadAction","target":["https:\/\/interfast.rs\/en\/about-us\/corporate-social-responsibility\/"]}]},{"@type":"BreadcrumbList","@id":"https:\/\/interfast.rs\/en\/about-us\/corporate-social-responsibility\/#breadcrumb","itemListElement":[{"@type":"ListItem","position":1,"name":"Home","item":"https:\/\/interfast.rs\/en\/home\/"},{"@type":"ListItem","position":2,"name":"About us","item":"https:\/\/interfast.rs\/en\/"},{"@type":"ListItem","position":3,"name":"Corporate social responsibility"}]},{"@type":"WebSite","@id":"https:\/\/interfast.rs\/#website","url":"https:\/\/interfast.rs\/","name":"Interfast d.o.o.","description":"Projektovanje i izvo\u0111enje elektroradova u gra\u0111evinarstvu i gra\u0111evinskim radovima","potentialAction":[{"@type":"SearchAction","target":{"@type":"EntryPoint","urlTemplate":"https:\/\/interfast.rs\/?s={search_term_string}"},"query-input":{"@type":"PropertyValueSpecification","valueRequired":true,"valueName":"search_term_string"}}],"inLanguage":"en-US"}]}},"_links":{"self":[{"href":"https:\/\/interfast.rs\/en\/wp-json\/wp\/v2\/pages\/471","targetHints":{"allow":["GET"]}}],"collection":[{"href":"https:\/\/interfast.rs\/en\/wp-json\/wp\/v2\/pages"}],"about":[{"href":"https:\/\/interfast.rs\/en\/wp-json\/wp\/v2\/types\/page"}],"author":[{"embeddable":true,"href":"https:\/\/interfast.rs\/en\/wp-json\/wp\/v2\/users\/1"}],"replies":[{"embeddable":true,"href":"https:\/\/interfast.rs\/en\/wp-json\/wp\/v2\/comments?post=471"}],"version-history":[{"count":3,"href":"https:\/\/interfast.rs\/en\/wp-json\/wp\/v2\/pages\/471\/revisions"}],"predecessor-version":[{"id":1154,"href":"https:\/\/interfast.rs\/en\/wp-json\/wp\/v2\/pages\/471\/revisions\/1154"}],"up":[{"embeddable":true,"href":"https:\/\/interfast.rs\/en\/wp-json\/wp\/v2\/pages\/459"}],"wp:attachment":[{"href":"https:\/\/interfast.rs\/en\/wp-json\/wp\/v2\/media?parent=471"}],"curies":[{"name":"wp","href":"https:\/\/api.w.org\/{rel}","templated":true}]}}