{"id":474,"date":"2020-04-08T02:09:07","date_gmt":"2020-04-08T00:09:07","guid":{"rendered":"https:\/\/interfast.rs\/about-us\/istorija\/"},"modified":"2020-07-28T12:22:09","modified_gmt":"2020-07-28T10:22:09","slug":"history","status":"publish","type":"page","link":"https:\/\/interfast.rs\/en\/about-us\/history\/","title":{"rendered":"History"},"content":{"rendered":"<p>[vc_row][vc_column offset=&#8221;vc_col-lg-3\/5 vc_col-md-3\/5&#8243;][vc_column_text]<\/p>\n<h2 style=\"text-align: center;\">Important years in the history of &#8220;Interfast&#8221;:<\/h2>\n<p>[\/vc_column_text][vc_row_inner equal_height=&#8221;yes&#8221; content_placement=&#8221;middle&#8221;][vc_column_inner width=&#8221;1\/2&#8243;][vc_column_text]<\/p>\n<blockquote>\n<p style=\"text-align: center;\"><strong>1993.<\/strong><\/p>\n<\/blockquote>\n<p>[\/vc_column_text][\/vc_column_inner][vc_column_inner width=&#8221;1\/2&#8243;][vc_column_text]<\/p>\n<h3 style=\"text-align: center;\"><strong>The company &#8220;Interfast&#8221; was founded.<\/strong><\/h3>\n<p>[\/vc_column_text][\/vc_column_inner][\/vc_row_inner][vc_row_inner equal_height=&#8221;yes&#8221; content_placement=&#8221;middle&#8221;][vc_column_inner][vc_separator color=&#8221;white&#8221; border_width=&#8221;3&#8243; el_width=&#8221;70&#8243;][\/vc_column_inner][\/vc_row_inner][vc_row_inner equal_height=&#8221;yes&#8221; content_placement=&#8221;middle&#8221;][vc_column_inner width=&#8221;1\/2&#8243;][vc_column_text]<\/p>\n<blockquote>\n<p style=\"text-align: center;\"><strong>2007.<\/strong><\/p>\n<\/blockquote>\n<p>[\/vc_column_text][\/vc_column_inner][vc_column_inner width=&#8221;1\/2&#8243;][vc_column_text]<\/p>\n<p style=\"text-align: center;\">The company grows due to electric works contract in Belville residential and business complex in Belgrade.<\/p>\n<p>[\/vc_column_text][\/vc_column_inner][\/vc_row_inner][vc_row_inner equal_height=&#8221;yes&#8221; content_placement=&#8221;middle&#8221;][vc_column_inner][vc_separator color=&#8221;white&#8221; border_width=&#8221;3&#8243; el_width=&#8221;70&#8243;][\/vc_column_inner][\/vc_row_inner][vc_row_inner equal_height=&#8221;yes&#8221; content_placement=&#8221;middle&#8221;][vc_column_inner width=&#8221;1\/2&#8243;][vc_column_text]<\/p>\n<blockquote>\n<p style=\"text-align: center;\"><strong>2009.<\/strong><\/p>\n<\/blockquote>\n<p>[\/vc_column_text][\/vc_column_inner][vc_column_inner width=&#8221;1\/2&#8243;][vc_column_text]<\/p>\n<p style=\"text-align: center;\">Moving into the office space in Gospodara Vu\u010di\u0107a 245 Street.<\/p>\n<p>[\/vc_column_text][\/vc_column_inner][\/vc_row_inner][vc_row_inner equal_height=&#8221;yes&#8221; content_placement=&#8221;middle&#8221;][vc_column_inner][vc_separator color=&#8221;white&#8221; border_width=&#8221;3&#8243; el_width=&#8221;70&#8243;][\/vc_column_inner][\/vc_row_inner][vc_row_inner equal_height=&#8221;yes&#8221; content_placement=&#8221;middle&#8221;][vc_column_inner width=&#8221;1\/2&#8243;][vc_column_text]<\/p>\n<blockquote>\n<p style=\"text-align: center;\"><strong>2010.<\/strong><\/p>\n<\/blockquote>\n<p>[\/vc_column_text][\/vc_column_inner][vc_column_inner width=&#8221;1\/2&#8243;][vc_column_text]<\/p>\n<p style=\"text-align: center;\">New warehouse and manufacturing facility in Ov\u010da.<br \/>\nIntroduction of the Quality Management System ISO 9001:2008.<\/p>\n<p>[\/vc_column_text][\/vc_column_inner][\/vc_row_inner][vc_row_inner equal_height=&#8221;yes&#8221; content_placement=&#8221;middle&#8221;][vc_column_inner][vc_separator color=&#8221;white&#8221; border_width=&#8221;3&#8243; el_width=&#8221;70&#8243;][\/vc_column_inner][\/vc_row_inner][vc_row_inner equal_height=&#8221;yes&#8221; content_placement=&#8221;middle&#8221;][vc_column_inner width=&#8221;1\/2&#8243;][vc_column_text]<\/p>\n<blockquote>\n<p style=\"text-align: center;\"><strong>2011.<\/strong><\/p>\n<\/blockquote>\n<p>[\/vc_column_text][\/vc_column_inner][vc_column_inner width=&#8221;1\/2&#8243;][vc_column_text]<\/p>\n<p style=\"text-align: center;\">Introduction of the Environmental Management System SRPS ISO 14001:2005 and Occupational Health and Safety SRPS OHSAS 18001:2008.<\/p>\n<p>[\/vc_column_text][\/vc_column_inner][\/vc_row_inner][vc_row_inner equal_height=&#8221;yes&#8221; content_placement=&#8221;middle&#8221;][vc_column_inner][vc_separator color=&#8221;white&#8221; border_width=&#8221;3&#8243; el_width=&#8221;70&#8243;][\/vc_column_inner][\/vc_row_inner][vc_row_inner equal_height=&#8221;yes&#8221; content_placement=&#8221;middle&#8221;][vc_column_inner width=&#8221;1\/2&#8243;][vc_column_text]<\/p>\n<blockquote>\n<p style=\"text-align: center;\"><strong>2014.<\/strong><\/p>\n<\/blockquote>\n<p>[\/vc_column_text][\/vc_column_inner][vc_column_inner width=&#8221;1\/2&#8243;][vc_column_text]<\/p>\n<p style=\"text-align: center;\">Internet presentation.<\/p>\n<p>[\/vc_column_text][\/vc_column_inner][\/vc_row_inner][vc_row_inner equal_height=&#8221;yes&#8221; content_placement=&#8221;middle&#8221;][vc_column_inner][vc_separator color=&#8221;white&#8221; border_width=&#8221;3&#8243; el_width=&#8221;70&#8243;][\/vc_column_inner][\/vc_row_inner][vc_row_inner equal_height=&#8221;yes&#8221; content_placement=&#8221;middle&#8221;][vc_column_inner width=&#8221;1\/2&#8243;][vc_column_text]<\/p>\n<blockquote>\n<p style=\"text-align: center;\"><strong>2017.<\/strong><\/p>\n<\/blockquote>\n<p>[\/vc_column_text][\/vc_column_inner][vc_column_inner width=&#8221;1\/2&#8243;][vc_column_text]<\/p>\n<p style=\"text-align: center;\">About 30 high-quality and educated electrical personnel are employed for a definite and indefinite period of time (skilled, highly skilled, graduated electrical engineer with ICS licenses).<\/p>\n<p>[\/vc_column_text][\/vc_column_inner][\/vc_row_inner][vc_row_inner equal_height=&#8221;yes&#8221; content_placement=&#8221;middle&#8221;][vc_column_inner][vc_separator color=&#8221;white&#8221; border_width=&#8221;3&#8243; el_width=&#8221;70&#8243;][\/vc_column_inner][\/vc_row_inner][vc_row_inner equal_height=&#8221;yes&#8221; content_placement=&#8221;middle&#8221;][vc_column_inner width=&#8221;1\/2&#8243;][vc_column_text]<\/p>\n<blockquote>\n<p style=\"text-align: center;\"><strong>2018.<\/strong><\/p>\n<\/blockquote>\n<p>[\/vc_column_text][\/vc_column_inner][vc_column_inner width=&#8221;1\/2&#8243;][vc_column_text]<\/p>\n<p style=\"text-align: center;\">Opened representative office\/branch in the Republic of Germany<\/p>\n<p>[\/vc_column_text][\/vc_column_inner][\/vc_row_inner][vc_separator color=&#8221;white&#8221; border_width=&#8221;3&#8243; el_width=&#8221;70&#8243;][vc_row_inner equal_height=&#8221;yes&#8221; content_placement=&#8221;middle&#8221;][vc_column_inner width=&#8221;1\/2&#8243;][vc_column_text]<\/p>\n<blockquote>\n<p style=\"text-align: center;\"><strong>2019.<\/strong><\/p>\n<\/blockquote>\n<p>[\/vc_column_text][\/vc_column_inner][vc_column_inner width=&#8221;1\/2&#8243;][vc_column_text]<\/p>\n<p style=\"text-align: center;\">Construction of a new administrative building Interfast d.o.o., Construction of a warehouse and production plant<\/p>\n<p>[\/vc_column_text][\/vc_column_inner][\/vc_row_inner][\/vc_column][\/vc_row]<\/p>\n","protected":false},"excerpt":{"rendered":"<p>[vc_row][vc_column offset=&#8221;vc_col-lg-3\/5 vc_col-md-3\/5&#8243;][vc_column_text] Important years in the history of &#8220;Interfast&#8221;: [\/vc_column_text][vc_row_inner equal_height=&#8221;yes&#8221; content_placement=&#8221;middle&#8221;][vc_column_inner width=&#8221;1\/2&#8243;][vc_column_text] 1993. [\/vc_column_text][\/vc_column_inner][vc_column_inner width=&#8221;1\/2&#8243;][vc_column_text] The company &#8220;Interfast&#8221; was founded. [\/vc_column_text][\/vc_column_inner][\/vc_row_inner][vc_row_inner equal_height=&#8221;yes&#8221; content_placement=&#8221;middle&#8221;][vc_column_inner][vc_separator color=&#8221;white&#8221; border_width=&#8221;3&#8243; el_width=&#8221;70&#8243;][\/vc_column_inner][\/vc_row_inner][vc_row_inner equal_height=&#8221;yes&#8221; content_placement=&#8221;middle&#8221;][vc_column_inner width=&#8221;1\/2&#8243;][vc_column_text] 2007. [\/vc_column_text][\/vc_column_inner][vc_column_inner width=&#8221;1\/2&#8243;][vc_column_text] The company grows due to electric works contract in Belville residential and business complex in Belgrade. [\/vc_column_text][\/vc_column_inner][\/vc_row_inner][vc_row_inner equal_height=&#8221;yes&#8221; content_placement=&#8221;middle&#8221;][vc_column_inner][vc_separator color=&#8221;white&#8221; border_width=&#8221;3&#8243; [&hellip;]<\/p>\n","protected":false},"author":1,"featured_media":0,"parent":459,"menu_order":40,"comment_status":"closed","ping_status":"closed","template":"","meta":{"footnotes":""},"class_list":["post-474","page","type-page","status-publish","hentry"],"yoast_head":"<!-- This site is optimized with the Yoast SEO plugin v27.4 - https:\/\/yoast.com\/product\/yoast-seo-wordpress\/ -->\n<title>History - Interfast d.o.o.<\/title>\n<meta name=\"robots\" content=\"index, follow, max-snippet:-1, max-image-preview:large, max-video-preview:-1\" \/>\n<link rel=\"canonical\" href=\"https:\/\/interfast.rs\/en\/about-us\/history\/\" \/>\n<meta property=\"og:locale\" content=\"en_US\" \/>\n<meta property=\"og:type\" content=\"article\" \/>\n<meta property=\"og:title\" content=\"History - Interfast d.o.o.\" \/>\n<meta property=\"og:description\" content=\"[vc_row][vc_column offset=&#8221;vc_col-lg-3\/5 vc_col-md-3\/5&#8243;][vc_column_text] Important years in the history of &#8220;Interfast&#8221;: [\/vc_column_text][vc_row_inner equal_height=&#8221;yes&#8221; content_placement=&#8221;middle&#8221;][vc_column_inner width=&#8221;1\/2&#8243;][vc_column_text] 1993. [\/vc_column_text][\/vc_column_inner][vc_column_inner width=&#8221;1\/2&#8243;][vc_column_text] The company &#8220;Interfast&#8221; was founded. [\/vc_column_text][\/vc_column_inner][\/vc_row_inner][vc_row_inner equal_height=&#8221;yes&#8221; content_placement=&#8221;middle&#8221;][vc_column_inner][vc_separator color=&#8221;white&#8221; border_width=&#8221;3&#8243; el_width=&#8221;70&#8243;][\/vc_column_inner][\/vc_row_inner][vc_row_inner equal_height=&#8221;yes&#8221; content_placement=&#8221;middle&#8221;][vc_column_inner width=&#8221;1\/2&#8243;][vc_column_text] 2007. [\/vc_column_text][\/vc_column_inner][vc_column_inner width=&#8221;1\/2&#8243;][vc_column_text] The company grows due to electric works contract in Belville residential and business complex in Belgrade. [\/vc_column_text][\/vc_column_inner][\/vc_row_inner][vc_row_inner equal_height=&#8221;yes&#8221; content_placement=&#8221;middle&#8221;][vc_column_inner][vc_separator color=&#8221;white&#8221; border_width=&#8221;3&#8243; [&hellip;]\" \/>\n<meta property=\"og:url\" content=\"https:\/\/interfast.rs\/en\/about-us\/history\/\" \/>\n<meta property=\"og:site_name\" content=\"Interfast d.o.o.\" \/>\n<meta property=\"article:modified_time\" content=\"2020-07-28T10:22:09+00:00\" \/>\n<meta name=\"twitter:card\" content=\"summary_large_image\" \/>\n<meta name=\"twitter:label1\" content=\"Est. reading time\" \/>\n\t<meta name=\"twitter:data1\" content=\"3 minutes\" \/>\n<script type=\"application\/ld+json\" class=\"yoast-schema-graph\">{\"@context\":\"https:\\\/\\\/schema.org\",\"@graph\":[{\"@type\":\"WebPage\",\"@id\":\"https:\\\/\\\/interfast.rs\\\/en\\\/about-us\\\/history\\\/\",\"url\":\"https:\\\/\\\/interfast.rs\\\/en\\\/about-us\\\/history\\\/\",\"name\":\"History - Interfast d.o.o.\",\"isPartOf\":{\"@id\":\"https:\\\/\\\/interfast.rs\\\/#website\"},\"datePublished\":\"2020-04-08T00:09:07+00:00\",\"dateModified\":\"2020-07-28T10:22:09+00:00\",\"breadcrumb\":{\"@id\":\"https:\\\/\\\/interfast.rs\\\/en\\\/about-us\\\/history\\\/#breadcrumb\"},\"inLanguage\":\"en-US\",\"potentialAction\":[{\"@type\":\"ReadAction\",\"target\":[\"https:\\\/\\\/interfast.rs\\\/en\\\/about-us\\\/history\\\/\"]}]},{\"@type\":\"BreadcrumbList\",\"@id\":\"https:\\\/\\\/interfast.rs\\\/en\\\/about-us\\\/history\\\/#breadcrumb\",\"itemListElement\":[{\"@type\":\"ListItem\",\"position\":1,\"name\":\"Home\",\"item\":\"https:\\\/\\\/interfast.rs\\\/en\\\/home\\\/\"},{\"@type\":\"ListItem\",\"position\":2,\"name\":\"About us\",\"item\":\"https:\\\/\\\/interfast.rs\\\/en\\\/\"},{\"@type\":\"ListItem\",\"position\":3,\"name\":\"History\"}]},{\"@type\":\"WebSite\",\"@id\":\"https:\\\/\\\/interfast.rs\\\/#website\",\"url\":\"https:\\\/\\\/interfast.rs\\\/\",\"name\":\"Interfast d.o.o.\",\"description\":\"Projektovanje i izvo\u0111enje elektroradova u gra\u0111evinarstvu i gra\u0111evinskim radovima\",\"potentialAction\":[{\"@type\":\"SearchAction\",\"target\":{\"@type\":\"EntryPoint\",\"urlTemplate\":\"https:\\\/\\\/interfast.rs\\\/?s={search_term_string}\"},\"query-input\":{\"@type\":\"PropertyValueSpecification\",\"valueRequired\":true,\"valueName\":\"search_term_string\"}}],\"inLanguage\":\"en-US\"}]}<\/script>\n<!-- \/ Yoast SEO plugin. -->","yoast_head_json":{"title":"History - Interfast d.o.o.","robots":{"index":"index","follow":"follow","max-snippet":"max-snippet:-1","max-image-preview":"max-image-preview:large","max-video-preview":"max-video-preview:-1"},"canonical":"https:\/\/interfast.rs\/en\/about-us\/history\/","og_locale":"en_US","og_type":"article","og_title":"History - Interfast d.o.o.","og_description":"[vc_row][vc_column offset=&#8221;vc_col-lg-3\/5 vc_col-md-3\/5&#8243;][vc_column_text] Important years in the history of &#8220;Interfast&#8221;: [\/vc_column_text][vc_row_inner equal_height=&#8221;yes&#8221; content_placement=&#8221;middle&#8221;][vc_column_inner width=&#8221;1\/2&#8243;][vc_column_text] 1993. [\/vc_column_text][\/vc_column_inner][vc_column_inner width=&#8221;1\/2&#8243;][vc_column_text] The company &#8220;Interfast&#8221; was founded. [\/vc_column_text][\/vc_column_inner][\/vc_row_inner][vc_row_inner equal_height=&#8221;yes&#8221; content_placement=&#8221;middle&#8221;][vc_column_inner][vc_separator color=&#8221;white&#8221; border_width=&#8221;3&#8243; el_width=&#8221;70&#8243;][\/vc_column_inner][\/vc_row_inner][vc_row_inner equal_height=&#8221;yes&#8221; content_placement=&#8221;middle&#8221;][vc_column_inner width=&#8221;1\/2&#8243;][vc_column_text] 2007. [\/vc_column_text][\/vc_column_inner][vc_column_inner width=&#8221;1\/2&#8243;][vc_column_text] The company grows due to electric works contract in Belville residential and business complex in Belgrade. [\/vc_column_text][\/vc_column_inner][\/vc_row_inner][vc_row_inner equal_height=&#8221;yes&#8221; content_placement=&#8221;middle&#8221;][vc_column_inner][vc_separator color=&#8221;white&#8221; border_width=&#8221;3&#8243; [&hellip;]","og_url":"https:\/\/interfast.rs\/en\/about-us\/history\/","og_site_name":"Interfast d.o.o.","article_modified_time":"2020-07-28T10:22:09+00:00","twitter_card":"summary_large_image","twitter_misc":{"Est. reading time":"3 minutes"},"schema":{"@context":"https:\/\/schema.org","@graph":[{"@type":"WebPage","@id":"https:\/\/interfast.rs\/en\/about-us\/history\/","url":"https:\/\/interfast.rs\/en\/about-us\/history\/","name":"History - Interfast d.o.o.","isPartOf":{"@id":"https:\/\/interfast.rs\/#website"},"datePublished":"2020-04-08T00:09:07+00:00","dateModified":"2020-07-28T10:22:09+00:00","breadcrumb":{"@id":"https:\/\/interfast.rs\/en\/about-us\/history\/#breadcrumb"},"inLanguage":"en-US","potentialAction":[{"@type":"ReadAction","target":["https:\/\/interfast.rs\/en\/about-us\/history\/"]}]},{"@type":"BreadcrumbList","@id":"https:\/\/interfast.rs\/en\/about-us\/history\/#breadcrumb","itemListElement":[{"@type":"ListItem","position":1,"name":"Home","item":"https:\/\/interfast.rs\/en\/home\/"},{"@type":"ListItem","position":2,"name":"About us","item":"https:\/\/interfast.rs\/en\/"},{"@type":"ListItem","position":3,"name":"History"}]},{"@type":"WebSite","@id":"https:\/\/interfast.rs\/#website","url":"https:\/\/interfast.rs\/","name":"Interfast d.o.o.","description":"Projektovanje i izvo\u0111enje elektroradova u gra\u0111evinarstvu i gra\u0111evinskim radovima","potentialAction":[{"@type":"SearchAction","target":{"@type":"EntryPoint","urlTemplate":"https:\/\/interfast.rs\/?s={search_term_string}"},"query-input":{"@type":"PropertyValueSpecification","valueRequired":true,"valueName":"search_term_string"}}],"inLanguage":"en-US"}]}},"_links":{"self":[{"href":"https:\/\/interfast.rs\/en\/wp-json\/wp\/v2\/pages\/474","targetHints":{"allow":["GET"]}}],"collection":[{"href":"https:\/\/interfast.rs\/en\/wp-json\/wp\/v2\/pages"}],"about":[{"href":"https:\/\/interfast.rs\/en\/wp-json\/wp\/v2\/types\/page"}],"author":[{"embeddable":true,"href":"https:\/\/interfast.rs\/en\/wp-json\/wp\/v2\/users\/1"}],"replies":[{"embeddable":true,"href":"https:\/\/interfast.rs\/en\/wp-json\/wp\/v2\/comments?post=474"}],"version-history":[{"count":2,"href":"https:\/\/interfast.rs\/en\/wp-json\/wp\/v2\/pages\/474\/revisions"}],"predecessor-version":[{"id":1159,"href":"https:\/\/interfast.rs\/en\/wp-json\/wp\/v2\/pages\/474\/revisions\/1159"}],"up":[{"embeddable":true,"href":"https:\/\/interfast.rs\/en\/wp-json\/wp\/v2\/pages\/459"}],"wp:attachment":[{"href":"https:\/\/interfast.rs\/en\/wp-json\/wp\/v2\/media?parent=474"}],"curies":[{"name":"wp","href":"https:\/\/api.w.org\/{rel}","templated":true}]}}