{"id":477,"date":"2020-04-08T02:20:12","date_gmt":"2020-04-08T00:20:12","guid":{"rendered":"https:\/\/interfast.rs\/about-us\/partneri\/"},"modified":"2020-06-29T15:20:11","modified_gmt":"2020-06-29T13:20:11","slug":"brands","status":"publish","type":"page","link":"https:\/\/interfast.rs\/en\/about-us\/brands\/","title":{"rendered":"Brands"},"content":{"rendered":"<p>[vc_row][vc_column offset=&#8221;vc_col-lg-3\/5 vc_col-md-3\/5&#8243;][vc_column_text]<\/p>\n<h3><strong>High-voltage and low-voltage equipment:<\/strong><\/h3>\n<p>Schneider Electric, Schrack Technik, Siemens, Legrand, ABB, MIVEL<\/p>\n<h3><strong>Cables:<\/strong><\/h3>\n<p>North American (Elkok), Novkabel, Cable factory Zaje\u010dar, Faber, Brand Rex, ELKA, Belden, Schrack Technik, Elektrometal plus<\/p>\n<h3><strong>Lightning:<\/strong><\/h3>\n<p>Philips, Petridis, Intra Lighting, Zumtobel, Buck, V-Tac, Trilux, Thorn, Bega, LDC-Light Design Center, IBF<\/p>\n<h3><strong>Electricity fitting:<\/strong><\/h3>\n<p>Aling Conel, Legrand, Gewiss, Ave, Master, Metalka Majur, Biticino, MAKEL, Schneider<\/p>\n<h3><strong>Central surveillance and management system:<\/strong><\/h3>\n<p>Schneider Electric, Scada, Sauter, Gira, HDE, Honeywell<\/p>\n<h3><strong>Telecommunication systems:<\/strong><\/h3>\n<p>Schrack Technik, Sion Net, Cisco, Legrand, Reichle &amp; De-Massari, Triton<\/p>\n<h3><strong>Secruity systems:<\/strong><\/h3>\n<p>Notifier, Tyco, Pyronix, Software House, Esser, Honeywell, HK Vision, SONY<\/p>\n<h3><strong>Audio and video systems:<\/strong><\/h3>\n<p>SoundCraft, Tascam, Bosch, JBL, Samsung[\/vc_column_text][\/vc_column][\/vc_row]<\/p>\n","protected":false},"excerpt":{"rendered":"<p>[vc_row][vc_column offset=&#8221;vc_col-lg-3\/5 vc_col-md-3\/5&#8243;][vc_column_text] High-voltage and low-voltage equipment: Schneider Electric, Schrack Technik, Siemens, Legrand, ABB, MIVEL Cables: North American (Elkok), Novkabel, Cable factory Zaje\u010dar, Faber, Brand Rex, ELKA, Belden, Schrack Technik, Elektrometal plus Lightning: Philips, Petridis, Intra Lighting, Zumtobel, Buck, V-Tac, Trilux, Thorn, Bega, LDC-Light Design Center, IBF Electricity fitting: Aling Conel, Legrand, Gewiss, Ave, Master, [&hellip;]<\/p>\n","protected":false},"author":1,"featured_media":0,"parent":459,"menu_order":50,"comment_status":"closed","ping_status":"closed","template":"","meta":{"footnotes":""},"class_list":["post-477","page","type-page","status-publish","hentry"],"yoast_head":"<!-- This site is optimized with the Yoast SEO plugin v27.2 - https:\/\/yoast.com\/product\/yoast-seo-wordpress\/ -->\n<title>Brands - Interfast d.o.o.<\/title>\n<meta name=\"robots\" content=\"index, follow, max-snippet:-1, max-image-preview:large, max-video-preview:-1\" \/>\n<link rel=\"canonical\" href=\"https:\/\/interfast.rs\/en\/about-us\/brands\/\" \/>\n<meta property=\"og:locale\" content=\"en_US\" \/>\n<meta property=\"og:type\" content=\"article\" \/>\n<meta property=\"og:title\" content=\"Brands - Interfast d.o.o.\" \/>\n<meta property=\"og:description\" content=\"[vc_row][vc_column offset=&#8221;vc_col-lg-3\/5 vc_col-md-3\/5&#8243;][vc_column_text] High-voltage and low-voltage equipment: Schneider Electric, Schrack Technik, Siemens, Legrand, ABB, MIVEL Cables: North American (Elkok), Novkabel, Cable factory Zaje\u010dar, Faber, Brand Rex, ELKA, Belden, Schrack Technik, Elektrometal plus Lightning: Philips, Petridis, Intra Lighting, Zumtobel, Buck, V-Tac, Trilux, Thorn, Bega, LDC-Light Design Center, IBF Electricity fitting: Aling Conel, Legrand, Gewiss, Ave, Master, [&hellip;]\" \/>\n<meta property=\"og:url\" content=\"https:\/\/interfast.rs\/en\/about-us\/brands\/\" \/>\n<meta property=\"og:site_name\" content=\"Interfast d.o.o.\" \/>\n<meta property=\"article:modified_time\" content=\"2020-06-29T13:20:11+00:00\" \/>\n<meta name=\"twitter:card\" content=\"summary_large_image\" \/>\n<meta name=\"twitter:label1\" content=\"Est. reading time\" \/>\n\t<meta name=\"twitter:data1\" content=\"1 minute\" \/>\n<script type=\"application\/ld+json\" class=\"yoast-schema-graph\">{\"@context\":\"https:\/\/schema.org\",\"@graph\":[{\"@type\":\"WebPage\",\"@id\":\"https:\/\/interfast.rs\/en\/about-us\/brands\/\",\"url\":\"https:\/\/interfast.rs\/en\/about-us\/brands\/\",\"name\":\"Brands - Interfast d.o.o.\",\"isPartOf\":{\"@id\":\"https:\/\/interfast.rs\/#website\"},\"datePublished\":\"2020-04-08T00:20:12+00:00\",\"dateModified\":\"2020-06-29T13:20:11+00:00\",\"breadcrumb\":{\"@id\":\"https:\/\/interfast.rs\/en\/about-us\/brands\/#breadcrumb\"},\"inLanguage\":\"en-US\",\"potentialAction\":[{\"@type\":\"ReadAction\",\"target\":[\"https:\/\/interfast.rs\/en\/about-us\/brands\/\"]}]},{\"@type\":\"BreadcrumbList\",\"@id\":\"https:\/\/interfast.rs\/en\/about-us\/brands\/#breadcrumb\",\"itemListElement\":[{\"@type\":\"ListItem\",\"position\":1,\"name\":\"Home\",\"item\":\"https:\/\/interfast.rs\/en\/home\/\"},{\"@type\":\"ListItem\",\"position\":2,\"name\":\"About us\",\"item\":\"https:\/\/interfast.rs\/en\/\"},{\"@type\":\"ListItem\",\"position\":3,\"name\":\"Brands\"}]},{\"@type\":\"WebSite\",\"@id\":\"https:\/\/interfast.rs\/#website\",\"url\":\"https:\/\/interfast.rs\/\",\"name\":\"Interfast d.o.o.\",\"description\":\"Projektovanje i izvo\u0111enje elektroradova u gra\u0111evinarstvu i gra\u0111evinskim radovima\",\"potentialAction\":[{\"@type\":\"SearchAction\",\"target\":{\"@type\":\"EntryPoint\",\"urlTemplate\":\"https:\/\/interfast.rs\/?s={search_term_string}\"},\"query-input\":{\"@type\":\"PropertyValueSpecification\",\"valueRequired\":true,\"valueName\":\"search_term_string\"}}],\"inLanguage\":\"en-US\"}]}<\/script>\n<!-- \/ Yoast SEO plugin. -->","yoast_head_json":{"title":"Brands - Interfast d.o.o.","robots":{"index":"index","follow":"follow","max-snippet":"max-snippet:-1","max-image-preview":"max-image-preview:large","max-video-preview":"max-video-preview:-1"},"canonical":"https:\/\/interfast.rs\/en\/about-us\/brands\/","og_locale":"en_US","og_type":"article","og_title":"Brands - Interfast d.o.o.","og_description":"[vc_row][vc_column offset=&#8221;vc_col-lg-3\/5 vc_col-md-3\/5&#8243;][vc_column_text] High-voltage and low-voltage equipment: Schneider Electric, Schrack Technik, Siemens, Legrand, ABB, MIVEL Cables: North American (Elkok), Novkabel, Cable factory Zaje\u010dar, Faber, Brand Rex, ELKA, Belden, Schrack Technik, Elektrometal plus Lightning: Philips, Petridis, Intra Lighting, Zumtobel, Buck, V-Tac, Trilux, Thorn, Bega, LDC-Light Design Center, IBF Electricity fitting: Aling Conel, Legrand, Gewiss, Ave, Master, [&hellip;]","og_url":"https:\/\/interfast.rs\/en\/about-us\/brands\/","og_site_name":"Interfast d.o.o.","article_modified_time":"2020-06-29T13:20:11+00:00","twitter_card":"summary_large_image","twitter_misc":{"Est. reading time":"1 minute"},"schema":{"@context":"https:\/\/schema.org","@graph":[{"@type":"WebPage","@id":"https:\/\/interfast.rs\/en\/about-us\/brands\/","url":"https:\/\/interfast.rs\/en\/about-us\/brands\/","name":"Brands - Interfast d.o.o.","isPartOf":{"@id":"https:\/\/interfast.rs\/#website"},"datePublished":"2020-04-08T00:20:12+00:00","dateModified":"2020-06-29T13:20:11+00:00","breadcrumb":{"@id":"https:\/\/interfast.rs\/en\/about-us\/brands\/#breadcrumb"},"inLanguage":"en-US","potentialAction":[{"@type":"ReadAction","target":["https:\/\/interfast.rs\/en\/about-us\/brands\/"]}]},{"@type":"BreadcrumbList","@id":"https:\/\/interfast.rs\/en\/about-us\/brands\/#breadcrumb","itemListElement":[{"@type":"ListItem","position":1,"name":"Home","item":"https:\/\/interfast.rs\/en\/home\/"},{"@type":"ListItem","position":2,"name":"About us","item":"https:\/\/interfast.rs\/en\/"},{"@type":"ListItem","position":3,"name":"Brands"}]},{"@type":"WebSite","@id":"https:\/\/interfast.rs\/#website","url":"https:\/\/interfast.rs\/","name":"Interfast d.o.o.","description":"Projektovanje i izvo\u0111enje elektroradova u gra\u0111evinarstvu i gra\u0111evinskim radovima","potentialAction":[{"@type":"SearchAction","target":{"@type":"EntryPoint","urlTemplate":"https:\/\/interfast.rs\/?s={search_term_string}"},"query-input":{"@type":"PropertyValueSpecification","valueRequired":true,"valueName":"search_term_string"}}],"inLanguage":"en-US"}]}},"_links":{"self":[{"href":"https:\/\/interfast.rs\/en\/wp-json\/wp\/v2\/pages\/477","targetHints":{"allow":["GET"]}}],"collection":[{"href":"https:\/\/interfast.rs\/en\/wp-json\/wp\/v2\/pages"}],"about":[{"href":"https:\/\/interfast.rs\/en\/wp-json\/wp\/v2\/types\/page"}],"author":[{"embeddable":true,"href":"https:\/\/interfast.rs\/en\/wp-json\/wp\/v2\/users\/1"}],"replies":[{"embeddable":true,"href":"https:\/\/interfast.rs\/en\/wp-json\/wp\/v2\/comments?post=477"}],"version-history":[{"count":2,"href":"https:\/\/interfast.rs\/en\/wp-json\/wp\/v2\/pages\/477\/revisions"}],"predecessor-version":[{"id":1157,"href":"https:\/\/interfast.rs\/en\/wp-json\/wp\/v2\/pages\/477\/revisions\/1157"}],"up":[{"embeddable":true,"href":"https:\/\/interfast.rs\/en\/wp-json\/wp\/v2\/pages\/459"}],"wp:attachment":[{"href":"https:\/\/interfast.rs\/en\/wp-json\/wp\/v2\/media?parent=477"}],"curies":[{"name":"wp","href":"https:\/\/api.w.org\/{rel}","templated":true}]}}