{"id":480,"date":"2020-04-08T02:27:16","date_gmt":"2020-04-08T00:27:16","guid":{"rendered":"https:\/\/interfast.rs\/kontakt\/"},"modified":"2025-10-30T15:19:03","modified_gmt":"2025-10-30T14:19:03","slug":"contact","status":"publish","type":"page","link":"https:\/\/interfast.rs\/en\/contact\/","title":{"rendered":"Contact"},"content":{"rendered":"<p>[vc_row][vc_column offset=&#8221;vc_col-lg-12 vc_col-md-12&#8243; css=&#8221;.vc_custom_1590315441778{padding-top: 50px !important;}&#8221;][vc_row_inner][vc_column_inner offset=&#8221;vc_col-lg-12 vc_col-md-12&#8243;]\n\t<!-- Element: OT Heading --> \t \n\t<h2 class=\"ot_custom_heading  \" style=\"text-align: center;color: #ffffff;\" >SEND US MESSAGE<\/h2>\t\n[\/vc_column_inner][\/vc_row_inner][vc_empty_space height=&#8221;10px&#8221;]\n<div class=\"wpcf7 no-js\" id=\"wpcf7-f664-o1\" lang=\"en-US\" dir=\"ltr\" data-wpcf7-id=\"664\">\n<div class=\"screen-reader-response\"><p role=\"status\" aria-live=\"polite\" aria-atomic=\"true\"><\/p> <ul><\/ul><\/div>\n<form action=\"\/en\/wp-json\/wp\/v2\/pages\/480#wpcf7-f664-o1\" method=\"post\" class=\"wpcf7-form init\" aria-label=\"Contact form\" enctype=\"multipart\/form-data\" novalidate=\"novalidate\" data-status=\"init\">\n<fieldset class=\"hidden-fields-container\"><input type=\"hidden\" name=\"_wpcf7\" value=\"664\" \/><input type=\"hidden\" name=\"_wpcf7_version\" value=\"6.1.5\" \/><input type=\"hidden\" name=\"_wpcf7_locale\" value=\"en_US\" \/><input type=\"hidden\" name=\"_wpcf7_unit_tag\" value=\"wpcf7-f664-o1\" \/><input type=\"hidden\" name=\"_wpcf7_container_post\" value=\"0\" \/><input type=\"hidden\" name=\"_wpcf7_posted_data_hash\" value=\"\" \/>\n<\/fieldset>\n<div class=\"row\">\n\t<div class=\"col-md-4\">\n\t\t<div>\n\t\t\t<p><span class=\"wpcf7-form-control-wrap\" data-name=\"your-name\"><input size=\"40\" maxlength=\"400\" class=\"wpcf7-form-control wpcf7-text wpcf7-validates-as-required\" aria-required=\"true\" aria-invalid=\"false\" placeholder=\"Your Name\" value=\"\" type=\"text\" name=\"your-name\" \/><\/span>\n\t\t\t<\/p>\n\t\t<\/div>\n\t\t<div>\n\t\t\t<p><span class=\"wpcf7-form-control-wrap\" data-name=\"your-email\"><input size=\"40\" maxlength=\"400\" class=\"wpcf7-form-control wpcf7-email wpcf7-validates-as-required wpcf7-text wpcf7-validates-as-email\" aria-required=\"true\" aria-invalid=\"false\" placeholder=\"Your E-mail\" value=\"\" type=\"email\" name=\"your-email\" \/><\/span>\n\t\t\t<\/p>\n\t\t<\/div>\n\t\t<div>\n\t\t\t<p><span class=\"wpcf7-form-control-wrap\" data-name=\"your-phone\"><input size=\"40\" maxlength=\"400\" class=\"wpcf7-form-control wpcf7-tel wpcf7-validates-as-required wpcf7-text wpcf7-validates-as-tel\" aria-required=\"true\" aria-invalid=\"false\" placeholder=\"Your Phone\" value=\"\" type=\"tel\" name=\"your-phone\" \/><\/span>\n\t\t\t<\/p>\n\t\t<\/div>\n\t<\/div>\n\t<div class=\"col-md-8\">\n\t\t<div>\n\t\t\t<p><span class=\"wpcf7-form-control-wrap\" data-name=\"your-message\"><textarea cols=\"40\" rows=\"10\" maxlength=\"2000\" class=\"wpcf7-form-control wpcf7-textarea wpcf7-validates-as-required\" aria-required=\"true\" aria-invalid=\"false\" placeholder=\"Your Message\" name=\"your-message\"><\/textarea><\/span>\n\t\t\t<\/p>\n\t\t<\/div>\n\t<\/div>\n<\/div>\n<div class=\"row\">\n\t<div class=\"col-md-4\">\n\t\t<div>\n\t\t\t<p><span class=\"wpcf7-form-control-wrap\" data-name=\"file-714\"><input size=\"40\" class=\"wpcf7-form-control wpcf7-file\" accept=\".pdf,.doc,.docx\" aria-invalid=\"false\" type=\"file\" name=\"file-714\" \/><\/span>\n\t\t\t<\/p>\n\t\t<\/div>\n\t<\/div>\n\t<div class=\"col-md-8\">\n\t\t<div id=\"submit\">\n\t\t\t<p><input class=\"wpcf7-form-control wpcf7-submit has-spinner btn btn-line\" type=\"submit\" value=\"SEND\" \/>\n\t\t\t<\/p>\n\t\t<\/div>\n\t<\/div>\n<\/div><p style=\"display: none !important;\" class=\"akismet-fields-container\" data-prefix=\"_wpcf7_ak_\"><label>&#916;<textarea name=\"_wpcf7_ak_hp_textarea\" cols=\"45\" rows=\"8\" maxlength=\"100\"><\/textarea><\/label><input type=\"hidden\" id=\"ak_js_1\" name=\"_wpcf7_ak_js\" value=\"45\"\/><script>document.getElementById( \"ak_js_1\" ).setAttribute( \"value\", ( new Date() ).getTime() );<\/script><\/p><div class=\"wpcf7-response-output\" aria-hidden=\"true\"><\/div>\n<\/form>\n<\/div>\n[vc_empty_space height=&#8221;30px&#8221;][vc_column_text]<\/p>\n<h2 style=\"text-align: center;\"><strong>INTERFAST d.o.o.<\/strong><br \/>\nRegistered Head office, warehouse and production:<br \/>\nOv\u010danski put 32, 11212 Belgrade &#8211; Ov\u010da, Serbia<\/h2>\n<p>[\/vc_column_text][vc_row_inner][vc_column_inner][vc_column_text]<\/p>\n<p style=\"text-align: center;\"><iframe loading=\"lazy\" style=\"border: 0;\" tabindex=\"0\" src=\"https:\/\/www.google.com\/maps\/embed?pb=!1m18!1m12!1m3!1d5653.6702829117385!2d20.51896857899638!3d44.88600381539946!2m3!1f0!2f0!3f0!3m2!1i1024!2i768!4f13.1!3m3!1m2!1s0x475a7cc0659efb9d%3A0x198f248f7c3e0e17!2sInterfast!5e0!3m2!1sen!2srs!4v1586346890121!5m2!1sen!2srs\" width=\"auto\" height=\"450\" frameborder=\"0\" allowfullscreen=\"allowfullscreen\" aria-hidden=\"false\"><\/iframe><\/p>\n<p>[\/vc_column_text][\/vc_column_inner][\/vc_row_inner][vc_row_inner equal_height=&#8221;yes&#8221;][vc_column_inner width=&#8221;1\/3&#8243;][vc_column_text el_class=&#8221;kontakt-mail&#8221;]<\/p>\n<blockquote>\n<p style=\"text-align: center;\"><strong>Office:<\/strong><\/p>\n<p style=\"text-align: center;\"><strong>Phone:<br \/>\n<\/strong>+381 (0)11 2452 780<br \/>\n<strong>E-mail:<br \/>\n<\/strong><a href=\"mailto:office@interfast.rs\">office[at]interfast.rs<\/a><\/p>\n<\/blockquote>\n<p>[\/vc_column_text][\/vc_column_inner][vc_column_inner width=&#8221;1\/3&#8243;][vc_column_text el_class=&#8221;kontakt-mail&#8221;]<\/p>\n<blockquote>\n<p style=\"text-align: center;\"><strong>Public Procurement Service:<\/strong><\/p>\n<p style=\"text-align: center;\"><strong>Phone:<br \/>\n<\/strong>+381 (0)11 2452 780<br \/>\n<strong>E-mail:<\/strong><br \/>\n<a href=\"mailto:javne.nabavke@interfast.rs\">javne.nabavke[at]interfast.rs<\/a><\/p>\n<\/blockquote>\n<p>[\/vc_column_text][\/vc_column_inner][vc_column_inner width=&#8221;1\/3&#8243;][vc_column_text el_class=&#8221;kontakt-mail&#8221;]<\/p>\n<blockquote>\n<p style=\"text-align: center;\"><strong>Finance department:<\/strong><\/p>\n<p style=\"text-align: center;\"><strong>Phone:<br \/>\n<\/strong>+381 (0)11 2452 780<br \/>\n<strong>E-mail:<\/strong><br \/>\n<a href=\"mailto:finansije@interfast.rs\">finansije[at]interfast.rs<\/a><\/p>\n<\/blockquote>\n<p>[\/vc_column_text][\/vc_column_inner][\/vc_row_inner][vc_row_inner equal_height=&#8221;yes&#8221;][vc_column_inner width=&#8221;1\/3&#8243;][vc_column_text el_class=&#8221;kontakt-mail&#8221;]<\/p>\n<blockquote>\n<p style=\"text-align: center;\"><strong>Service &amp; maintenance:<\/strong><\/p>\n<p style=\"text-align: center;\"><strong>Phone:<br \/>\n<\/strong>+381 (0)11 2452 780<br \/>\n<strong>Mobile:<br \/>\n<\/strong>+381 (0)65 3294 587<\/p>\n<p style=\"text-align: center;\"><strong>E-mail:<br \/>\n<\/strong><a href=\"mailto:servis@interfast.rs\">servis[at]interfast.rs<\/a><\/p>\n<\/blockquote>\n<p>[\/vc_column_text][\/vc_column_inner][vc_column_inner width=&#8221;1\/3&#8243;][vc_column_text el_class=&#8221;kontakt-mail&#8221;]<\/p>\n<blockquote>\n<p style=\"text-align: center;\"><strong>Technical preparation:<\/strong><\/p>\n<p style=\"text-align: center;\"><strong>Mobile:<br \/>\n<\/strong>+381 (0)65 3294 599<br \/>\n<strong>E-mail:<\/strong><br \/>\n<a href=\"mailto:nabavka@interfast.rs\">nabavka[at]interfast.rs<\/a><br \/>\n<strong>Mobile:<br \/>\n<\/strong>+381 (0)65 3294 597<br \/>\n<strong>E-mail:<\/strong><br \/>\n<a href=\"mailto:tehnicka.priprema@interfast.rs\">tehnicka.priprema[at]interfast.rs<\/a><\/p>\n<\/blockquote>\n<p>[\/vc_column_text][\/vc_column_inner][vc_column_inner width=&#8221;1\/3&#8243;][vc_column_text el_class=&#8221;kontakt-mail&#8221;]<\/p>\n<blockquote>\n<p style=\"text-align: center;\"><strong>Branch in Germany:<\/strong><\/p>\n<p style=\"text-align: center;\"><strong>INTERFAST D.O.O. Belgrade<\/strong><br \/>\nLehrer-Tal-Weg 40<br \/>\n89075 Ulm<br \/>\nDeutschland<\/p>\n<p style=\"text-align: center;\"><strong>E-mail:<\/strong><br \/>\n<a href=\"mailto:office.deutschland@interfast.rs\">office.deutschland[at]interfast.rs<\/a><\/p>\n<\/blockquote>\n<p>[\/vc_column_text][\/vc_column_inner][\/vc_row_inner][\/vc_column][\/vc_row]<\/p>\n","protected":false},"excerpt":{"rendered":"<p>[vc_row][vc_column offset=&#8221;vc_col-lg-12 vc_col-md-12&#8243; css=&#8221;.vc_custom_1590315441778{padding-top: 50px !important;}&#8221;][vc_row_inner][vc_column_inner offset=&#8221;vc_col-lg-12 vc_col-md-12&#8243;][\/vc_column_inner][\/vc_row_inner][vc_empty_space height=&#8221;10px&#8221;][vc_empty_space height=&#8221;30px&#8221;][vc_column_text] INTERFAST d.o.o. Registered Head office, warehouse and production: Ov\u010danski put 32, 11212 Belgrade &#8211; Ov\u010da, Serbia [\/vc_column_text][vc_row_inner][vc_column_inner][vc_column_text] [\/vc_column_text][\/vc_column_inner][\/vc_row_inner][vc_row_inner equal_height=&#8221;yes&#8221;][vc_column_inner width=&#8221;1\/3&#8243;][vc_column_text el_class=&#8221;kontakt-mail&#8221;] Office: Phone: +381 (0)11 2452 780 E-mail: office[at]interfast.rs [\/vc_column_text][\/vc_column_inner][vc_column_inner width=&#8221;1\/3&#8243;][vc_column_text el_class=&#8221;kontakt-mail&#8221;] Public Procurement Service: Phone: +381 (0)11 2452 780 E-mail: javne.nabavke[at]interfast.rs [\/vc_column_text][\/vc_column_inner][vc_column_inner width=&#8221;1\/3&#8243;][vc_column_text el_class=&#8221;kontakt-mail&#8221;] [&hellip;]<\/p>\n","protected":false},"author":1,"featured_media":0,"parent":0,"menu_order":100,"comment_status":"closed","ping_status":"closed","template":"page-templates\/template-fullwidth.php","meta":{"footnotes":""},"class_list":["post-480","page","type-page","status-publish","hentry"],"yoast_head":"<!-- This site is optimized with the Yoast SEO plugin v27.2 - https:\/\/yoast.com\/product\/yoast-seo-wordpress\/ -->\n<title>Contact - Interfast d.o.o.<\/title>\n<meta name=\"robots\" content=\"index, follow, max-snippet:-1, max-image-preview:large, max-video-preview:-1\" \/>\n<link rel=\"canonical\" href=\"https:\/\/interfast.rs\/en\/contact\/\" \/>\n<meta property=\"og:locale\" content=\"en_US\" \/>\n<meta property=\"og:type\" content=\"article\" \/>\n<meta property=\"og:title\" content=\"Contact - Interfast d.o.o.\" \/>\n<meta property=\"og:description\" content=\"[vc_row][vc_column offset=&#8221;vc_col-lg-12 vc_col-md-12&#8243; css=&#8221;.vc_custom_1590315441778{padding-top: 50px !important;}&#8221;][vc_row_inner][vc_column_inner offset=&#8221;vc_col-lg-12 vc_col-md-12&#8243;][\/vc_column_inner][\/vc_row_inner][vc_empty_space height=&#8221;10px&#8221;][vc_empty_space height=&#8221;30px&#8221;][vc_column_text] INTERFAST d.o.o. Registered Head office, warehouse and production: Ov\u010danski put 32, 11212 Belgrade &#8211; Ov\u010da, Serbia [\/vc_column_text][vc_row_inner][vc_column_inner][vc_column_text] [\/vc_column_text][\/vc_column_inner][\/vc_row_inner][vc_row_inner equal_height=&#8221;yes&#8221;][vc_column_inner width=&#8221;1\/3&#8243;][vc_column_text el_class=&#8221;kontakt-mail&#8221;] Office: Phone: +381 (0)11 2452 780 E-mail: office[at]interfast.rs [\/vc_column_text][\/vc_column_inner][vc_column_inner width=&#8221;1\/3&#8243;][vc_column_text el_class=&#8221;kontakt-mail&#8221;] Public Procurement Service: Phone: +381 (0)11 2452 780 E-mail: javne.nabavke[at]interfast.rs [\/vc_column_text][\/vc_column_inner][vc_column_inner width=&#8221;1\/3&#8243;][vc_column_text el_class=&#8221;kontakt-mail&#8221;] [&hellip;]\" \/>\n<meta property=\"og:url\" content=\"https:\/\/interfast.rs\/en\/contact\/\" \/>\n<meta property=\"og:site_name\" content=\"Interfast d.o.o.\" \/>\n<meta property=\"article:modified_time\" content=\"2025-10-30T14:19:03+00:00\" \/>\n<meta name=\"twitter:card\" content=\"summary_large_image\" \/>\n<meta name=\"twitter:label1\" content=\"Est. reading time\" \/>\n\t<meta name=\"twitter:data1\" content=\"1 minute\" \/>\n<script type=\"application\/ld+json\" class=\"yoast-schema-graph\">{\"@context\":\"https:\/\/schema.org\",\"@graph\":[{\"@type\":\"WebPage\",\"@id\":\"https:\/\/interfast.rs\/en\/contact\/\",\"url\":\"https:\/\/interfast.rs\/en\/contact\/\",\"name\":\"Contact - Interfast d.o.o.\",\"isPartOf\":{\"@id\":\"https:\/\/interfast.rs\/#website\"},\"datePublished\":\"2020-04-08T00:27:16+00:00\",\"dateModified\":\"2025-10-30T14:19:03+00:00\",\"breadcrumb\":{\"@id\":\"https:\/\/interfast.rs\/en\/contact\/#breadcrumb\"},\"inLanguage\":\"en-US\",\"potentialAction\":[{\"@type\":\"ReadAction\",\"target\":[\"https:\/\/interfast.rs\/en\/contact\/\"]}]},{\"@type\":\"BreadcrumbList\",\"@id\":\"https:\/\/interfast.rs\/en\/contact\/#breadcrumb\",\"itemListElement\":[{\"@type\":\"ListItem\",\"position\":1,\"name\":\"Home\",\"item\":\"https:\/\/interfast.rs\/en\/home\/\"},{\"@type\":\"ListItem\",\"position\":2,\"name\":\"Contact\"}]},{\"@type\":\"WebSite\",\"@id\":\"https:\/\/interfast.rs\/#website\",\"url\":\"https:\/\/interfast.rs\/\",\"name\":\"Interfast d.o.o.\",\"description\":\"Projektovanje i izvo\u0111enje elektroradova u gra\u0111evinarstvu i gra\u0111evinskim radovima\",\"potentialAction\":[{\"@type\":\"SearchAction\",\"target\":{\"@type\":\"EntryPoint\",\"urlTemplate\":\"https:\/\/interfast.rs\/?s={search_term_string}\"},\"query-input\":{\"@type\":\"PropertyValueSpecification\",\"valueRequired\":true,\"valueName\":\"search_term_string\"}}],\"inLanguage\":\"en-US\"}]}<\/script>\n<!-- \/ Yoast SEO plugin. -->","yoast_head_json":{"title":"Contact - Interfast d.o.o.","robots":{"index":"index","follow":"follow","max-snippet":"max-snippet:-1","max-image-preview":"max-image-preview:large","max-video-preview":"max-video-preview:-1"},"canonical":"https:\/\/interfast.rs\/en\/contact\/","og_locale":"en_US","og_type":"article","og_title":"Contact - Interfast d.o.o.","og_description":"[vc_row][vc_column offset=&#8221;vc_col-lg-12 vc_col-md-12&#8243; css=&#8221;.vc_custom_1590315441778{padding-top: 50px !important;}&#8221;][vc_row_inner][vc_column_inner offset=&#8221;vc_col-lg-12 vc_col-md-12&#8243;][\/vc_column_inner][\/vc_row_inner][vc_empty_space height=&#8221;10px&#8221;][vc_empty_space height=&#8221;30px&#8221;][vc_column_text] INTERFAST d.o.o. Registered Head office, warehouse and production: Ov\u010danski put 32, 11212 Belgrade &#8211; Ov\u010da, Serbia [\/vc_column_text][vc_row_inner][vc_column_inner][vc_column_text] [\/vc_column_text][\/vc_column_inner][\/vc_row_inner][vc_row_inner equal_height=&#8221;yes&#8221;][vc_column_inner width=&#8221;1\/3&#8243;][vc_column_text el_class=&#8221;kontakt-mail&#8221;] Office: Phone: +381 (0)11 2452 780 E-mail: office[at]interfast.rs [\/vc_column_text][\/vc_column_inner][vc_column_inner width=&#8221;1\/3&#8243;][vc_column_text el_class=&#8221;kontakt-mail&#8221;] Public Procurement Service: Phone: +381 (0)11 2452 780 E-mail: javne.nabavke[at]interfast.rs [\/vc_column_text][\/vc_column_inner][vc_column_inner width=&#8221;1\/3&#8243;][vc_column_text el_class=&#8221;kontakt-mail&#8221;] [&hellip;]","og_url":"https:\/\/interfast.rs\/en\/contact\/","og_site_name":"Interfast d.o.o.","article_modified_time":"2025-10-30T14:19:03+00:00","twitter_card":"summary_large_image","twitter_misc":{"Est. reading time":"1 minute"},"schema":{"@context":"https:\/\/schema.org","@graph":[{"@type":"WebPage","@id":"https:\/\/interfast.rs\/en\/contact\/","url":"https:\/\/interfast.rs\/en\/contact\/","name":"Contact - Interfast d.o.o.","isPartOf":{"@id":"https:\/\/interfast.rs\/#website"},"datePublished":"2020-04-08T00:27:16+00:00","dateModified":"2025-10-30T14:19:03+00:00","breadcrumb":{"@id":"https:\/\/interfast.rs\/en\/contact\/#breadcrumb"},"inLanguage":"en-US","potentialAction":[{"@type":"ReadAction","target":["https:\/\/interfast.rs\/en\/contact\/"]}]},{"@type":"BreadcrumbList","@id":"https:\/\/interfast.rs\/en\/contact\/#breadcrumb","itemListElement":[{"@type":"ListItem","position":1,"name":"Home","item":"https:\/\/interfast.rs\/en\/home\/"},{"@type":"ListItem","position":2,"name":"Contact"}]},{"@type":"WebSite","@id":"https:\/\/interfast.rs\/#website","url":"https:\/\/interfast.rs\/","name":"Interfast d.o.o.","description":"Projektovanje i izvo\u0111enje elektroradova u gra\u0111evinarstvu i gra\u0111evinskim radovima","potentialAction":[{"@type":"SearchAction","target":{"@type":"EntryPoint","urlTemplate":"https:\/\/interfast.rs\/?s={search_term_string}"},"query-input":{"@type":"PropertyValueSpecification","valueRequired":true,"valueName":"search_term_string"}}],"inLanguage":"en-US"}]}},"_links":{"self":[{"href":"https:\/\/interfast.rs\/en\/wp-json\/wp\/v2\/pages\/480","targetHints":{"allow":["GET"]}}],"collection":[{"href":"https:\/\/interfast.rs\/en\/wp-json\/wp\/v2\/pages"}],"about":[{"href":"https:\/\/interfast.rs\/en\/wp-json\/wp\/v2\/types\/page"}],"author":[{"embeddable":true,"href":"https:\/\/interfast.rs\/en\/wp-json\/wp\/v2\/users\/1"}],"replies":[{"embeddable":true,"href":"https:\/\/interfast.rs\/en\/wp-json\/wp\/v2\/comments?post=480"}],"version-history":[{"count":5,"href":"https:\/\/interfast.rs\/en\/wp-json\/wp\/v2\/pages\/480\/revisions"}],"predecessor-version":[{"id":1857,"href":"https:\/\/interfast.rs\/en\/wp-json\/wp\/v2\/pages\/480\/revisions\/1857"}],"wp:attachment":[{"href":"https:\/\/interfast.rs\/en\/wp-json\/wp\/v2\/media?parent=480"}],"curies":[{"name":"wp","href":"https:\/\/api.w.org\/{rel}","templated":true}]}}