{"id":483,"date":"2020-04-08T14:18:29","date_gmt":"2020-04-08T12:18:29","guid":{"rendered":"https:\/\/interfast.rs\/contact\/poslovni-podaci\/"},"modified":"2020-07-28T12:25:40","modified_gmt":"2020-07-28T10:25:40","slug":"business-information","status":"publish","type":"page","link":"https:\/\/interfast.rs\/en\/contact\/business-information\/","title":{"rendered":"Business information"},"content":{"rendered":"<p>[vc_row][vc_column offset=&#8221;vc_col-lg-3\/5 vc_col-md-3\/5&#8243;][vc_column_text]<\/p>\n<h2>INTERFAST d.o.o.<\/h2>\n<p><strong>TAX ID:<\/strong> 101727464<br \/>\n<strong>Company Number:<\/strong> 06523986<br \/>\n<strong>Business Activity Code:<\/strong> 4321 &#8211; Installation of electrical installations<br \/>\n<strong>The company is a VAT payer<\/strong><br \/>\n<strong>Head office:<\/strong> Ov\u010danski put 32, 11212 Belgrade &#8211; Ov\u010da, Serbia<br \/>\n<strong>Municipality:<\/strong> Palilula<br \/>\n<strong>Authorized person:<\/strong> Srdjan Savi\u0107<br \/>\n<strong>Phone:<\/strong> +381 (0)11 2452 657<br \/>\n<strong>Phone:<\/strong> +381 (0)11 2452 780<br \/>\n<strong>Fax:<\/strong> +381 (0)11 2437 027<br \/>\n<strong>E-mail:<\/strong> <a href=\"mailto:office@interfast.rs\">office[at]interfast.rs<\/a>[\/vc_column_text][vc_column_text]<\/p>\n<h3 style=\"text-align: center;\"><strong>DOWNLOAD:<\/strong><\/h3>\n<p>[\/vc_column_text][vc_row_inner][vc_column_inner width=&#8221;1\/2&#8243;][vc_single_image image=&#8221;266&#8243; img_size=&#8221;large&#8221; alignment=&#8221;center&#8221; onclick=&#8221;custom_link&#8221; img_link_target=&#8221;_blank&#8221; link=&#8221;http:\/\/interfast.rs\/wp-content\/uploads\/2020\/04\/Interfast-PDV.pdf&#8221;][\/vc_column_inner][vc_column_inner width=&#8221;1\/2&#8243;][vc_column_text]<\/p>\n<blockquote><p><a href=\"http:\/\/interfast.rs\/wp-content\/uploads\/2020\/04\/Interfast-PDV.pdf\" target=\"_blank\" rel=\"noopener noreferrer\"><strong>Interfast VAT (962 KB)<\/strong><\/a><\/p><\/blockquote>\n<p>[\/vc_column_text][\/vc_column_inner][\/vc_row_inner][vc_row_inner][vc_column_inner width=&#8221;1\/2&#8243;][vc_single_image image=&#8221;266&#8243; img_size=&#8221;large&#8221; alignment=&#8221;center&#8221; onclick=&#8221;custom_link&#8221; img_link_target=&#8221;_blank&#8221; link=&#8221;http:\/\/interfast.rs\/wp-content\/uploads\/2020\/04\/Interfast-PIB.pdf&#8221;][\/vc_column_inner][vc_column_inner width=&#8221;1\/2&#8243;][vc_column_text]<\/p>\n<blockquote><p><a href=\"http:\/\/interfast.rs\/wp-content\/uploads\/2020\/04\/Interfast-PIB.pdf\" target=\"_blank\" rel=\"noopener noreferrer\"><strong>Interfast VAT (722 KB)<\/strong><\/a><\/p><\/blockquote>\n<p>[\/vc_column_text][\/vc_column_inner][\/vc_row_inner][vc_column_text]<\/p>\n<blockquote><p><strong>Download &#8220;Interfast&#8221; logo:<\/strong><\/p><\/blockquote>\n<p><a href=\"https:\/\/interfast.rs\/wp-content\/uploads\/2020\/06\/Interfast_logo.pdf\" target=\"_blank\" rel=\"noopener noreferrer\">interfast-logo.pdf<\/a>[\/vc_column_text][\/vc_column][\/vc_row]<\/p>\n","protected":false},"excerpt":{"rendered":"<p>[vc_row][vc_column offset=&#8221;vc_col-lg-3\/5 vc_col-md-3\/5&#8243;][vc_column_text] INTERFAST d.o.o. TAX ID: 101727464 Company Number: 06523986 Business Activity Code: 4321 &#8211; Installation of electrical installations The company is a VAT payer Head office: Ov\u010danski put 32, 11212 Belgrade &#8211; Ov\u010da, Serbia Municipality: Palilula Authorized person: Srdjan Savi\u0107 Phone: +381 (0)11 2452 657 Phone: +381 (0)11 2452 780 Fax: +381 (0)11 [&hellip;]<\/p>\n","protected":false},"author":1,"featured_media":0,"parent":480,"menu_order":0,"comment_status":"closed","ping_status":"closed","template":"","meta":{"footnotes":""},"class_list":["post-483","page","type-page","status-publish","hentry"],"yoast_head":"<!-- This site is optimized with the Yoast SEO plugin v27.4 - https:\/\/yoast.com\/product\/yoast-seo-wordpress\/ -->\n<title>Business information - Interfast d.o.o.<\/title>\n<meta name=\"robots\" content=\"index, follow, max-snippet:-1, max-image-preview:large, max-video-preview:-1\" \/>\n<link rel=\"canonical\" href=\"https:\/\/interfast.rs\/en\/contact\/business-information\/\" \/>\n<meta property=\"og:locale\" content=\"en_US\" \/>\n<meta property=\"og:type\" content=\"article\" \/>\n<meta property=\"og:title\" content=\"Business information - Interfast d.o.o.\" \/>\n<meta property=\"og:description\" content=\"[vc_row][vc_column offset=&#8221;vc_col-lg-3\/5 vc_col-md-3\/5&#8243;][vc_column_text] INTERFAST d.o.o. TAX ID: 101727464 Company Number: 06523986 Business Activity Code: 4321 &#8211; Installation of electrical installations The company is a VAT payer Head office: Ov\u010danski put 32, 11212 Belgrade &#8211; Ov\u010da, Serbia Municipality: Palilula Authorized person: Srdjan Savi\u0107 Phone: +381 (0)11 2452 657 Phone: +381 (0)11 2452 780 Fax: +381 (0)11 [&hellip;]\" \/>\n<meta property=\"og:url\" content=\"https:\/\/interfast.rs\/en\/contact\/business-information\/\" \/>\n<meta property=\"og:site_name\" content=\"Interfast d.o.o.\" \/>\n<meta property=\"article:modified_time\" content=\"2020-07-28T10:25:40+00:00\" \/>\n<meta name=\"twitter:card\" content=\"summary_large_image\" \/>\n<meta name=\"twitter:label1\" content=\"Est. reading time\" \/>\n\t<meta name=\"twitter:data1\" content=\"1 minute\" \/>\n<script type=\"application\/ld+json\" class=\"yoast-schema-graph\">{\"@context\":\"https:\\\/\\\/schema.org\",\"@graph\":[{\"@type\":\"WebPage\",\"@id\":\"https:\\\/\\\/interfast.rs\\\/en\\\/contact\\\/business-information\\\/\",\"url\":\"https:\\\/\\\/interfast.rs\\\/en\\\/contact\\\/business-information\\\/\",\"name\":\"Business information - Interfast d.o.o.\",\"isPartOf\":{\"@id\":\"https:\\\/\\\/interfast.rs\\\/#website\"},\"datePublished\":\"2020-04-08T12:18:29+00:00\",\"dateModified\":\"2020-07-28T10:25:40+00:00\",\"breadcrumb\":{\"@id\":\"https:\\\/\\\/interfast.rs\\\/en\\\/contact\\\/business-information\\\/#breadcrumb\"},\"inLanguage\":\"en-US\",\"potentialAction\":[{\"@type\":\"ReadAction\",\"target\":[\"https:\\\/\\\/interfast.rs\\\/en\\\/contact\\\/business-information\\\/\"]}]},{\"@type\":\"BreadcrumbList\",\"@id\":\"https:\\\/\\\/interfast.rs\\\/en\\\/contact\\\/business-information\\\/#breadcrumb\",\"itemListElement\":[{\"@type\":\"ListItem\",\"position\":1,\"name\":\"Home\",\"item\":\"https:\\\/\\\/interfast.rs\\\/en\\\/home\\\/\"},{\"@type\":\"ListItem\",\"position\":2,\"name\":\"Contact\",\"item\":\"https:\\\/\\\/interfast.rs\\\/en\\\/contact\\\/\"},{\"@type\":\"ListItem\",\"position\":3,\"name\":\"Business information\"}]},{\"@type\":\"WebSite\",\"@id\":\"https:\\\/\\\/interfast.rs\\\/#website\",\"url\":\"https:\\\/\\\/interfast.rs\\\/\",\"name\":\"Interfast d.o.o.\",\"description\":\"Projektovanje i izvo\u0111enje elektroradova u gra\u0111evinarstvu i gra\u0111evinskim radovima\",\"potentialAction\":[{\"@type\":\"SearchAction\",\"target\":{\"@type\":\"EntryPoint\",\"urlTemplate\":\"https:\\\/\\\/interfast.rs\\\/?s={search_term_string}\"},\"query-input\":{\"@type\":\"PropertyValueSpecification\",\"valueRequired\":true,\"valueName\":\"search_term_string\"}}],\"inLanguage\":\"en-US\"}]}<\/script>\n<!-- \/ Yoast SEO plugin. -->","yoast_head_json":{"title":"Business information - Interfast d.o.o.","robots":{"index":"index","follow":"follow","max-snippet":"max-snippet:-1","max-image-preview":"max-image-preview:large","max-video-preview":"max-video-preview:-1"},"canonical":"https:\/\/interfast.rs\/en\/contact\/business-information\/","og_locale":"en_US","og_type":"article","og_title":"Business information - Interfast d.o.o.","og_description":"[vc_row][vc_column offset=&#8221;vc_col-lg-3\/5 vc_col-md-3\/5&#8243;][vc_column_text] INTERFAST d.o.o. TAX ID: 101727464 Company Number: 06523986 Business Activity Code: 4321 &#8211; Installation of electrical installations The company is a VAT payer Head office: Ov\u010danski put 32, 11212 Belgrade &#8211; Ov\u010da, Serbia Municipality: Palilula Authorized person: Srdjan Savi\u0107 Phone: +381 (0)11 2452 657 Phone: +381 (0)11 2452 780 Fax: +381 (0)11 [&hellip;]","og_url":"https:\/\/interfast.rs\/en\/contact\/business-information\/","og_site_name":"Interfast d.o.o.","article_modified_time":"2020-07-28T10:25:40+00:00","twitter_card":"summary_large_image","twitter_misc":{"Est. reading time":"1 minute"},"schema":{"@context":"https:\/\/schema.org","@graph":[{"@type":"WebPage","@id":"https:\/\/interfast.rs\/en\/contact\/business-information\/","url":"https:\/\/interfast.rs\/en\/contact\/business-information\/","name":"Business information - Interfast d.o.o.","isPartOf":{"@id":"https:\/\/interfast.rs\/#website"},"datePublished":"2020-04-08T12:18:29+00:00","dateModified":"2020-07-28T10:25:40+00:00","breadcrumb":{"@id":"https:\/\/interfast.rs\/en\/contact\/business-information\/#breadcrumb"},"inLanguage":"en-US","potentialAction":[{"@type":"ReadAction","target":["https:\/\/interfast.rs\/en\/contact\/business-information\/"]}]},{"@type":"BreadcrumbList","@id":"https:\/\/interfast.rs\/en\/contact\/business-information\/#breadcrumb","itemListElement":[{"@type":"ListItem","position":1,"name":"Home","item":"https:\/\/interfast.rs\/en\/home\/"},{"@type":"ListItem","position":2,"name":"Contact","item":"https:\/\/interfast.rs\/en\/contact\/"},{"@type":"ListItem","position":3,"name":"Business information"}]},{"@type":"WebSite","@id":"https:\/\/interfast.rs\/#website","url":"https:\/\/interfast.rs\/","name":"Interfast d.o.o.","description":"Projektovanje i izvo\u0111enje elektroradova u gra\u0111evinarstvu i gra\u0111evinskim radovima","potentialAction":[{"@type":"SearchAction","target":{"@type":"EntryPoint","urlTemplate":"https:\/\/interfast.rs\/?s={search_term_string}"},"query-input":{"@type":"PropertyValueSpecification","valueRequired":true,"valueName":"search_term_string"}}],"inLanguage":"en-US"}]}},"_links":{"self":[{"href":"https:\/\/interfast.rs\/en\/wp-json\/wp\/v2\/pages\/483","targetHints":{"allow":["GET"]}}],"collection":[{"href":"https:\/\/interfast.rs\/en\/wp-json\/wp\/v2\/pages"}],"about":[{"href":"https:\/\/interfast.rs\/en\/wp-json\/wp\/v2\/types\/page"}],"author":[{"embeddable":true,"href":"https:\/\/interfast.rs\/en\/wp-json\/wp\/v2\/users\/1"}],"replies":[{"embeddable":true,"href":"https:\/\/interfast.rs\/en\/wp-json\/wp\/v2\/comments?post=483"}],"version-history":[{"count":2,"href":"https:\/\/interfast.rs\/en\/wp-json\/wp\/v2\/pages\/483\/revisions"}],"predecessor-version":[{"id":1085,"href":"https:\/\/interfast.rs\/en\/wp-json\/wp\/v2\/pages\/483\/revisions\/1085"}],"up":[{"embeddable":true,"href":"https:\/\/interfast.rs\/en\/wp-json\/wp\/v2\/pages\/480"}],"wp:attachment":[{"href":"https:\/\/interfast.rs\/en\/wp-json\/wp\/v2\/media?parent=483"}],"curies":[{"name":"wp","href":"https:\/\/api.w.org\/{rel}","templated":true}]}}