{"id":487,"date":"2020-04-08T14:21:59","date_gmt":"2020-04-08T12:21:59","guid":{"rendered":"https:\/\/interfast.rs\/contact\/zaposlenje\/"},"modified":"2020-06-18T12:04:16","modified_gmt":"2020-06-18T10:04:16","slug":"careers","status":"publish","type":"page","link":"https:\/\/interfast.rs\/en\/contact\/careers\/","title":{"rendered":"Careers"},"content":{"rendered":"<p>[vc_row][vc_column offset=&#8221;vc_col-lg-3\/5 vc_col-md-3\/5&#8243;][vc_column_text]<\/p>\n<blockquote><p><strong>&#8220;Interfast&#8221;, according to the needs of the job and the required dynamics of work, hires additional staff needed to work in all three shifts.<\/strong><\/p>\n<p><strong>On this website you will find occasional advertisements for the jobs of electricians, electricians, and technicians, as well as for the expansion of our professional team to new electrical engineers.<\/strong><\/p><\/blockquote>\n<p>[\/vc_column_text][vc_row_inner][vc_column_inner][vc_column_text]<\/p>\n<h3><strong>Human resources department<\/strong><\/h3>\n<h4><strong>E-mail: <a href=\"mailto:office@interfast.rs\">office[at]interfast.rs<\/a><\/strong><\/h4>\n<p>[\/vc_column_text][\/vc_column_inner][\/vc_row_inner][vc_row_inner css=&#8221;.vc_custom_1592474345847{background-color: #18191b !important;}&#8221;][vc_column_inner css=&#8221;.vc_custom_1592474651878{background-color: #18191b !important;}&#8221;][vc_cta h2=&#8221;Are you interested in cooperation or looking for a new business opportunity?&#8221; txt_align=&#8221;center&#8221; add_button=&#8221;bottom&#8221; btn_title=&#8221;CONTACT US&#8221; btn_style=&#8221;classic&#8221; btn_shape=&#8221;square&#8221; btn_color=&#8221;inverse&#8221; btn_align=&#8221;center&#8221; btn_i_align=&#8221;right&#8221; btn_i_icon_fontawesome=&#8221;fas fa-arrow-right&#8221; btn_add_icon=&#8221;true&#8221; btn_link=&#8221;url:https%3A%2F%2Finterfast.rs%2Fen%2Fcontact%2F|title:Contact||&#8221; css=&#8221;.vc_custom_1592474536050{background-color: #18191b !important;}&#8221;][\/vc_cta][\/vc_column_inner][\/vc_row_inner][\/vc_column][\/vc_row]<\/p>\n","protected":false},"excerpt":{"rendered":"<p>[vc_row][vc_column offset=&#8221;vc_col-lg-3\/5 vc_col-md-3\/5&#8243;][vc_column_text] &#8220;Interfast&#8221;, according to the needs of the job and the required dynamics of work, hires additional staff needed to work in all three shifts. On this website you will find occasional advertisements for the jobs of electricians, electricians, and technicians, as well as for the expansion of our professional team to new [&hellip;]<\/p>\n","protected":false},"author":1,"featured_media":0,"parent":480,"menu_order":10,"comment_status":"closed","ping_status":"closed","template":"","meta":{"footnotes":""},"class_list":["post-487","page","type-page","status-publish","hentry"],"yoast_head":"<!-- This site is optimized with the Yoast SEO plugin v27.2 - https:\/\/yoast.com\/product\/yoast-seo-wordpress\/ -->\n<title>Careers - Interfast d.o.o.<\/title>\n<meta name=\"robots\" content=\"index, follow, max-snippet:-1, max-image-preview:large, max-video-preview:-1\" \/>\n<link rel=\"canonical\" href=\"https:\/\/interfast.rs\/en\/contact\/careers\/\" \/>\n<meta property=\"og:locale\" content=\"en_US\" \/>\n<meta property=\"og:type\" content=\"article\" \/>\n<meta property=\"og:title\" content=\"Careers - Interfast d.o.o.\" \/>\n<meta property=\"og:description\" content=\"[vc_row][vc_column offset=&#8221;vc_col-lg-3\/5 vc_col-md-3\/5&#8243;][vc_column_text] &#8220;Interfast&#8221;, according to the needs of the job and the required dynamics of work, hires additional staff needed to work in all three shifts. On this website you will find occasional advertisements for the jobs of electricians, electricians, and technicians, as well as for the expansion of our professional team to new [&hellip;]\" \/>\n<meta property=\"og:url\" content=\"https:\/\/interfast.rs\/en\/contact\/careers\/\" \/>\n<meta property=\"og:site_name\" content=\"Interfast d.o.o.\" \/>\n<meta property=\"article:modified_time\" content=\"2020-06-18T10:04:16+00:00\" \/>\n<meta name=\"twitter:card\" content=\"summary_large_image\" \/>\n<meta name=\"twitter:label1\" content=\"Est. reading time\" \/>\n\t<meta name=\"twitter:data1\" content=\"1 minute\" \/>\n<script type=\"application\/ld+json\" class=\"yoast-schema-graph\">{\"@context\":\"https:\/\/schema.org\",\"@graph\":[{\"@type\":\"WebPage\",\"@id\":\"https:\/\/interfast.rs\/en\/contact\/careers\/\",\"url\":\"https:\/\/interfast.rs\/en\/contact\/careers\/\",\"name\":\"Careers - Interfast d.o.o.\",\"isPartOf\":{\"@id\":\"https:\/\/interfast.rs\/#website\"},\"datePublished\":\"2020-04-08T12:21:59+00:00\",\"dateModified\":\"2020-06-18T10:04:16+00:00\",\"breadcrumb\":{\"@id\":\"https:\/\/interfast.rs\/en\/contact\/careers\/#breadcrumb\"},\"inLanguage\":\"en-US\",\"potentialAction\":[{\"@type\":\"ReadAction\",\"target\":[\"https:\/\/interfast.rs\/en\/contact\/careers\/\"]}]},{\"@type\":\"BreadcrumbList\",\"@id\":\"https:\/\/interfast.rs\/en\/contact\/careers\/#breadcrumb\",\"itemListElement\":[{\"@type\":\"ListItem\",\"position\":1,\"name\":\"Home\",\"item\":\"https:\/\/interfast.rs\/en\/home\/\"},{\"@type\":\"ListItem\",\"position\":2,\"name\":\"Contact\",\"item\":\"https:\/\/interfast.rs\/en\/contact\/\"},{\"@type\":\"ListItem\",\"position\":3,\"name\":\"Careers\"}]},{\"@type\":\"WebSite\",\"@id\":\"https:\/\/interfast.rs\/#website\",\"url\":\"https:\/\/interfast.rs\/\",\"name\":\"Interfast d.o.o.\",\"description\":\"Projektovanje i izvo\u0111enje elektroradova u gra\u0111evinarstvu i gra\u0111evinskim radovima\",\"potentialAction\":[{\"@type\":\"SearchAction\",\"target\":{\"@type\":\"EntryPoint\",\"urlTemplate\":\"https:\/\/interfast.rs\/?s={search_term_string}\"},\"query-input\":{\"@type\":\"PropertyValueSpecification\",\"valueRequired\":true,\"valueName\":\"search_term_string\"}}],\"inLanguage\":\"en-US\"}]}<\/script>\n<!-- \/ Yoast SEO plugin. -->","yoast_head_json":{"title":"Careers - Interfast d.o.o.","robots":{"index":"index","follow":"follow","max-snippet":"max-snippet:-1","max-image-preview":"max-image-preview:large","max-video-preview":"max-video-preview:-1"},"canonical":"https:\/\/interfast.rs\/en\/contact\/careers\/","og_locale":"en_US","og_type":"article","og_title":"Careers - Interfast d.o.o.","og_description":"[vc_row][vc_column offset=&#8221;vc_col-lg-3\/5 vc_col-md-3\/5&#8243;][vc_column_text] &#8220;Interfast&#8221;, according to the needs of the job and the required dynamics of work, hires additional staff needed to work in all three shifts. On this website you will find occasional advertisements for the jobs of electricians, electricians, and technicians, as well as for the expansion of our professional team to new [&hellip;]","og_url":"https:\/\/interfast.rs\/en\/contact\/careers\/","og_site_name":"Interfast d.o.o.","article_modified_time":"2020-06-18T10:04:16+00:00","twitter_card":"summary_large_image","twitter_misc":{"Est. reading time":"1 minute"},"schema":{"@context":"https:\/\/schema.org","@graph":[{"@type":"WebPage","@id":"https:\/\/interfast.rs\/en\/contact\/careers\/","url":"https:\/\/interfast.rs\/en\/contact\/careers\/","name":"Careers - Interfast d.o.o.","isPartOf":{"@id":"https:\/\/interfast.rs\/#website"},"datePublished":"2020-04-08T12:21:59+00:00","dateModified":"2020-06-18T10:04:16+00:00","breadcrumb":{"@id":"https:\/\/interfast.rs\/en\/contact\/careers\/#breadcrumb"},"inLanguage":"en-US","potentialAction":[{"@type":"ReadAction","target":["https:\/\/interfast.rs\/en\/contact\/careers\/"]}]},{"@type":"BreadcrumbList","@id":"https:\/\/interfast.rs\/en\/contact\/careers\/#breadcrumb","itemListElement":[{"@type":"ListItem","position":1,"name":"Home","item":"https:\/\/interfast.rs\/en\/home\/"},{"@type":"ListItem","position":2,"name":"Contact","item":"https:\/\/interfast.rs\/en\/contact\/"},{"@type":"ListItem","position":3,"name":"Careers"}]},{"@type":"WebSite","@id":"https:\/\/interfast.rs\/#website","url":"https:\/\/interfast.rs\/","name":"Interfast d.o.o.","description":"Projektovanje i izvo\u0111enje elektroradova u gra\u0111evinarstvu i gra\u0111evinskim radovima","potentialAction":[{"@type":"SearchAction","target":{"@type":"EntryPoint","urlTemplate":"https:\/\/interfast.rs\/?s={search_term_string}"},"query-input":{"@type":"PropertyValueSpecification","valueRequired":true,"valueName":"search_term_string"}}],"inLanguage":"en-US"}]}},"_links":{"self":[{"href":"https:\/\/interfast.rs\/en\/wp-json\/wp\/v2\/pages\/487","targetHints":{"allow":["GET"]}}],"collection":[{"href":"https:\/\/interfast.rs\/en\/wp-json\/wp\/v2\/pages"}],"about":[{"href":"https:\/\/interfast.rs\/en\/wp-json\/wp\/v2\/types\/page"}],"author":[{"embeddable":true,"href":"https:\/\/interfast.rs\/en\/wp-json\/wp\/v2\/users\/1"}],"replies":[{"embeddable":true,"href":"https:\/\/interfast.rs\/en\/wp-json\/wp\/v2\/comments?post=487"}],"version-history":[{"count":4,"href":"https:\/\/interfast.rs\/en\/wp-json\/wp\/v2\/pages\/487\/revisions"}],"predecessor-version":[{"id":1081,"href":"https:\/\/interfast.rs\/en\/wp-json\/wp\/v2\/pages\/487\/revisions\/1081"}],"up":[{"embeddable":true,"href":"https:\/\/interfast.rs\/en\/wp-json\/wp\/v2\/pages\/480"}],"wp:attachment":[{"href":"https:\/\/interfast.rs\/en\/wp-json\/wp\/v2\/media?parent=487"}],"curies":[{"name":"wp","href":"https:\/\/api.w.org\/{rel}","templated":true}]}}