{"id":590,"date":"2020-05-23T00:09:58","date_gmt":"2020-05-22T22:09:58","guid":{"rendered":"https:\/\/interfast.rs\/gradjevinarstvo\/"},"modified":"2020-07-28T12:13:52","modified_gmt":"2020-07-28T10:13:52","slug":"construction","status":"publish","type":"page","link":"https:\/\/interfast.rs\/en\/activities\/construction\/","title":{"rendered":"Construction"},"content":{"rendered":"<p>[vc_row][vc_column offset=&#8221;vc_col-lg-3\/5 vc_col-md-3\/5&#8243;][vc_column_text]<\/p>\n<blockquote>\n<p style=\"text-align: center;\">In past few years, the company &#8220;Interfast&#8221; d.o.o. expanded the scope of its activities to the design and execution of construction works, which included:<\/p>\n<\/blockquote>\n<p>[\/vc_column_text][vc_column_text]<\/p>\n<ul>\n<li style=\"text-align: left;\">preparation of project-technical documentation<\/li>\n<li style=\"text-align: left;\">performing complete construction, construction-craft and hydraulic works<\/li>\n<li style=\"text-align: left;\">engineering and consulting for projects in the field construction<\/li>\n<li style=\"text-align: left;\">maintenance in constructed facilities<\/li>\n<\/ul>\n<p>[\/vc_column_text][vc_column_text]In addition to highly qualified electrical engineers (with licenses <strong>350<\/strong>, <strong>352<\/strong>, <strong>353<\/strong>, <strong>450<\/strong>, <strong>451,<\/strong> and <strong>453<\/strong>, as well as licenses for technical protection systems <strong>LT1<\/strong>, <strong>LT2,<\/strong> and <strong>LT3<\/strong>), architectural engineer (with licenses <strong>300<\/strong>, <strong>400<\/strong> and <strong>381<\/strong>).<\/p>\n<p>&#8220;Interfast&#8221; d.o.o. has civil engineers in its team (with licenses <strong>410<\/strong> and <strong>310<\/strong>).<\/p>\n<p>With a combination of our business and technical experience, complete knowledge of industry trends and markets, we are able to offer solutions, from design to complete execution.<\/p>\n<p>Our experts have participated in the design and implementation of many construction works, of which we single out:[\/vc_column_text][vc_column_text]<\/p>\n<ul>\n<li style=\"text-align: left;\">House of Culture, Despotovac<\/li>\n<li style=\"text-align: left;\">Municipal Administration Building, Despotovac<\/li>\n<li style=\"text-align: left;\">&#8220;Rada Miljkovi\u0107&#8221; Kindergarten, Despotovac<\/li>\n<li style=\"text-align: left;\">\u201cMilovan Gli\u0161i\u0107\u201d Library, Ljubovija<\/li>\n<li style=\"text-align: left;\">\u201cMay Flower\u201d Kindergarten, Veliko Gradi\u0161te<\/li>\n<li style=\"text-align: left;\">Public Library \u201cVuk Karad\u017ei\u0107\u201d, Veliko Gradi\u0161te<\/li>\n<li style=\"text-align: left;\">Robert Bosch Factory, \u0160imanovci<\/li>\n<li style=\"text-align: left;\">Interfast administrative building, Belgrade<\/li>\n<li style=\"text-align: left;\">Interfast production, Belgrade<\/li>\n<li style=\"text-align: left;\">Catering and recreation center T6 Limited, Belgrade<\/li>\n<li style=\"text-align: left;\">HVAC Team administrative building, Belgrade<\/li>\n<li style=\"text-align: left;\">Donji Dor\u0107ol, Belgrade<\/li>\n<li style=\"text-align: left;\">NCR complex, Block 42, New Belgrade<\/li>\n<li style=\"text-align: left;\">LIDL administrative building, Nova Pazova<\/li>\n<li style=\"text-align: left;\">Navigator 2<\/li>\n<li style=\"text-align: left;\">NCR<\/li>\n<\/ul>\n<p>[\/vc_column_text][\/vc_column][\/vc_row]<\/p>\n","protected":false},"excerpt":{"rendered":"<p>[vc_row][vc_column offset=&#8221;vc_col-lg-3\/5 vc_col-md-3\/5&#8243;][vc_column_text] In past few years, the company &#8220;Interfast&#8221; d.o.o. expanded the scope of its activities to the design and execution of construction works, which included: [\/vc_column_text][vc_column_text] preparation of project-technical documentation performing complete construction, construction-craft and hydraulic works engineering and consulting for projects in the field construction maintenance in constructed facilities [\/vc_column_text][vc_column_text]In addition to [&hellip;]<\/p>\n","protected":false},"author":1,"featured_media":0,"parent":863,"menu_order":40,"comment_status":"closed","ping_status":"closed","template":"","meta":{"footnotes":""},"class_list":["post-590","page","type-page","status-publish","hentry"],"yoast_head":"<!-- This site is optimized with the Yoast SEO plugin v27.2 - https:\/\/yoast.com\/product\/yoast-seo-wordpress\/ -->\n<title>Construction - Interfast d.o.o.<\/title>\n<meta name=\"robots\" content=\"index, follow, max-snippet:-1, max-image-preview:large, max-video-preview:-1\" \/>\n<link rel=\"canonical\" href=\"https:\/\/interfast.rs\/en\/activities\/construction\/\" \/>\n<meta property=\"og:locale\" content=\"en_US\" \/>\n<meta property=\"og:type\" content=\"article\" \/>\n<meta property=\"og:title\" content=\"Construction - Interfast d.o.o.\" \/>\n<meta property=\"og:description\" content=\"[vc_row][vc_column offset=&#8221;vc_col-lg-3\/5 vc_col-md-3\/5&#8243;][vc_column_text] In past few years, the company &#8220;Interfast&#8221; d.o.o. expanded the scope of its activities to the design and execution of construction works, which included: [\/vc_column_text][vc_column_text] preparation of project-technical documentation performing complete construction, construction-craft and hydraulic works engineering and consulting for projects in the field construction maintenance in constructed facilities [\/vc_column_text][vc_column_text]In addition to [&hellip;]\" \/>\n<meta property=\"og:url\" content=\"https:\/\/interfast.rs\/en\/activities\/construction\/\" \/>\n<meta property=\"og:site_name\" content=\"Interfast d.o.o.\" \/>\n<meta property=\"article:modified_time\" content=\"2020-07-28T10:13:52+00:00\" \/>\n<meta name=\"twitter:card\" content=\"summary_large_image\" \/>\n<meta name=\"twitter:label1\" content=\"Est. reading time\" \/>\n\t<meta name=\"twitter:data1\" content=\"1 minute\" \/>\n<script type=\"application\/ld+json\" class=\"yoast-schema-graph\">{\"@context\":\"https:\/\/schema.org\",\"@graph\":[{\"@type\":\"WebPage\",\"@id\":\"https:\/\/interfast.rs\/en\/activities\/construction\/\",\"url\":\"https:\/\/interfast.rs\/en\/activities\/construction\/\",\"name\":\"Construction - Interfast d.o.o.\",\"isPartOf\":{\"@id\":\"https:\/\/interfast.rs\/#website\"},\"datePublished\":\"2020-05-22T22:09:58+00:00\",\"dateModified\":\"2020-07-28T10:13:52+00:00\",\"breadcrumb\":{\"@id\":\"https:\/\/interfast.rs\/en\/activities\/construction\/#breadcrumb\"},\"inLanguage\":\"en-US\",\"potentialAction\":[{\"@type\":\"ReadAction\",\"target\":[\"https:\/\/interfast.rs\/en\/activities\/construction\/\"]}]},{\"@type\":\"BreadcrumbList\",\"@id\":\"https:\/\/interfast.rs\/en\/activities\/construction\/#breadcrumb\",\"itemListElement\":[{\"@type\":\"ListItem\",\"position\":1,\"name\":\"Home\",\"item\":\"https:\/\/interfast.rs\/en\/home\/\"},{\"@type\":\"ListItem\",\"position\":2,\"name\":\"Activities\",\"item\":\"https:\/\/interfast.rs\/en\/activities\/\"},{\"@type\":\"ListItem\",\"position\":3,\"name\":\"Construction\"}]},{\"@type\":\"WebSite\",\"@id\":\"https:\/\/interfast.rs\/#website\",\"url\":\"https:\/\/interfast.rs\/\",\"name\":\"Interfast d.o.o.\",\"description\":\"Projektovanje i izvo\u0111enje elektroradova u gra\u0111evinarstvu i gra\u0111evinskim radovima\",\"potentialAction\":[{\"@type\":\"SearchAction\",\"target\":{\"@type\":\"EntryPoint\",\"urlTemplate\":\"https:\/\/interfast.rs\/?s={search_term_string}\"},\"query-input\":{\"@type\":\"PropertyValueSpecification\",\"valueRequired\":true,\"valueName\":\"search_term_string\"}}],\"inLanguage\":\"en-US\"}]}<\/script>\n<!-- \/ Yoast SEO plugin. -->","yoast_head_json":{"title":"Construction - Interfast d.o.o.","robots":{"index":"index","follow":"follow","max-snippet":"max-snippet:-1","max-image-preview":"max-image-preview:large","max-video-preview":"max-video-preview:-1"},"canonical":"https:\/\/interfast.rs\/en\/activities\/construction\/","og_locale":"en_US","og_type":"article","og_title":"Construction - Interfast d.o.o.","og_description":"[vc_row][vc_column offset=&#8221;vc_col-lg-3\/5 vc_col-md-3\/5&#8243;][vc_column_text] In past few years, the company &#8220;Interfast&#8221; d.o.o. expanded the scope of its activities to the design and execution of construction works, which included: [\/vc_column_text][vc_column_text] preparation of project-technical documentation performing complete construction, construction-craft and hydraulic works engineering and consulting for projects in the field construction maintenance in constructed facilities [\/vc_column_text][vc_column_text]In addition to [&hellip;]","og_url":"https:\/\/interfast.rs\/en\/activities\/construction\/","og_site_name":"Interfast d.o.o.","article_modified_time":"2020-07-28T10:13:52+00:00","twitter_card":"summary_large_image","twitter_misc":{"Est. reading time":"1 minute"},"schema":{"@context":"https:\/\/schema.org","@graph":[{"@type":"WebPage","@id":"https:\/\/interfast.rs\/en\/activities\/construction\/","url":"https:\/\/interfast.rs\/en\/activities\/construction\/","name":"Construction - Interfast d.o.o.","isPartOf":{"@id":"https:\/\/interfast.rs\/#website"},"datePublished":"2020-05-22T22:09:58+00:00","dateModified":"2020-07-28T10:13:52+00:00","breadcrumb":{"@id":"https:\/\/interfast.rs\/en\/activities\/construction\/#breadcrumb"},"inLanguage":"en-US","potentialAction":[{"@type":"ReadAction","target":["https:\/\/interfast.rs\/en\/activities\/construction\/"]}]},{"@type":"BreadcrumbList","@id":"https:\/\/interfast.rs\/en\/activities\/construction\/#breadcrumb","itemListElement":[{"@type":"ListItem","position":1,"name":"Home","item":"https:\/\/interfast.rs\/en\/home\/"},{"@type":"ListItem","position":2,"name":"Activities","item":"https:\/\/interfast.rs\/en\/activities\/"},{"@type":"ListItem","position":3,"name":"Construction"}]},{"@type":"WebSite","@id":"https:\/\/interfast.rs\/#website","url":"https:\/\/interfast.rs\/","name":"Interfast d.o.o.","description":"Projektovanje i izvo\u0111enje elektroradova u gra\u0111evinarstvu i gra\u0111evinskim radovima","potentialAction":[{"@type":"SearchAction","target":{"@type":"EntryPoint","urlTemplate":"https:\/\/interfast.rs\/?s={search_term_string}"},"query-input":{"@type":"PropertyValueSpecification","valueRequired":true,"valueName":"search_term_string"}}],"inLanguage":"en-US"}]}},"_links":{"self":[{"href":"https:\/\/interfast.rs\/en\/wp-json\/wp\/v2\/pages\/590","targetHints":{"allow":["GET"]}}],"collection":[{"href":"https:\/\/interfast.rs\/en\/wp-json\/wp\/v2\/pages"}],"about":[{"href":"https:\/\/interfast.rs\/en\/wp-json\/wp\/v2\/types\/page"}],"author":[{"embeddable":true,"href":"https:\/\/interfast.rs\/en\/wp-json\/wp\/v2\/users\/1"}],"replies":[{"embeddable":true,"href":"https:\/\/interfast.rs\/en\/wp-json\/wp\/v2\/comments?post=590"}],"version-history":[{"count":3,"href":"https:\/\/interfast.rs\/en\/wp-json\/wp\/v2\/pages\/590\/revisions"}],"predecessor-version":[{"id":1267,"href":"https:\/\/interfast.rs\/en\/wp-json\/wp\/v2\/pages\/590\/revisions\/1267"}],"up":[{"embeddable":true,"href":"https:\/\/interfast.rs\/en\/wp-json\/wp\/v2\/pages\/863"}],"wp:attachment":[{"href":"https:\/\/interfast.rs\/en\/wp-json\/wp\/v2\/media?parent=590"}],"curies":[{"name":"wp","href":"https:\/\/api.w.org\/{rel}","templated":true}]}}