{"id":863,"date":"2020-05-26T10:52:07","date_gmt":"2020-05-26T08:52:07","guid":{"rendered":"https:\/\/interfast.rs\/delatnosti\/"},"modified":"2020-07-28T11:39:58","modified_gmt":"2020-07-28T09:39:58","slug":"activities","status":"publish","type":"page","link":"https:\/\/interfast.rs\/en\/activities\/","title":{"rendered":"Activities"},"content":{"rendered":"<p>[vc_row][vc_column offset=&#8221;vc_col-lg-3\/5 vc_col-md-3\/5&#8243;][vc_column_text]<\/p>\n<blockquote><p>The basic activity code of &#8220;Interfast&#8221; &#8211; <strong>4321<\/strong> &#8211; <strong>Installation of electrical installations<\/strong>, defines the primary activity of our company in the installation:<\/p><\/blockquote>\n<ul>\n<li>medium voltage plants<\/li>\n<li>substation<\/li>\n<li>electrical lines and connections<\/li>\n<li>telecommunication lines<\/li>\n<li>lines for computer network and cable television<\/li>\n<li>low current equipment<\/li>\n<li>lighting systems<\/li>\n<li>fire alarms<\/li>\n<li>burglar alarm systems<\/li>\n<li>street lighting and electrical signals<\/li>\n<li>lighting on airport runways<\/li>\n<\/ul>\n<p>Our activity includes delivery, installation, connection, testing and commissioning of complete electrical equipment.<\/p>\n<p>Engineers employed by &#8220;Interfast&#8221; have licenses from the <strong>Serbian Chamber of Engineers<\/strong>:<\/p>\n<ul>\n<li>350 &#8211; Responsible designer of low and medium voltage electrical installations<\/li>\n<li>353 &#8211; Responsible designer of telecommunication networks and systems<\/li>\n<li>352 &#8211; Responsible designer of electric motor drive control &#8211; automation, measurements and regulation<\/li>\n<li>450 &#8211; Responsible contractor for low and medium voltage electrical installations<\/li>\n<li>451 &#8211; Responsible contractor for high and medium voltage electrical installations &#8211; distribution plants and electricity transmission<\/li>\n<li>453 &#8211; Responsible contractor of telecommunication networks and systems<\/li>\n<\/ul>\n<blockquote><p>&#8220;Interfast&#8221; provides a <strong>complete service to clients<\/strong>, from the preparation of project documentation of strong and weak current, through the execution and supervision of works, and then the maintenance and servicing of electrical installations and equipment.<\/p><\/blockquote>\n<p>[\/vc_column_text][\/vc_column][\/vc_row]<\/p>\n","protected":false},"excerpt":{"rendered":"<p>[vc_row][vc_column offset=&#8221;vc_col-lg-3\/5 vc_col-md-3\/5&#8243;][vc_column_text] The basic activity code of &#8220;Interfast&#8221; &#8211; 4321 &#8211; Installation of electrical installations, defines the primary activity of our company in the installation: medium voltage plants substation electrical lines and connections telecommunication lines lines for computer network and cable television low current equipment lighting systems fire alarms burglar alarm systems street lighting [&hellip;]<\/p>\n","protected":false},"author":1,"featured_media":0,"parent":0,"menu_order":20,"comment_status":"closed","ping_status":"closed","template":"","meta":{"footnotes":""},"class_list":["post-863","page","type-page","status-publish","hentry"],"yoast_head":"<!-- This site is optimized with the Yoast SEO plugin v27.2 - https:\/\/yoast.com\/product\/yoast-seo-wordpress\/ -->\n<title>Activities - Interfast d.o.o.<\/title>\n<meta name=\"robots\" content=\"index, follow, max-snippet:-1, max-image-preview:large, max-video-preview:-1\" \/>\n<link rel=\"canonical\" href=\"https:\/\/interfast.rs\/en\/activities\/\" \/>\n<meta property=\"og:locale\" content=\"en_US\" \/>\n<meta property=\"og:type\" content=\"article\" \/>\n<meta property=\"og:title\" content=\"Activities - Interfast d.o.o.\" \/>\n<meta property=\"og:description\" content=\"[vc_row][vc_column offset=&#8221;vc_col-lg-3\/5 vc_col-md-3\/5&#8243;][vc_column_text] The basic activity code of &#8220;Interfast&#8221; &#8211; 4321 &#8211; Installation of electrical installations, defines the primary activity of our company in the installation: medium voltage plants substation electrical lines and connections telecommunication lines lines for computer network and cable television low current equipment lighting systems fire alarms burglar alarm systems street lighting [&hellip;]\" \/>\n<meta property=\"og:url\" content=\"https:\/\/interfast.rs\/en\/activities\/\" \/>\n<meta property=\"og:site_name\" content=\"Interfast d.o.o.\" \/>\n<meta property=\"article:modified_time\" content=\"2020-07-28T09:39:58+00:00\" \/>\n<meta name=\"twitter:card\" content=\"summary_large_image\" \/>\n<meta name=\"twitter:label1\" content=\"Est. reading time\" \/>\n\t<meta name=\"twitter:data1\" content=\"1 minute\" \/>\n<script type=\"application\/ld+json\" class=\"yoast-schema-graph\">{\"@context\":\"https:\/\/schema.org\",\"@graph\":[{\"@type\":\"WebPage\",\"@id\":\"https:\/\/interfast.rs\/en\/activities\/\",\"url\":\"https:\/\/interfast.rs\/en\/activities\/\",\"name\":\"Activities - Interfast d.o.o.\",\"isPartOf\":{\"@id\":\"https:\/\/interfast.rs\/#website\"},\"datePublished\":\"2020-05-26T08:52:07+00:00\",\"dateModified\":\"2020-07-28T09:39:58+00:00\",\"breadcrumb\":{\"@id\":\"https:\/\/interfast.rs\/en\/activities\/#breadcrumb\"},\"inLanguage\":\"en-US\",\"potentialAction\":[{\"@type\":\"ReadAction\",\"target\":[\"https:\/\/interfast.rs\/en\/activities\/\"]}]},{\"@type\":\"BreadcrumbList\",\"@id\":\"https:\/\/interfast.rs\/en\/activities\/#breadcrumb\",\"itemListElement\":[{\"@type\":\"ListItem\",\"position\":1,\"name\":\"Home\",\"item\":\"https:\/\/interfast.rs\/en\/home\/\"},{\"@type\":\"ListItem\",\"position\":2,\"name\":\"Activities\"}]},{\"@type\":\"WebSite\",\"@id\":\"https:\/\/interfast.rs\/#website\",\"url\":\"https:\/\/interfast.rs\/\",\"name\":\"Interfast d.o.o.\",\"description\":\"Projektovanje i izvo\u0111enje elektroradova u gra\u0111evinarstvu i gra\u0111evinskim radovima\",\"potentialAction\":[{\"@type\":\"SearchAction\",\"target\":{\"@type\":\"EntryPoint\",\"urlTemplate\":\"https:\/\/interfast.rs\/?s={search_term_string}\"},\"query-input\":{\"@type\":\"PropertyValueSpecification\",\"valueRequired\":true,\"valueName\":\"search_term_string\"}}],\"inLanguage\":\"en-US\"}]}<\/script>\n<!-- \/ Yoast SEO plugin. -->","yoast_head_json":{"title":"Activities - Interfast d.o.o.","robots":{"index":"index","follow":"follow","max-snippet":"max-snippet:-1","max-image-preview":"max-image-preview:large","max-video-preview":"max-video-preview:-1"},"canonical":"https:\/\/interfast.rs\/en\/activities\/","og_locale":"en_US","og_type":"article","og_title":"Activities - Interfast d.o.o.","og_description":"[vc_row][vc_column offset=&#8221;vc_col-lg-3\/5 vc_col-md-3\/5&#8243;][vc_column_text] The basic activity code of &#8220;Interfast&#8221; &#8211; 4321 &#8211; Installation of electrical installations, defines the primary activity of our company in the installation: medium voltage plants substation electrical lines and connections telecommunication lines lines for computer network and cable television low current equipment lighting systems fire alarms burglar alarm systems street lighting [&hellip;]","og_url":"https:\/\/interfast.rs\/en\/activities\/","og_site_name":"Interfast d.o.o.","article_modified_time":"2020-07-28T09:39:58+00:00","twitter_card":"summary_large_image","twitter_misc":{"Est. reading time":"1 minute"},"schema":{"@context":"https:\/\/schema.org","@graph":[{"@type":"WebPage","@id":"https:\/\/interfast.rs\/en\/activities\/","url":"https:\/\/interfast.rs\/en\/activities\/","name":"Activities - Interfast d.o.o.","isPartOf":{"@id":"https:\/\/interfast.rs\/#website"},"datePublished":"2020-05-26T08:52:07+00:00","dateModified":"2020-07-28T09:39:58+00:00","breadcrumb":{"@id":"https:\/\/interfast.rs\/en\/activities\/#breadcrumb"},"inLanguage":"en-US","potentialAction":[{"@type":"ReadAction","target":["https:\/\/interfast.rs\/en\/activities\/"]}]},{"@type":"BreadcrumbList","@id":"https:\/\/interfast.rs\/en\/activities\/#breadcrumb","itemListElement":[{"@type":"ListItem","position":1,"name":"Home","item":"https:\/\/interfast.rs\/en\/home\/"},{"@type":"ListItem","position":2,"name":"Activities"}]},{"@type":"WebSite","@id":"https:\/\/interfast.rs\/#website","url":"https:\/\/interfast.rs\/","name":"Interfast d.o.o.","description":"Projektovanje i izvo\u0111enje elektroradova u gra\u0111evinarstvu i gra\u0111evinskim radovima","potentialAction":[{"@type":"SearchAction","target":{"@type":"EntryPoint","urlTemplate":"https:\/\/interfast.rs\/?s={search_term_string}"},"query-input":{"@type":"PropertyValueSpecification","valueRequired":true,"valueName":"search_term_string"}}],"inLanguage":"en-US"}]}},"_links":{"self":[{"href":"https:\/\/interfast.rs\/en\/wp-json\/wp\/v2\/pages\/863","targetHints":{"allow":["GET"]}}],"collection":[{"href":"https:\/\/interfast.rs\/en\/wp-json\/wp\/v2\/pages"}],"about":[{"href":"https:\/\/interfast.rs\/en\/wp-json\/wp\/v2\/types\/page"}],"author":[{"embeddable":true,"href":"https:\/\/interfast.rs\/en\/wp-json\/wp\/v2\/users\/1"}],"replies":[{"embeddable":true,"href":"https:\/\/interfast.rs\/en\/wp-json\/wp\/v2\/comments?post=863"}],"version-history":[{"count":1,"href":"https:\/\/interfast.rs\/en\/wp-json\/wp\/v2\/pages\/863\/revisions"}],"predecessor-version":[{"id":1387,"href":"https:\/\/interfast.rs\/en\/wp-json\/wp\/v2\/pages\/863\/revisions\/1387"}],"wp:attachment":[{"href":"https:\/\/interfast.rs\/en\/wp-json\/wp\/v2\/media?parent=863"}],"curies":[{"name":"wp","href":"https:\/\/api.w.org\/{rel}","templated":true}]}}